{"id":809,"date":"2016-06-01T20:38:38","date_gmt":"2016-06-01T20:38:38","guid":{"rendered":"https:\/\/capri-matique.com\/client\/aprfae5\/?page_id=8"},"modified":"2023-02-15T12:23:02","modified_gmt":"2023-02-15T17:23:02","slug":"haute-yamaska","status":"publish","type":"page","link":"https:\/\/www.capri-matique.com\/client\/aprfae5\/avantages-et-rabais\/haute-yamaska\/","title":{"rendered":"Haute-Yamaska"},"content":{"rendered":"<section id=\"builder-section-1475004228493\" class=\"builder-section-first builder-section builder-section-panels builder-section-last accordion-mode\" style=\"background-size: cover; background-repeat: no-repeat;background-position: center center;\">\n<div class=\"builder-section-content\">\n<div class=\"ttfmp-accordion-container\" data-height-style=\"\"  data-start-collapsed=\"false\">\n<div id=\"ttfmp-panels-item-title-1475004228515\" class=\"ttfmp-panels-item-title\">\n\t<\/div>\n<div id=\"ttfmp-panels-item-content-1475004228515\" class=\"ttfmp-panels-item-content\">\n<p>HAUTE-YAMASKA<\/p>\n<p>Afin de b\u00e9n\u00e9ficier des rabais, assurez-vous d\u2019avoir toujours votre carte de membre de l\u2019APRFAE avec vous.<\/p>\n<p>1 SANT\u00c9 et BEAUT\u00c9 :<\/p>\n<p>\u00a0<\/p>\n<ul>\n<li style=\"list-style-type: none;\">\n<ul>\n<li style=\"text-align: justify;\">Audioproth\u00e9siste Nadia Pozzoli : 10% sur les produits d\u2019entretien et de nettoyage des proth\u00e8ses auditives. Test gratuit de d\u00e9pistage de votre audition. 712, rue Principale, Granby (\u00e0 c\u00f4t\u00e9 de l\u2019\u00c9conolodge) et 2 Adh\u00e9mar-Cusson, Bedford (\u00e0 c\u00f4t\u00e9 du CLSC) <a href=\"http:\/\/www.nadiapozzoliaudio.com\" target=\"_blank\" rel=\"noopener noreferrer\">www.nadiapozzoliaudio.com<\/a><\/li>\n<li style=\"text-align: justify;\">Esth\u00e9tique Isabelle Larivi\u00e8re : 15% de rabais sur les soins faciaux. 10% de rabais sur les soins des pieds et les produits pour les pieds. 47 rue des Milans, St-Paul d\u2019Abbotsford. (450) 533-3388. Mentionnez que vous faites partie de l\u2019APRFAE lors de la prise du 1er rendez-vous <a href=\"http:\/\/www.isabellelariviere.com\" target=\"_blank\" rel=\"noopener noreferrer\">www.isabellelariviere.com<\/a><\/li>\n<\/ul>\n<\/li>\n<\/ul>\n<p>2 MAGASINAGE :<\/p>\n<ul>\n<li style=\"list-style-type: none;\">\n<ul>\n<li>B\u00e9tonel-Dulux : 25% de rabais sur les peintures et vernis \u00e0 prix r\u00e9gulier.<br \/>Mentionnez le num\u00e9ro de l\u2019entente : 3129774<\/li>\n<li>Sp\u00e9cifiez qu\u2019il y a un espace entre APR et FAE (comme dans le logo de l\u2019association).<br \/>Valide dans tous les magasins B\u00e9tonel-Dulux du Qu\u00e9bec.<\/li>\n<li>Bijouterie D\u00e9ziel : 15% de rabais sur les articles \u00e0 prix r\u00e9gulier. 906, rue Principale, Granby. <a href=\"http:\/\/www.bijouteriedeziel.com\" target=\"_blank\" rel=\"noopener noreferrer\">www.bijouteriedeziel.com<\/a><\/li>\n<li>Boutique du Centre d&#8217;interpr\u00e9tation de la nature du lac Bivin : 10% de rabais sur tout.<\/li>\n<li>BureauPro Citation : 10% de rabais sur vos achats personnels \u00e0 prix r\u00e9gulier, tous les vendredis. Ce rabais ne s\u2019applique pas sur les cartes-cadeaux, livres, ordinateurs, tablettes, imprimantes et mobilier. 11, rue Simonds Nord, Granby (dans les Galeries de Granby) <a href=\"http:\/\/www.bureauprocitation.ca\" target=\"_blank\" rel=\"noopener noreferrer\">www.bureauprocitation.ca<\/a><\/li>\n<li>Centre de couture et d\u2019aspirateurs Martin : 10% de rabais sur tout achat de laine, accessoires de tricot et de couture ainsi que sur les accessoires d\u2019aspirateurs 77, rue Robinson sud, Granby. <a href=\"http:\/\/www.coutureaspirateursmartin.com\" target=\"_blank\" rel=\"noopener noreferrer\">www.coutureaspirateursmartin.com<\/a><\/li>\n<li>Chaussures Pop : 10% de rabais sur les chaussures, bottes, sandales et sacs \u00e0 main. 226, rue Saint-Jude Nord, Granby. <a href=\"http:\/\/www.chaussurespop.com\" target=\"_blank\" rel=\"noopener noreferrer\">www.chaussurespop.com<\/a><\/li>\n<li>Chocolaterie fleur de sel: <span style=\"color: #000000;\">10% de rabais sur tous les produits faits sur place. <\/span><span style=\"color: #000000;\">Ce rabais ne peut \u00eatre jumel\u00e9 \u00e0 aucune autre promotion. <\/span><span style=\"color: #000000;\">601, rue Principale, Granby.<br \/><\/span><a href=\"http:\/\/www.chocolateriefleurdesel.com\" target=\"_blank\" rel=\"noopener noreferrer\">www.chocolateriefleurdesel.com<\/a><\/li>\n<li>La Fabrique de Matelas : 10% de rabais \u00e0 l\u2019achat d\u2019un matelas, sommier, lit, lit \u00e9lectrique ou lit mural. 25% de rabais sur la literie \u00e0 l\u2019achat d\u2019un matelas. Un oreiller gratuit en substitut de duvet \u00e0 l\u2019achat d\u2019un matelas. 800, Rue Bernard, Granby. <a href=\"http:\/\/www.matelas.ca\" target=\"_blank\" rel=\"noopener noreferrer\">www.matelas.ca<\/a><\/li>\n<\/ul>\n<\/li>\n<\/ul>\n<p>3 RESTAURATION :<\/p>\n<ul>\n<li style=\"list-style-type: none;\">\n<ul>\n<li>Dame Tartine : 10% de rabais, du lundi au samedi (non valide les dimanches). 115, boulevard Bromont, Bromont. (450) 919-3060. <a href=\"http:\/\/www.dametartine.ca\" target=\"_blank\" rel=\"noopener noreferrer\">www.dametartine.ca<\/a><\/li>\n<li>Delicatessen Place Granby : 10% sur tous les repas, sauf sur les produits alcoolis\u00e9s. 302, rue Principale, Granby. (450) 378-3786. <a href=\"http:\/\/www.deliplacegranby.com\" target=\"_blank\" rel=\"noopener noreferrer\">www.deliplacegranby.com<\/a><\/li>\n<\/ul>\n<\/li>\n<\/ul>\n<\/div><\/div>\n<\/p><\/div>\n<\/section>\n","protected":false},"excerpt":{"rendered":"<p>HAUTE-YAMASKA Afin de b\u00e9n\u00e9ficier des rabais, assurez-vous d\u2019avoir toujours votre carte de membre de l\u2019APRFAE avec vous. 1 SANT\u00c9 et BEAUT\u00c9 : \u00a0 Audioproth\u00e9siste Nadia Pozzoli : 10% sur les produits d\u2019entretien et de nettoyage des proth\u00e8ses auditives. Test gratuit de d\u00e9pistage de votre audition. 712, rue Principale, Granby (\u00e0 c\u00f4t\u00e9 de l\u2019\u00c9conolodge) et 2 &hellip;<\/p>\n","protected":false},"author":2,"featured_media":0,"parent":794,"menu_order":0,"comment_status":"closed","ping_status":"closed","template":"template-builder.php","meta":{"footnotes":""},"class_list":["post-809","page","type-page","status-publish","hentry"],"yoast_head":"<!-- This site is optimized with the Yoast SEO plugin v17.3 - https:\/\/yoast.com\/wordpress\/plugins\/seo\/ -->\n<title>Haute-Yamaska - Association de personnes retrait\u00e9es de la FAE<\/title>\n<meta name=\"robots\" content=\"noindex, follow, max-snippet:-1, max-image-preview:large, max-video-preview:-1\" \/>\n<meta property=\"og:locale\" content=\"fr_FR\" \/>\n<meta property=\"og:type\" content=\"article\" \/>\n<meta property=\"og:title\" content=\"Haute-Yamaska - Association de personnes retrait\u00e9es de la FAE\" \/>\n<meta property=\"og:description\" content=\"HAUTE-YAMASKA Afin de b\u00e9n\u00e9ficier des rabais, assurez-vous d\u2019avoir toujours votre carte de membre de l\u2019APRFAE avec vous. 1 SANT\u00c9 et BEAUT\u00c9 : \u00a0 Audioproth\u00e9siste Nadia Pozzoli : 10% sur les produits d\u2019entretien et de nettoyage des proth\u00e8ses auditives. Test gratuit de d\u00e9pistage de votre audition. 712, rue Principale, Granby (\u00e0 c\u00f4t\u00e9 de l\u2019\u00c9conolodge) et 2 &hellip;\" \/>\n<meta property=\"og:url\" content=\"https:\/\/www.capri-matique.com\/client\/aprfae5\/avantages-et-rabais\/haute-yamaska\/\" \/>\n<meta property=\"og:site_name\" content=\"Association de personnes retrait\u00e9es de la FAE\" \/>\n<meta property=\"article:modified_time\" content=\"2023-02-15T17:23:02+00:00\" \/>\n<meta name=\"twitter:card\" content=\"summary\" \/>\n<meta name=\"twitter:label1\" content=\"Dur\u00e9e de lecture estim\u00e9e\" \/>\n\t<meta name=\"twitter:data1\" content=\"2 minutes\" \/>\n<script type=\"application\/ld+json\" class=\"yoast-schema-graph\">{\"@context\":\"https:\/\/schema.org\",\"@graph\":[{\"@type\":\"WebSite\",\"@id\":\"https:\/\/www.capri-matique.com\/client\/aprfae5\/#website\",\"url\":\"https:\/\/www.capri-matique.com\/client\/aprfae5\/\",\"name\":\"Association de personnes retrait\\u00e9es de la FAE\",\"description\":\"L&#039;association qui nous unit\",\"potentialAction\":[{\"@type\":\"SearchAction\",\"target\":{\"@type\":\"EntryPoint\",\"urlTemplate\":\"https:\/\/www.capri-matique.com\/client\/aprfae5\/?s={search_term_string}\"},\"query-input\":\"required name=search_term_string\"}],\"inLanguage\":\"fr-FR\"},{\"@type\":\"WebPage\",\"@id\":\"https:\/\/www.capri-matique.com\/client\/aprfae5\/avantages-et-rabais\/haute-yamaska\/#webpage\",\"url\":\"https:\/\/www.capri-matique.com\/client\/aprfae5\/avantages-et-rabais\/haute-yamaska\/\",\"name\":\"Haute-Yamaska - Association de personnes retrait\\u00e9es de la FAE\",\"isPartOf\":{\"@id\":\"https:\/\/www.capri-matique.com\/client\/aprfae5\/#website\"},\"datePublished\":\"2016-06-01T20:38:38+00:00\",\"dateModified\":\"2023-02-15T17:23:02+00:00\",\"breadcrumb\":{\"@id\":\"https:\/\/www.capri-matique.com\/client\/aprfae5\/avantages-et-rabais\/haute-yamaska\/#breadcrumb\"},\"inLanguage\":\"fr-FR\",\"potentialAction\":[{\"@type\":\"ReadAction\",\"target\":[\"https:\/\/www.capri-matique.com\/client\/aprfae5\/avantages-et-rabais\/haute-yamaska\/\"]}]},{\"@type\":\"BreadcrumbList\",\"@id\":\"https:\/\/www.capri-matique.com\/client\/aprfae5\/avantages-et-rabais\/haute-yamaska\/#breadcrumb\",\"itemListElement\":[{\"@type\":\"ListItem\",\"position\":1,\"name\":\"Accueil\",\"item\":\"https:\/\/www.capri-matique.com\/client\/aprfae5\/\"},{\"@type\":\"ListItem\",\"position\":2,\"name\":\"Avantages et rabais\",\"item\":\"https:\/\/www.capri-matique.com\/client\/aprfae5\/avantages-et-rabais\/\"},{\"@type\":\"ListItem\",\"position\":3,\"name\":\"Haute-Yamaska\"}]}]}<\/script>\n<!-- \/ Yoast SEO plugin. -->","yoast_head_json":{"title":"Haute-Yamaska - Association de personnes retrait\u00e9es de la FAE","robots":{"index":"noindex","follow":"follow","max-snippet":"max-snippet:-1","max-image-preview":"max-image-preview:large","max-video-preview":"max-video-preview:-1"},"og_locale":"fr_FR","og_type":"article","og_title":"Haute-Yamaska - Association de personnes retrait\u00e9es de la FAE","og_description":"HAUTE-YAMASKA Afin de b\u00e9n\u00e9ficier des rabais, assurez-vous d\u2019avoir toujours votre carte de membre de l\u2019APRFAE avec vous. 1 SANT\u00c9 et BEAUT\u00c9 : \u00a0 Audioproth\u00e9siste Nadia Pozzoli : 10% sur les produits d\u2019entretien et de nettoyage des proth\u00e8ses auditives. Test gratuit de d\u00e9pistage de votre audition. 712, rue Principale, Granby (\u00e0 c\u00f4t\u00e9 de l\u2019\u00c9conolodge) et 2 &hellip;","og_url":"https:\/\/www.capri-matique.com\/client\/aprfae5\/avantages-et-rabais\/haute-yamaska\/","og_site_name":"Association de personnes retrait\u00e9es de la FAE","article_modified_time":"2023-02-15T17:23:02+00:00","twitter_card":"summary","twitter_misc":{"Dur\u00e9e de lecture estim\u00e9e":"2 minutes"},"schema":{"@context":"https:\/\/schema.org","@graph":[{"@type":"WebSite","@id":"https:\/\/www.capri-matique.com\/client\/aprfae5\/#website","url":"https:\/\/www.capri-matique.com\/client\/aprfae5\/","name":"Association de personnes retrait\u00e9es de la FAE","description":"L&#039;association qui nous unit","potentialAction":[{"@type":"SearchAction","target":{"@type":"EntryPoint","urlTemplate":"https:\/\/www.capri-matique.com\/client\/aprfae5\/?s={search_term_string}"},"query-input":"required name=search_term_string"}],"inLanguage":"fr-FR"},{"@type":"WebPage","@id":"https:\/\/www.capri-matique.com\/client\/aprfae5\/avantages-et-rabais\/haute-yamaska\/#webpage","url":"https:\/\/www.capri-matique.com\/client\/aprfae5\/avantages-et-rabais\/haute-yamaska\/","name":"Haute-Yamaska - Association de personnes retrait\u00e9es de la FAE","isPartOf":{"@id":"https:\/\/www.capri-matique.com\/client\/aprfae5\/#website"},"datePublished":"2016-06-01T20:38:38+00:00","dateModified":"2023-02-15T17:23:02+00:00","breadcrumb":{"@id":"https:\/\/www.capri-matique.com\/client\/aprfae5\/avantages-et-rabais\/haute-yamaska\/#breadcrumb"},"inLanguage":"fr-FR","potentialAction":[{"@type":"ReadAction","target":["https:\/\/www.capri-matique.com\/client\/aprfae5\/avantages-et-rabais\/haute-yamaska\/"]}]},{"@type":"BreadcrumbList","@id":"https:\/\/www.capri-matique.com\/client\/aprfae5\/avantages-et-rabais\/haute-yamaska\/#breadcrumb","itemListElement":[{"@type":"ListItem","position":1,"name":"Accueil","item":"https:\/\/www.capri-matique.com\/client\/aprfae5\/"},{"@type":"ListItem","position":2,"name":"Avantages et rabais","item":"https:\/\/www.capri-matique.com\/client\/aprfae5\/avantages-et-rabais\/"},{"@type":"ListItem","position":3,"name":"Haute-Yamaska"}]}]}},"_links":{"self":[{"href":"https:\/\/www.capri-matique.com\/client\/aprfae5\/wp-json\/wp\/v2\/pages\/809","targetHints":{"allow":["GET"]}}],"collection":[{"href":"https:\/\/www.capri-matique.com\/client\/aprfae5\/wp-json\/wp\/v2\/pages"}],"about":[{"href":"https:\/\/www.capri-matique.com\/client\/aprfae5\/wp-json\/wp\/v2\/types\/page"}],"author":[{"embeddable":true,"href":"https:\/\/www.capri-matique.com\/client\/aprfae5\/wp-json\/wp\/v2\/users\/2"}],"replies":[{"embeddable":true,"href":"https:\/\/www.capri-matique.com\/client\/aprfae5\/wp-json\/wp\/v2\/comments?post=809"}],"version-history":[{"count":77,"href":"https:\/\/www.capri-matique.com\/client\/aprfae5\/wp-json\/wp\/v2\/pages\/809\/revisions"}],"predecessor-version":[{"id":8258,"href":"https:\/\/www.capri-matique.com\/client\/aprfae5\/wp-json\/wp\/v2\/pages\/809\/revisions\/8258"}],"up":[{"embeddable":true,"href":"https:\/\/www.capri-matique.com\/client\/aprfae5\/wp-json\/wp\/v2\/pages\/794"}],"wp:attachment":[{"href":"https:\/\/www.capri-matique.com\/client\/aprfae5\/wp-json\/wp\/v2\/media?parent=809"}],"curies":[{"name":"wp","href":"https:\/\/api.w.org\/{rel}","templated":true}]}}