{"id":808,"date":"2016-06-01T20:38:38","date_gmt":"2016-06-01T20:38:38","guid":{"rendered":"https:\/\/capri-matique.com\/client\/aprfae5\/?page_id=8"},"modified":"2020-04-09T10:07:42","modified_gmt":"2020-04-09T14:07:42","slug":"partout-au-quebec","status":"publish","type":"page","link":"https:\/\/www.capri-matique.com\/client\/aprfae5\/avantages-et-rabais\/partout-au-quebec\/","title":{"rendered":"Rabais multi-r\u00e9gions"},"content":{"rendered":"<section id=\"builder-section-1475004228493\" class=\"builder-section-first builder-section builder-section-panels builder-section-last accordion-mode\" style=\"background-size: cover; background-repeat: no-repeat;background-position: center center;\">\n<div class=\"builder-section-content\">\n<div class=\"ttfmp-accordion-container\" data-height-style=\"\"  data-start-collapsed=\"false\">\n<div id=\"ttfmp-panels-item-title-1475004228515\" class=\"ttfmp-panels-item-title\">\n\t<\/div>\n<div id=\"ttfmp-panels-item-content-1475004228515\" class=\"ttfmp-panels-item-content\">\n<p>Rabais multi-r\u00e9gions<\/p>\n<p>ASSURANCES<br \/><a href=\"https:\/\/www.lacapitale.com\/fr\/particuliers\/assurances\/assurance-collective\/informations-assures\/apr-fae\" target=\"_blank\" rel=\"noopener noreferrer\">La Capitale<\/a> offre des rabais exclusifs aux membres.<br \/><a href=\"https:\/\/www.securiglobe.com\/fr\/\" target=\"_blank\" rel=\"noopener noreferrer\">S\u00e9curiGlobe<\/a> offre des rabais exclusifs aux membres.<\/p>\n<p style=\"text-align: justify;\">DIVERTISSEMENT :<br \/>La grande majorit\u00e9 des attraits touristiques et complexes de loisirs offrent un tarif \u00e0 prix r\u00e9duit pour les a\u00een\u00e9s (l\u2019\u00e2ge varie d\u2019un lieu \u00e0 l\u2019autre). Les taxes ne sont pas toujours incluses dans les tarifs pr\u00e9sent\u00e9s et des frais de service peuvent s&#8217;ajouter. N\u2019h\u00e9sitez pas \u00e0 vous pr\u00e9valoir de ces rabais en mentionnant votre \u00e2ge \u00e0 la billetterie. Il faut toujours avoir une preuve d\u2019identit\u00e9 sur laquelle votre date de naissance est clairement indiqu\u00e9e.<\/p>\n<p style=\"text-align: justify;\"><strong>Art et loisirs<\/strong><br \/>\u2022 Mus\u00e9e des Beaux-Arts de Montr\u00e9al : prix d\u2019entr\u00e9e \u00e0 24 $ pour les grandes expositions. De plus, toutes les collections et expositions-d\u00e9couvertes sont gratuites les jeudis pour les 65 ans et plus.<br \/>\u2022 Mus\u00e9e d\u2019Art contemporain de Montr\u00e9al, rabais de 3 $, (60+).<br \/>\u2022 Mus\u00e9e des Beaux-Arts de Qu\u00e9bec : rabais de 2 $, (65+).<br \/>\u2022 Mus\u00e9es \u00e0 travers le Canada : rabais variables, (65+). Consultez les sites WEB.<br \/>\u2022 Mus\u00e9e de la civilisation (Qu\u00e9bec) : rabais de 3$ avec abonnement annuel, (ain\u00e9s).<br \/>\u2022 Mus\u00e9e Stewart (Montr\u00e9al) : rabais de 2 $, (65+).<br \/>\u2022 Mus\u00e9e Grevin (Montr\u00e9al) : rabais de 1,75 $, (65+).<br \/>\u2022 Compagnie Jean Duceppe : rabais de 3 $, (65+).<br \/>\u2022 Th\u00e9\u00e2tre Trident (Qu\u00e9bec) : rabais de 6 $ sur l\u2019abonnement, (65+).<br \/>\u2022 Espace pour la vie (Biod\u00f4me et insectarium ferm\u00e9s temporairement, Jardin botanique, plan\u00e9tarium) : rabais de 1,00 $, (65+).<br \/>\u2022 Pointe-\u00e0-Calli\u00e8re : rabais de 1,75 $, (65+) mardis a\u00een\u00e9s : rabais de 5,57 $<br \/>\u2022 Mus\u00e9e McCord : rabais de 2 $, (65+).<br \/>\u2022 Centre des sciences Montr\u00e9al : rabais de 2 $, (65+)<br \/>\u2022 Ch\u00e2teau Ramezay : rabais de 1 $, (65+)<br \/>\u2022 Centre Canadien d\u2019Architecture : rabais de 3 $, (65+)<br \/>\u2022 Centre d\u2019histoire de Montr\u00e9al : rabais de 2.50 $ (65+)<\/p>\n<p style=\"text-align: justify;\"><strong>Sport<\/strong><br \/>\u00c9nergie cardio : rabais jusqu\u2019\u00e0 65 $ sur abonnement, (65+)<br \/>YMCA : rabais de 15 % sur abonnement d\u2019un an, (60+).<\/p>\n<p style=\"text-align: justify;\">MAGASINAGE:<\/p>\n<p style=\"text-align: justify;\"><strong>Coupons rabais:<\/strong><br \/><a href=\"https:\/\/www.onmagasine.ca\/\" target=\"_blank\" rel=\"noopener noreferrer\">On magasine<\/a>, <a href=\"https:\/\/rabaisaines.com\/\" target=\"_blank\" rel=\"noopener noreferrer\">Rabais ain\u00e9s<\/a>.<\/p>\n<p style=\"text-align: justify;\"><strong>Grandes surfaces, franchises:<\/strong><br \/>\u00c0 noter que certains produits sont exclus de ces offres. Pour conna\u00eetre les biens pour lesquels ces rabais ne sont pas applicables, v\u00e9rifiez la liste aux diff\u00e9rents comptoirs de services.<br \/>Archambault: rabais de 10 % sur le prix des livres r\u00e9guliers, le lundi, (60+).<br \/>ARES cuisine: rabais de 10% le mercredi (60+).<br \/>B\u00e9tonel-Dulux : 25% de rabais sur les peintures et vernis \u00e0 prix r\u00e9gulier.<br \/>Mentionnez le num\u00e9ro de l\u2019entente : 3129774<br \/>Sp\u00e9cifiez qu\u2019il y a un espace entre APR et FAE (comme dans le logo de l\u2019association).<br \/>Valide dans tous les magasins B\u00e9tonel-Dulux du Qu\u00e9bec.<br \/>La Baie: rabais de 15 %, le premier mardi du mois, (60+).<br \/>Laura Secord: rabais de15 % sur prix r\u00e9guliers, le premier lundi du mois, (55+).<br \/>Magasin Hart : rabais de 15 % sur les prix r\u00e9guliers, le premier lundi du mois, (55+).<br \/>Michaels, rabais de 10 %, (55+).<br \/>Renaud Bray : rabais de 10 %, le mercredi, (65+).<br \/>R\u00e9no-D\u00e9p\u00f4t : rabais de 15 % sur les prix r\u00e9guliers, le premier mardi du mois (50+).<br \/>Rossy: rabais de 10%, le mardi (60+).<br \/>Tigre G\u00e9ant: rabais de 10%, le premier lundi du mois (65+).<br \/>Village des valeurs : rabais de 30 %, le mardi, (60+).<\/p>\n<p style=\"text-align: justify;\">RESTAURANTS :<br \/>Plusieurs restaurants (surtout les buffets chinois) offrent des rabais aux personnes ain\u00e9es, il suffit de demander.<br \/>Rabais variable, avec la carte Mc D\u2019or (60+).<br \/>R\u00f4tisseries S-Hubert : rabais de 10%, (ain\u00e9s), variable selon r\u00f4tisseries.<\/p>\n<p style=\"text-align: justify;\">VOYAGES :<br \/><strong>H\u00f4tels<\/strong><br \/>Marriott: rabais de 15 %, (62+)<br \/>Radisson: rabais variable (60+)<br \/>Travelodge: rabais variable selon les h\u00f4tels, (60+)<br \/>Choice Hotels: 10 % rabais dans cette cha\u00eene d\u2019h\u00f4tels am\u00e9ricaine (inclus: Clarion, Comfort Inn, Comfort Suites, Quality, Sleep Inn, \u00c9cono Lodge, MainStay Suites, Rodeway Inn), (60+)<br \/>Days Inn: rabais selon les h\u00f4tels, (60+)<br \/>Des Gouverneurs : rabais de 18 %, (65+). Certaines conditions \u00e0 v\u00e9rifier.<br \/>Hilton: rabais variables, (60+).<br \/>Howard Johnson: rabais variables, (60+).<br \/>Best Western: rabais de10 %, (55+), si membre de AARP\/CARP.<br \/>Sandman: rabais non pr\u00e9cis\u00e9, (55+).<br \/>Fairmount : tarif r\u00e9duit, (55+), si membre de AARP\/CARP.<br \/>Wyndham Hotels and Resort : rabais de 20 %, (65+) si membre CARP.<br \/>Le Chanteclerc : rabais de 10 %, (65+). Certaines conditions \u00e0 v\u00e9rifier.<br \/>Clarion (Qu\u00e9bec) : rabais variable, (60+).<br \/><strong>Transports<\/strong><br \/>Autocar Greyhound: rabais de 10 %, (62+).<br \/>Via Rail: rabais de 10 %, (60+).<br \/>STM : rabais de 40 %, (65+).<br \/>Air Canada : rabais de 10 % sur tarif de base (avant taxes), (60+).<br \/>STL : gratuit sur l\u2019\u00cele J\u00e9sus (sauf m\u00e9tro et train), (65+).<br \/>RTL (Longueil) : gratuit sauf en p\u00e9riode de pointe sinon rabais de 40 %, (65+).<br \/>RTC (Qu\u00e9bec) : rabais de 50 %, (65+).<br \/>Hertz : rabais jusqu\u2019\u00e0 25 %, (65+), si membre CARP.<br \/>Royal Caribbean (800-762-0585), Carnival Cruises (888 227-6482) et Celebrity cruises (800 647-2251) : rabais variables, (55+).<br \/>Orl\u00e9ans Express : rabais de 15 %, (60+).<br \/><strong>Lieux de vill\u00e9giature<\/strong><br \/>Parcs Canada: rabais de 25 % sur le prix d\u2019entr\u00e9e de tous les sites de Parc Canada, (65+).<\/p>\n<p style=\"text-align: justify;\">BANQUES :<br \/>Banque Royale : Compte bancaire sans frais, (60+).<br \/>Caisses Desjardins : Compte Service Reconnaissance Desjardins, (60+).<br \/>Banque Scotia : Compte sans frais, (60+).<br \/>CIBC : Programme d\u2019avantage CIBC, (60+).<br \/>TD : Compte bancaire sp\u00e9cial, (60+).<br \/>BMO : Compte bancaire sp\u00e9cial, (60+)<\/p>\n<p style=\"text-align: justify;\">SANT\u00c9 :<br \/><strong>Pharmacies<\/strong><br \/>Familiprix: certaines succursales participantes offrent un rabais de 10%, sur les prix r\u00e9guliers. (55+). Certaines conditions peuvent s&#8217;appliquer.<br \/>Pharmaprix: rabais de 10% en tout temps et de 20% les jeudis (65+)<br \/>Jean Coutu: rabais de 10 % sur prix r\u00e9guliers, le mercredi, (65+)<br \/>Brunet : 20 %, d\u00e8s 60 ans, avec la carte-privil\u00e8ge<br \/>Uniprix : rabais de 10 %, (60+). Variable selon les pharmacies.<\/p>\n<p><strong>Alimentation<\/strong><br \/>Bulk Barn: rabais de 10 % sur prix r\u00e9guliers, le mercredi, (65+),<br \/>Les Aliments M&amp;M: rabais de 5 % sur tous les achats et 10 % sur les achats de plus de 30 $ le mardi, (60+).<br \/>TAU, alimentation naturelle, rabais de 10 % du lundi au mercredi, (60+)<br \/>Autres<br \/>Abonnement gratuit au Magazine Lobe<\/p>\n<p>SERVICES<br \/>D\u00e9m\u00e9nagement CA : rabais de 10%, (a\u00een\u00e9s).<br \/>H&amp;R Block : rabais de 10%, (65+).<\/p>\n<\/div><\/div>\n<\/p><\/div>\n<\/section>\n","protected":false},"excerpt":{"rendered":"<p>Rabais multi-r\u00e9gions ASSURANCESLa Capitale offre des rabais exclusifs aux membres.S\u00e9curiGlobe offre des rabais exclusifs aux membres. DIVERTISSEMENT :La grande majorit\u00e9 des attraits touristiques et complexes de loisirs offrent un tarif \u00e0 prix r\u00e9duit pour les a\u00een\u00e9s (l\u2019\u00e2ge varie d\u2019un lieu \u00e0 l\u2019autre). Les taxes ne sont pas toujours incluses dans les tarifs pr\u00e9sent\u00e9s et des &hellip;<\/p>\n","protected":false},"author":2,"featured_media":0,"parent":794,"menu_order":0,"comment_status":"closed","ping_status":"closed","template":"template-builder.php","meta":{"footnotes":""},"class_list":["post-808","page","type-page","status-publish","hentry"],"yoast_head":"<!-- This site is optimized with the Yoast SEO plugin v17.3 - https:\/\/yoast.com\/wordpress\/plugins\/seo\/ -->\n<title>Rabais multi-r\u00e9gions - Association de personnes retrait\u00e9es de la FAE<\/title>\n<meta name=\"robots\" content=\"noindex, follow, max-snippet:-1, max-image-preview:large, max-video-preview:-1\" \/>\n<meta property=\"og:locale\" content=\"fr_FR\" \/>\n<meta property=\"og:type\" content=\"article\" \/>\n<meta property=\"og:title\" content=\"Rabais multi-r\u00e9gions - Association de personnes retrait\u00e9es de la FAE\" \/>\n<meta property=\"og:description\" content=\"Rabais multi-r\u00e9gions ASSURANCESLa Capitale offre des rabais exclusifs aux membres.S\u00e9curiGlobe offre des rabais exclusifs aux membres. DIVERTISSEMENT :La grande majorit\u00e9 des attraits touristiques et complexes de loisirs offrent un tarif \u00e0 prix r\u00e9duit pour les a\u00een\u00e9s (l\u2019\u00e2ge varie d\u2019un lieu \u00e0 l\u2019autre). Les taxes ne sont pas toujours incluses dans les tarifs pr\u00e9sent\u00e9s et des &hellip;\" \/>\n<meta property=\"og:url\" content=\"https:\/\/www.capri-matique.com\/client\/aprfae5\/avantages-et-rabais\/partout-au-quebec\/\" \/>\n<meta property=\"og:site_name\" content=\"Association de personnes retrait\u00e9es de la FAE\" \/>\n<meta property=\"article:modified_time\" content=\"2020-04-09T14:07:42+00:00\" \/>\n<meta name=\"twitter:card\" content=\"summary\" \/>\n<meta name=\"twitter:label1\" content=\"Dur\u00e9e de lecture estim\u00e9e\" \/>\n\t<meta name=\"twitter:data1\" content=\"4 minutes\" \/>\n<script type=\"application\/ld+json\" class=\"yoast-schema-graph\">{\"@context\":\"https:\/\/schema.org\",\"@graph\":[{\"@type\":\"WebSite\",\"@id\":\"https:\/\/www.capri-matique.com\/client\/aprfae5\/#website\",\"url\":\"https:\/\/www.capri-matique.com\/client\/aprfae5\/\",\"name\":\"Association de personnes retrait\\u00e9es de la FAE\",\"description\":\"L&#039;association qui nous unit\",\"potentialAction\":[{\"@type\":\"SearchAction\",\"target\":{\"@type\":\"EntryPoint\",\"urlTemplate\":\"https:\/\/www.capri-matique.com\/client\/aprfae5\/?s={search_term_string}\"},\"query-input\":\"required name=search_term_string\"}],\"inLanguage\":\"fr-FR\"},{\"@type\":\"WebPage\",\"@id\":\"https:\/\/www.capri-matique.com\/client\/aprfae5\/avantages-et-rabais\/partout-au-quebec\/#webpage\",\"url\":\"https:\/\/www.capri-matique.com\/client\/aprfae5\/avantages-et-rabais\/partout-au-quebec\/\",\"name\":\"Rabais multi-r\\u00e9gions - Association de personnes retrait\\u00e9es de la FAE\",\"isPartOf\":{\"@id\":\"https:\/\/www.capri-matique.com\/client\/aprfae5\/#website\"},\"datePublished\":\"2016-06-01T20:38:38+00:00\",\"dateModified\":\"2020-04-09T14:07:42+00:00\",\"breadcrumb\":{\"@id\":\"https:\/\/www.capri-matique.com\/client\/aprfae5\/avantages-et-rabais\/partout-au-quebec\/#breadcrumb\"},\"inLanguage\":\"fr-FR\",\"potentialAction\":[{\"@type\":\"ReadAction\",\"target\":[\"https:\/\/www.capri-matique.com\/client\/aprfae5\/avantages-et-rabais\/partout-au-quebec\/\"]}]},{\"@type\":\"BreadcrumbList\",\"@id\":\"https:\/\/www.capri-matique.com\/client\/aprfae5\/avantages-et-rabais\/partout-au-quebec\/#breadcrumb\",\"itemListElement\":[{\"@type\":\"ListItem\",\"position\":1,\"name\":\"Accueil\",\"item\":\"https:\/\/www.capri-matique.com\/client\/aprfae5\/\"},{\"@type\":\"ListItem\",\"position\":2,\"name\":\"Avantages et rabais\",\"item\":\"https:\/\/www.capri-matique.com\/client\/aprfae5\/avantages-et-rabais\/\"},{\"@type\":\"ListItem\",\"position\":3,\"name\":\"Rabais multi-r\\u00e9gions\"}]}]}<\/script>\n<!-- \/ Yoast SEO plugin. -->","yoast_head_json":{"title":"Rabais multi-r\u00e9gions - Association de personnes retrait\u00e9es de la FAE","robots":{"index":"noindex","follow":"follow","max-snippet":"max-snippet:-1","max-image-preview":"max-image-preview:large","max-video-preview":"max-video-preview:-1"},"og_locale":"fr_FR","og_type":"article","og_title":"Rabais multi-r\u00e9gions - Association de personnes retrait\u00e9es de la FAE","og_description":"Rabais multi-r\u00e9gions ASSURANCESLa Capitale offre des rabais exclusifs aux membres.S\u00e9curiGlobe offre des rabais exclusifs aux membres. DIVERTISSEMENT :La grande majorit\u00e9 des attraits touristiques et complexes de loisirs offrent un tarif \u00e0 prix r\u00e9duit pour les a\u00een\u00e9s (l\u2019\u00e2ge varie d\u2019un lieu \u00e0 l\u2019autre). Les taxes ne sont pas toujours incluses dans les tarifs pr\u00e9sent\u00e9s et des &hellip;","og_url":"https:\/\/www.capri-matique.com\/client\/aprfae5\/avantages-et-rabais\/partout-au-quebec\/","og_site_name":"Association de personnes retrait\u00e9es de la FAE","article_modified_time":"2020-04-09T14:07:42+00:00","twitter_card":"summary","twitter_misc":{"Dur\u00e9e de lecture estim\u00e9e":"4 minutes"},"schema":{"@context":"https:\/\/schema.org","@graph":[{"@type":"WebSite","@id":"https:\/\/www.capri-matique.com\/client\/aprfae5\/#website","url":"https:\/\/www.capri-matique.com\/client\/aprfae5\/","name":"Association de personnes retrait\u00e9es de la FAE","description":"L&#039;association qui nous unit","potentialAction":[{"@type":"SearchAction","target":{"@type":"EntryPoint","urlTemplate":"https:\/\/www.capri-matique.com\/client\/aprfae5\/?s={search_term_string}"},"query-input":"required name=search_term_string"}],"inLanguage":"fr-FR"},{"@type":"WebPage","@id":"https:\/\/www.capri-matique.com\/client\/aprfae5\/avantages-et-rabais\/partout-au-quebec\/#webpage","url":"https:\/\/www.capri-matique.com\/client\/aprfae5\/avantages-et-rabais\/partout-au-quebec\/","name":"Rabais multi-r\u00e9gions - Association de personnes retrait\u00e9es de la FAE","isPartOf":{"@id":"https:\/\/www.capri-matique.com\/client\/aprfae5\/#website"},"datePublished":"2016-06-01T20:38:38+00:00","dateModified":"2020-04-09T14:07:42+00:00","breadcrumb":{"@id":"https:\/\/www.capri-matique.com\/client\/aprfae5\/avantages-et-rabais\/partout-au-quebec\/#breadcrumb"},"inLanguage":"fr-FR","potentialAction":[{"@type":"ReadAction","target":["https:\/\/www.capri-matique.com\/client\/aprfae5\/avantages-et-rabais\/partout-au-quebec\/"]}]},{"@type":"BreadcrumbList","@id":"https:\/\/www.capri-matique.com\/client\/aprfae5\/avantages-et-rabais\/partout-au-quebec\/#breadcrumb","itemListElement":[{"@type":"ListItem","position":1,"name":"Accueil","item":"https:\/\/www.capri-matique.com\/client\/aprfae5\/"},{"@type":"ListItem","position":2,"name":"Avantages et rabais","item":"https:\/\/www.capri-matique.com\/client\/aprfae5\/avantages-et-rabais\/"},{"@type":"ListItem","position":3,"name":"Rabais multi-r\u00e9gions"}]}]}},"_links":{"self":[{"href":"https:\/\/www.capri-matique.com\/client\/aprfae5\/wp-json\/wp\/v2\/pages\/808","targetHints":{"allow":["GET"]}}],"collection":[{"href":"https:\/\/www.capri-matique.com\/client\/aprfae5\/wp-json\/wp\/v2\/pages"}],"about":[{"href":"https:\/\/www.capri-matique.com\/client\/aprfae5\/wp-json\/wp\/v2\/types\/page"}],"author":[{"embeddable":true,"href":"https:\/\/www.capri-matique.com\/client\/aprfae5\/wp-json\/wp\/v2\/users\/2"}],"replies":[{"embeddable":true,"href":"https:\/\/www.capri-matique.com\/client\/aprfae5\/wp-json\/wp\/v2\/comments?post=808"}],"version-history":[{"count":52,"href":"https:\/\/www.capri-matique.com\/client\/aprfae5\/wp-json\/wp\/v2\/pages\/808\/revisions"}],"predecessor-version":[{"id":6081,"href":"https:\/\/www.capri-matique.com\/client\/aprfae5\/wp-json\/wp\/v2\/pages\/808\/revisions\/6081"}],"up":[{"embeddable":true,"href":"https:\/\/www.capri-matique.com\/client\/aprfae5\/wp-json\/wp\/v2\/pages\/794"}],"wp:attachment":[{"href":"https:\/\/www.capri-matique.com\/client\/aprfae5\/wp-json\/wp\/v2\/media?parent=808"}],"curies":[{"name":"wp","href":"https:\/\/api.w.org\/{rel}","templated":true}]}}