{"id":6059,"date":"2020-04-06T23:33:50","date_gmt":"2020-04-07T03:33:50","guid":{"rendered":"https:\/\/capri-matique.com\/client\/aprfae5\/?page_id=6059"},"modified":"2021-01-22T09:53:35","modified_gmt":"2021-01-22T14:53:35","slug":"assurances","status":"publish","type":"page","link":"https:\/\/www.capri-matique.com\/client\/aprfae5\/assurances\/","title":{"rendered":"Assurances"},"content":{"rendered":"<section id=\"builder-section-1475010671909\" class=\"builder-section-first builder-section builder-section-panels builder-section-next-banner parallax accordion-mode\" style=\"background-size: cover; background-repeat: no-repeat;background-position: center center;\">\n<div class=\"builder-section-content\">\n<div class=\"ttfmp-accordion-container\" data-height-style=\"\"  data-start-collapsed=\"false\">\n<div id=\"ttfmp-panels-item-title-1475010671919\" class=\"ttfmp-panels-item-title\">\n\t<\/div>\n<div id=\"ttfmp-panels-item-content-1475010671919\" class=\"ttfmp-panels-item-content\">\n<div id=\"ttfmp-panels-item-title-1475010671919\" class=\"ttfmp-panels-item-title\"><span style=\"font-size: 14pt;\"><strong>R\u00e9gimes disponibles<\/strong><\/span><\/div>\n<div id=\"ttfmp-panels-item-content-1475010671919\" class=\"ttfmp-panels-item-content\">\n<p>L\u2019APRFAE offre \u00e0 <a href=\"https:\/\/capri-matique.com\/client\/aprfae5\/adhesion\/\" target=\"_blank\" rel=\"noopener noreferrer\"><strong>ses membres r\u00e9guliers<\/strong><\/a> des services sur quatre types d\u2019assurances:<\/p>\n<ul>\n<li>le R\u00e9gime d\u2019assurance collective de l\u2019APRFAE (assurance maladie compl\u00e9mentaire, La Capitale, contrat 109995);<\/li>\n<li>un r\u00e9gime d\u2019assurance vie collective (La Capitale, contrat 9995)\u00a0;<\/li>\n<li>une assurance g\u00e9n\u00e9rale (La Capitale, contrat 1275, primes exclusives)\u00a0;<\/li>\n<li>une assurance voyage compl\u00e9mentaire (S\u00e9curiGlobe).<\/li>\n<\/ul>\n<p style=\"text-align: center;\"><span style=\"display: inline !important; float: none; color: #171717; cursor: text; font-family: 'Telex','Helvetica Neue',Helvetica,Arial,sans-serif; font-size: 15px; font-style: normal; font-variant: normal; font-weight: 400; letter-spacing: normal; orphans: 2; text-align: left; text-decoration: none; text-indent: 0px; text-transform: none; -webkit-text-stroke-width: 0px; white-space: normal; word-spacing: 0px;\">Pour vous procurer les formulaires d&#8217;adh\u00e9sion \u00e0 ces r\u00e9gimes, <\/span><a href=\"https:\/\/capri-matique.com\/client\/aprfae5\/formulaires\/\" target=\"_blank\" rel=\"noopener noreferrer\">cliquez ici!<\/a><\/p>\n<hr class=\"ttfmake-hr\" \/><\/div>\n<p><span style=\"font-size: 14pt;\"><strong>La trousse de l\u2019APRFAE, un incontournable au moment de prendre votre retraite !\u00a0<\/strong><\/span><\/p>\n<p style=\"text-align: justify;\"><img fetchpriority=\"high\" decoding=\"async\" class=\"size-medium wp-image-5937 alignleft\" src=\"https:\/\/capri-matique.com\/client\/aprfae5\/wp-content\/uploads\/2020\/04\/Trousse-Web-2020-300x227.png\" alt=\"\" width=\"300\" height=\"227\" srcset=\"https:\/\/www.capri-matique.com\/client\/aprfae5\/wp-content\/uploads\/2020\/04\/Trousse-Web-2020-300x227.png 300w, https:\/\/www.capri-matique.com\/client\/aprfae5\/wp-content\/uploads\/2020\/04\/Trousse-Web-2020-1024x774.png 1024w\" sizes=\"(max-width: 300px) 100vw, 300px\" \/>Vous \u00eates membre d\u2019un syndicat affili\u00e9 \u00e0 la FAE et <strong>vous prenez votre retraite<\/strong>? L\u2019Association de personnes retrait\u00e9es de la FAE a con\u00e7u une trousse d\u2019information \u00e0 votre intention. Au moment de votre d\u00e9mission pour motif de retraite, votre employeur ou votre syndicat devrait vous remettre une enveloppe jaune, dans laquelle vous trouverez l\u2019information utile afin de bien vivre cette transition <strong>et de respecter des d\u00e9lais forts important<\/strong>s.<\/p>\n<p style=\"text-align: justify;\">Vous y trouverez aussi \u00a0les formulaires appropri\u00e9s pour conserver votre assurance vie et adh\u00e9rer \u00e0 l\u2019assurance collective de l\u2019APRFAE (assurance maladie &#8211; compl\u00e9mentaire \u00e0 la RAMQ).<\/p>\n<p style=\"text-align: center;\"><a href=\"https:\/\/capri-matique.com\/client\/aprfae5\/planification\/trousse\/\" target=\"_blank\" rel=\"noopener noreferrer\">Je veux obtenir la trousse en version \u00e9lectronique !<\/a><\/p>\n<div id=\"ttfmp-panels-item-content-1475010671919\" class=\"ttfmp-panels-item-content\">\n<hr class=\"ttfmake-hr\" \/>\n<p><span style=\"font-size: 14pt;\"><strong>R\u00e9gime d&#8217;assurance collective de l&#8217;APRFAE (109995)<\/strong><\/span><\/p>\n<p style=\"text-align: justify;\">Le R\u00e9gime d\u2019assurance collective de l\u2019APRFAE, implant\u00e9 depuis le 1<sup>er<\/sup> mars 2019, porte le num\u00e9ro de contrat 109995. L\u2019acc\u00e8s \u00e0 ce r\u00e9gime est ouvert exclusivement aux membres r\u00e9guliers de l\u2019APRFAE.<\/p>\n<p style=\"text-align: justify;\"><span style=\"display: inline !important; float: none; background-color: #ffffff; color: #171717; cursor: text; font-family: 'Telex','Helvetica Neue',Helvetica,Arial,sans-serif; font-size: 15px; font-style: normal; font-variant: normal; font-weight: 400; letter-spacing: normal; orphans: 2; text-align: left; text-decoration: none; text-indent: 0px; text-transform: none; -webkit-text-stroke-width: 0px; white-space: normal; word-spacing: 0px;\">Pour adh\u00e9rer au r\u00e9gime 109995, les membres r\u00e9guliers de l\u2019APRFAE doivent remplir le formulaire pr\u00e9vu \u00e0 cet effet. S\u2019ils n\u2019ont pas d\u00e9j\u00e0 adh\u00e9r\u00e9 \u00e0 l\u2019Association, ils devront \u00eatre admis comme membre au pr\u00e9alable. On peut cependant retourner les deux formulaires en m\u00eame temps \u00e0 l\u2019Association, qui\u00a0acheminera le formulaire de l\u2019assurance vie \u00e0 La Capitale.<\/span><\/p>\n<p>Des questions ? Contactez l\u2019Association de personnes retrait\u00e9es de la FAE ou visitez le microsite de La Capitale en <a href=\"https:\/\/capri-matique.com\/client\/aprfae5\/capitale\/\" target=\"_blank\" rel=\"noopener noreferrer\">cliquant ici.<\/a><\/p>\n<hr class=\"ttfmake-hr\" \/>\n<p><span style=\"font-size: 14pt;\"><strong>R\u00e9gime d&#8217;assurance vie collective (contrat 9995)<\/strong><\/span><\/p>\n<p style=\"text-align: justify;\">Le contrat d\u2019assurance entre la FAE et La\u00a0Capitale pr\u00e9voit que toute demande de transformation ou d\u2019adh\u00e9sion \u00e0 l\u2019assurance vie, faite par une enseignante ou un enseignant dans les 90\u00a0jours de la date de sa retraite, est admise automatiquement <strong>s\u2019il est membre de l\u2019APRFAE<\/strong>. Au-del\u00e0 de ce d\u00e9lai, les personnes perdent leurs droits \u00e0 vie et devront choisir un r\u00e9gime d\u2019assurance vie individuel, ce qui est beaucoup plus co\u00fbteux.<\/p>\n<p style=\"text-align: justify;\">Pour adh\u00e9rer au r\u00e9gime 9995, les membres r\u00e9guliers de l\u2019APRFAE doivent remplir le formulaire pr\u00e9vu \u00e0 cet effet. S\u2019ils n\u2019ont pas d\u00e9j\u00e0 adh\u00e9r\u00e9 \u00e0 l\u2019Association, ils devront \u00eatre admis comme membre au pr\u00e9alable. On peut cependant retourner les deux formulaires en m\u00eame temps \u00e0 l\u2019Association, qui\u00a0acheminera le formulaire de l\u2019assurance vie \u00e0 La Capitale.<\/p>\n<hr class=\"ttfmake-hr\" \/>\n<p><span style=\"font-size: 14pt;\"><strong>Assurances g\u00e9n\u00e9rales (contrat\u00a01275)<\/strong><\/span><\/p>\n<p style=\"text-align: justify;\">L\u2019APRFAE a convenu d\u2019une Entente de partenariat avec La\u00a0Capitale en mati\u00e8re d\u2019assurances g\u00e9n\u00e9rales. Cette convention permet plusieurs avantages aux membres, dont celui de profiter d\u2019une r\u00e9duction sur le co\u00fbt de la prime pour une assurance auto ou maison.<\/p>\n<p style=\"text-align: justify;\">L\u2019assureur offre \u00e9galement une \u00ab\u00a0protection juridique\u00a0\u00bb tr\u00e8s avantageuse.<\/p>\n<p style=\"text-align: justify;\">Pour les nouveaux membres d\u00e9j\u00e0 assur\u00e9s \u00e0 La Capitale, ce taux de prime est applicable \u00e0 la date d\u2019adh\u00e9sion \u00e0 l\u2019APRFAE, sans \u00e9gard \u00e0 la date d\u2019\u00e9ch\u00e9ance de la police en cours.<\/p>\n<p style=\"text-align: justify;\">Les soumissions se font par t\u00e9l\u00e9phone au num\u00e9ro 1\u00a0844\u00a0928-7307. Il est important de pr\u00e9ciser son num\u00e9ro de membre afin de b\u00e9n\u00e9ficier de la r\u00e9duction de prime. On peut trouver des informations compl\u00e9mentaires en cliquant sur le lien qui suit: <a href=\"http:\/\/groupes.lacapitale.com\/fr\/aprfae\/assurancesgenerales\" target=\"_blank\" rel=\"noopener noreferrer\">La\u00a0Capitale &#8211; Assurances g\u00e9n\u00e9rales<\/a>.<\/p>\n<hr class=\"ttfmake-hr\" \/>\n<p><span style=\"font-size: 14pt;\"><strong>Assurance voyage compl\u00e9mentaire \u2013 S\u00e9curiGlobe<\/strong><\/span><\/p>\n<p style=\"text-align: justify;\">L\u2019Association a \u00e9galement convenu d\u2019une Entente de partenariat avec un courtier en assurance voyage. Cette convention avec S\u00e9curiGlobe permet d\u2019offrir un service <strong>compl\u00e9mentaire<\/strong> d\u2019assurance voyage aux membres de l\u2019APRFAE qui d\u00e9sirent ce service. L\u2019entreprise S\u00e9curiGlobe a d\u00e9velopp\u00e9 son expertise en assurance voyage depuis plusieurs ann\u00e9es.<\/p>\n<p style=\"text-align: justify;\">M\u00eame si l\u2019entreprise est ouverte au public, l\u2019entente de partenariat pr\u00e9voit des droits aux membres de l\u2019APRFAE. Pour s\u2019en pr\u00e9valoir, il suffit de mentionner son num\u00e9ro de membre de l\u2019APRFAE.<\/p>\n<p style=\"text-align: justify;\">Les soumissions se font par t\u00e9l\u00e9phone au num\u00e9ro 1\u00a0866\u00a0550-2444 ou en ligne. Il est important de pr\u00e9ciser son num\u00e9ro de membre afin de b\u00e9n\u00e9ficier de la r\u00e9duction de prime. On peut trouver des informations compl\u00e9mentaires sur le site en cliquant sur le logo de <a href=\"https:\/\/www.securiglobe.com\/fr\/\">S\u00e9curiGlobe<\/a> au bas de cette page.<\/p>\n<p style=\"text-align: center;\">Pour vous procurer les formulaires d&#8217;adh\u00e9sion \u00e0 ces r\u00e9gimes, <a href=\"https:\/\/capri-matique.com\/client\/aprfae5\/formulaires\/\" target=\"_blank\" rel=\"noopener noreferrer\">cliquez ici!<\/a><\/p>\n<\/div>\n<p style=\"text-align: justify;\">\u00a0<\/p>\n<\/div><\/div>\n<\/p><\/div>\n<\/section>\n<section id=\"builder-section-banner_69\" class=\"builder-section-prev-panels builder-section builder-section-banner builder-section-last\" style=\"background-size: cover; background-repeat: no-repeat;background-position: center center;\">\n<div class=\"builder-section-content\">\n\t\t\t\t\t\t\t<\/div>\n<\/section>\n","protected":false},"excerpt":{"rendered":"<p>R\u00e9gimes disponibles L\u2019APRFAE offre \u00e0 ses membres r\u00e9guliers des services sur quatre types d\u2019assurances: le R\u00e9gime d\u2019assurance collective de l\u2019APRFAE (assurance maladie compl\u00e9mentaire, La Capitale, contrat 109995); un r\u00e9gime d\u2019assurance vie collective (La Capitale, contrat 9995)\u00a0; une assurance g\u00e9n\u00e9rale (La Capitale, contrat 1275, primes exclusives)\u00a0; une assurance voyage compl\u00e9mentaire (S\u00e9curiGlobe). Pour vous procurer les formulaires &hellip;<\/p>\n","protected":false},"author":2,"featured_media":0,"parent":0,"menu_order":0,"comment_status":"closed","ping_status":"closed","template":"template-builder.php","meta":{"footnotes":""},"class_list":["post-6059","page","type-page","status-publish","hentry"],"yoast_head":"<!-- This site is optimized with the Yoast SEO plugin v17.3 - https:\/\/yoast.com\/wordpress\/plugins\/seo\/ -->\n<title>Assurances - Association de personnes retrait\u00e9es de la FAE<\/title>\n<meta name=\"robots\" content=\"noindex, follow, max-snippet:-1, max-image-preview:large, max-video-preview:-1\" \/>\n<meta property=\"og:locale\" content=\"fr_FR\" \/>\n<meta property=\"og:type\" content=\"article\" \/>\n<meta property=\"og:title\" content=\"Assurances - Association de personnes retrait\u00e9es de la FAE\" \/>\n<meta property=\"og:description\" content=\"R\u00e9gimes disponibles L\u2019APRFAE offre \u00e0 ses membres r\u00e9guliers des services sur quatre types d\u2019assurances: le R\u00e9gime d\u2019assurance collective de l\u2019APRFAE (assurance maladie compl\u00e9mentaire, La Capitale, contrat 109995); un r\u00e9gime d\u2019assurance vie collective (La Capitale, contrat 9995)\u00a0; une assurance g\u00e9n\u00e9rale (La Capitale, contrat 1275, primes exclusives)\u00a0; une assurance voyage compl\u00e9mentaire (S\u00e9curiGlobe). Pour vous procurer les formulaires &hellip;\" \/>\n<meta property=\"og:url\" content=\"https:\/\/www.capri-matique.com\/client\/aprfae5\/assurances\/\" \/>\n<meta property=\"og:site_name\" content=\"Association de personnes retrait\u00e9es de la FAE\" \/>\n<meta property=\"article:modified_time\" content=\"2021-01-22T14:53:35+00:00\" \/>\n<meta property=\"og:image\" content=\"https:\/\/capri-matique.com\/client\/aprfae5\/wp-content\/uploads\/2020\/04\/Trousse-Web-2020-300x227.png\" \/>\n<meta name=\"twitter:card\" content=\"summary\" \/>\n<meta name=\"twitter:label1\" content=\"Dur\u00e9e de lecture estim\u00e9e\" \/>\n\t<meta name=\"twitter:data1\" content=\"4 minutes\" \/>\n<script type=\"application\/ld+json\" class=\"yoast-schema-graph\">{\"@context\":\"https:\/\/schema.org\",\"@graph\":[{\"@type\":\"WebSite\",\"@id\":\"https:\/\/www.capri-matique.com\/client\/aprfae5\/#website\",\"url\":\"https:\/\/www.capri-matique.com\/client\/aprfae5\/\",\"name\":\"Association de personnes retrait\\u00e9es de la FAE\",\"description\":\"L&#039;association qui nous unit\",\"potentialAction\":[{\"@type\":\"SearchAction\",\"target\":{\"@type\":\"EntryPoint\",\"urlTemplate\":\"https:\/\/www.capri-matique.com\/client\/aprfae5\/?s={search_term_string}\"},\"query-input\":\"required name=search_term_string\"}],\"inLanguage\":\"fr-FR\"},{\"@type\":\"ImageObject\",\"@id\":\"https:\/\/www.capri-matique.com\/client\/aprfae5\/assurances\/#primaryimage\",\"inLanguage\":\"fr-FR\",\"url\":\"https:\/\/capri-matique.com\/client\/aprfae5\/wp-content\/uploads\/2020\/04\/Trousse-Web-2020-300x227.png\",\"contentUrl\":\"https:\/\/capri-matique.com\/client\/aprfae5\/wp-content\/uploads\/2020\/04\/Trousse-Web-2020-300x227.png\"},{\"@type\":\"WebPage\",\"@id\":\"https:\/\/www.capri-matique.com\/client\/aprfae5\/assurances\/#webpage\",\"url\":\"https:\/\/www.capri-matique.com\/client\/aprfae5\/assurances\/\",\"name\":\"Assurances - Association de personnes retrait\\u00e9es de la FAE\",\"isPartOf\":{\"@id\":\"https:\/\/www.capri-matique.com\/client\/aprfae5\/#website\"},\"primaryImageOfPage\":{\"@id\":\"https:\/\/www.capri-matique.com\/client\/aprfae5\/assurances\/#primaryimage\"},\"datePublished\":\"2020-04-07T03:33:50+00:00\",\"dateModified\":\"2021-01-22T14:53:35+00:00\",\"breadcrumb\":{\"@id\":\"https:\/\/www.capri-matique.com\/client\/aprfae5\/assurances\/#breadcrumb\"},\"inLanguage\":\"fr-FR\",\"potentialAction\":[{\"@type\":\"ReadAction\",\"target\":[\"https:\/\/www.capri-matique.com\/client\/aprfae5\/assurances\/\"]}]},{\"@type\":\"BreadcrumbList\",\"@id\":\"https:\/\/www.capri-matique.com\/client\/aprfae5\/assurances\/#breadcrumb\",\"itemListElement\":[{\"@type\":\"ListItem\",\"position\":1,\"name\":\"Accueil\",\"item\":\"https:\/\/www.capri-matique.com\/client\/aprfae5\/\"},{\"@type\":\"ListItem\",\"position\":2,\"name\":\"Assurances\"}]}]}<\/script>\n<!-- \/ Yoast SEO plugin. -->","yoast_head_json":{"title":"Assurances - Association de personnes retrait\u00e9es de la FAE","robots":{"index":"noindex","follow":"follow","max-snippet":"max-snippet:-1","max-image-preview":"max-image-preview:large","max-video-preview":"max-video-preview:-1"},"og_locale":"fr_FR","og_type":"article","og_title":"Assurances - Association de personnes retrait\u00e9es de la FAE","og_description":"R\u00e9gimes disponibles L\u2019APRFAE offre \u00e0 ses membres r\u00e9guliers des services sur quatre types d\u2019assurances: le R\u00e9gime d\u2019assurance collective de l\u2019APRFAE (assurance maladie compl\u00e9mentaire, La Capitale, contrat 109995); un r\u00e9gime d\u2019assurance vie collective (La Capitale, contrat 9995)\u00a0; une assurance g\u00e9n\u00e9rale (La Capitale, contrat 1275, primes exclusives)\u00a0; une assurance voyage compl\u00e9mentaire (S\u00e9curiGlobe). Pour vous procurer les formulaires &hellip;","og_url":"https:\/\/www.capri-matique.com\/client\/aprfae5\/assurances\/","og_site_name":"Association de personnes retrait\u00e9es de la FAE","article_modified_time":"2021-01-22T14:53:35+00:00","og_image":[{"url":"https:\/\/capri-matique.com\/client\/aprfae5\/wp-content\/uploads\/2020\/04\/Trousse-Web-2020-300x227.png"}],"twitter_card":"summary","twitter_misc":{"Dur\u00e9e de lecture estim\u00e9e":"4 minutes"},"schema":{"@context":"https:\/\/schema.org","@graph":[{"@type":"WebSite","@id":"https:\/\/www.capri-matique.com\/client\/aprfae5\/#website","url":"https:\/\/www.capri-matique.com\/client\/aprfae5\/","name":"Association de personnes retrait\u00e9es de la FAE","description":"L&#039;association qui nous unit","potentialAction":[{"@type":"SearchAction","target":{"@type":"EntryPoint","urlTemplate":"https:\/\/www.capri-matique.com\/client\/aprfae5\/?s={search_term_string}"},"query-input":"required name=search_term_string"}],"inLanguage":"fr-FR"},{"@type":"ImageObject","@id":"https:\/\/www.capri-matique.com\/client\/aprfae5\/assurances\/#primaryimage","inLanguage":"fr-FR","url":"https:\/\/capri-matique.com\/client\/aprfae5\/wp-content\/uploads\/2020\/04\/Trousse-Web-2020-300x227.png","contentUrl":"https:\/\/capri-matique.com\/client\/aprfae5\/wp-content\/uploads\/2020\/04\/Trousse-Web-2020-300x227.png"},{"@type":"WebPage","@id":"https:\/\/www.capri-matique.com\/client\/aprfae5\/assurances\/#webpage","url":"https:\/\/www.capri-matique.com\/client\/aprfae5\/assurances\/","name":"Assurances - Association de personnes retrait\u00e9es de la FAE","isPartOf":{"@id":"https:\/\/www.capri-matique.com\/client\/aprfae5\/#website"},"primaryImageOfPage":{"@id":"https:\/\/www.capri-matique.com\/client\/aprfae5\/assurances\/#primaryimage"},"datePublished":"2020-04-07T03:33:50+00:00","dateModified":"2021-01-22T14:53:35+00:00","breadcrumb":{"@id":"https:\/\/www.capri-matique.com\/client\/aprfae5\/assurances\/#breadcrumb"},"inLanguage":"fr-FR","potentialAction":[{"@type":"ReadAction","target":["https:\/\/www.capri-matique.com\/client\/aprfae5\/assurances\/"]}]},{"@type":"BreadcrumbList","@id":"https:\/\/www.capri-matique.com\/client\/aprfae5\/assurances\/#breadcrumb","itemListElement":[{"@type":"ListItem","position":1,"name":"Accueil","item":"https:\/\/www.capri-matique.com\/client\/aprfae5\/"},{"@type":"ListItem","position":2,"name":"Assurances"}]}]}},"_links":{"self":[{"href":"https:\/\/www.capri-matique.com\/client\/aprfae5\/wp-json\/wp\/v2\/pages\/6059","targetHints":{"allow":["GET"]}}],"collection":[{"href":"https:\/\/www.capri-matique.com\/client\/aprfae5\/wp-json\/wp\/v2\/pages"}],"about":[{"href":"https:\/\/www.capri-matique.com\/client\/aprfae5\/wp-json\/wp\/v2\/types\/page"}],"author":[{"embeddable":true,"href":"https:\/\/www.capri-matique.com\/client\/aprfae5\/wp-json\/wp\/v2\/users\/2"}],"replies":[{"embeddable":true,"href":"https:\/\/www.capri-matique.com\/client\/aprfae5\/wp-json\/wp\/v2\/comments?post=6059"}],"version-history":[{"count":2,"href":"https:\/\/www.capri-matique.com\/client\/aprfae5\/wp-json\/wp\/v2\/pages\/6059\/revisions"}],"predecessor-version":[{"id":6111,"href":"https:\/\/www.capri-matique.com\/client\/aprfae5\/wp-json\/wp\/v2\/pages\/6059\/revisions\/6111"}],"wp:attachment":[{"href":"https:\/\/www.capri-matique.com\/client\/aprfae5\/wp-json\/wp\/v2\/media?parent=6059"}],"curies":[{"name":"wp","href":"https:\/\/api.w.org\/{rel}","templated":true}]}}