{"id":6025,"date":"2016-06-01T20:38:38","date_gmt":"2016-06-01T20:38:38","guid":{"rendered":"https:\/\/capri-matique.com\/client\/aprfae5\/?page_id=8"},"modified":"2020-11-04T15:48:12","modified_gmt":"2020-11-04T20:48:12","slug":"bllmv","status":"publish","type":"page","link":"https:\/\/www.capri-matique.com\/client\/aprfae5\/avantages-et-rabais\/bllmv\/","title":{"rendered":"Basses-Laurentides-Laval-Montr\u00e9al-Vaudreuil"},"content":{"rendered":"<section id=\"builder-section-1475004228493\" class=\"builder-section-first builder-section builder-section-panels builder-section-last accordion-mode\" style=\"background-size: cover; background-repeat: no-repeat;background-position: center center;\">\n<div class=\"builder-section-content\">\n<div class=\"ttfmp-accordion-container\" data-height-style=\"\"  data-start-collapsed=\"false\">\n<div id=\"ttfmp-panels-item-title-1475004228515\" class=\"ttfmp-panels-item-title\">\n\t<\/div>\n<div id=\"ttfmp-panels-item-content-1475004228515\" class=\"ttfmp-panels-item-content\">\n<p>BASSES-LAURENTIDES, LAVAL, MONTR\u00c9AL, VAUDREUIL<\/p>\n<p>Afin de b\u00e9n\u00e9ficier des rabais, assurez-vous d\u2019avoir toujours votre carte de membre de l\u2019APRFAE avec vous.<\/p>\n<p>MAGASINAGE:<br \/><strong>B\u00e9tonel-Dulux<\/strong> : 25% de rabais sur les peintures et vernis \u00e0 prix r\u00e9gulier.<br \/>Mentionnez le num\u00e9ro de l\u2019entente : 3129774<br \/>Sp\u00e9cifiez qu\u2019il y a un espace entre APR et FAE (comme dans le logo de l\u2019association).<br \/>Valide dans tous les magasins B\u00e9tonel-Dulux du Qu\u00e9bec.<\/p>\n<p>SPORTS:<br \/><strong>Centre multi-sports Vaudreuil-Dorion<\/strong> : rabais de 25 % (60+)<\/p>\n<p><a href=\"https:\/\/neuromotrix.com\/fr\/\" target=\"_blank\" rel=\"noopener noreferrer\"><strong>Neuromotrix<\/strong><\/a> (Activit\u00e9 physique adapt\u00e9e pour les 50 +) Rabais de 50% sur \u00e9valuation de la condition physique par un kin\u00e9siologue professionnel (pour les s\u00e9ances individuelles) et 50% sur le premier mois d\u2019abonnement \u00e0 des s\u00e9ances de groupe en ligne. (Il n\u2019est pas n\u00e9cessaire de prendre un engagement \u00e0 long terme pour se pr\u00e9valoir de ce rabais)<\/p>\n<p><strong>Tennis 13<\/strong> (Laval) : rabais de 10 %, (60+)<\/p>\n<p>SERVICES:<br \/><strong>Total pneus<\/strong> (Laval, Laurentides, Montr\u00e9al): rabais de 15% sur pose et balancement de 4 pneus, (55+).<\/p>\n<\/div><\/div>\n<\/p><\/div>\n<\/section>\n","protected":false},"excerpt":{"rendered":"<p>BASSES-LAURENTIDES, LAVAL, MONTR\u00c9AL, VAUDREUIL Afin de b\u00e9n\u00e9ficier des rabais, assurez-vous d\u2019avoir toujours votre carte de membre de l\u2019APRFAE avec vous. MAGASINAGE:B\u00e9tonel-Dulux : 25% de rabais sur les peintures et vernis \u00e0 prix r\u00e9gulier.Mentionnez le num\u00e9ro de l\u2019entente : 3129774Sp\u00e9cifiez qu\u2019il y a un espace entre APR et FAE (comme dans le logo de l\u2019association).Valide dans &hellip;<\/p>\n","protected":false},"author":2,"featured_media":0,"parent":794,"menu_order":0,"comment_status":"closed","ping_status":"closed","template":"template-builder.php","meta":{"footnotes":""},"class_list":["post-6025","page","type-page","status-publish","hentry"],"yoast_head":"<!-- This site is optimized with the Yoast SEO plugin v17.3 - https:\/\/yoast.com\/wordpress\/plugins\/seo\/ -->\n<title>Basses-Laurentides-Laval-Montr\u00e9al-Vaudreuil - Association de personnes retrait\u00e9es de la FAE<\/title>\n<meta name=\"robots\" content=\"noindex, follow, max-snippet:-1, max-image-preview:large, max-video-preview:-1\" \/>\n<meta property=\"og:locale\" content=\"fr_FR\" \/>\n<meta property=\"og:type\" content=\"article\" \/>\n<meta property=\"og:title\" content=\"Basses-Laurentides-Laval-Montr\u00e9al-Vaudreuil - Association de personnes retrait\u00e9es de la FAE\" \/>\n<meta property=\"og:description\" content=\"BASSES-LAURENTIDES, LAVAL, MONTR\u00c9AL, VAUDREUIL Afin de b\u00e9n\u00e9ficier des rabais, assurez-vous d\u2019avoir toujours votre carte de membre de l\u2019APRFAE avec vous. MAGASINAGE:B\u00e9tonel-Dulux : 25% de rabais sur les peintures et vernis \u00e0 prix r\u00e9gulier.Mentionnez le num\u00e9ro de l\u2019entente : 3129774Sp\u00e9cifiez qu\u2019il y a un espace entre APR et FAE (comme dans le logo de l\u2019association).Valide dans &hellip;\" \/>\n<meta property=\"og:url\" content=\"https:\/\/www.capri-matique.com\/client\/aprfae5\/avantages-et-rabais\/bllmv\/\" \/>\n<meta property=\"og:site_name\" content=\"Association de personnes retrait\u00e9es de la FAE\" \/>\n<meta property=\"article:modified_time\" content=\"2020-11-04T20:48:12+00:00\" \/>\n<meta name=\"twitter:card\" content=\"summary\" \/>\n<meta name=\"twitter:label1\" content=\"Dur\u00e9e de lecture estim\u00e9e\" \/>\n\t<meta name=\"twitter:data1\" content=\"1 minute\" \/>\n<script type=\"application\/ld+json\" class=\"yoast-schema-graph\">{\"@context\":\"https:\/\/schema.org\",\"@graph\":[{\"@type\":\"WebSite\",\"@id\":\"https:\/\/www.capri-matique.com\/client\/aprfae5\/#website\",\"url\":\"https:\/\/www.capri-matique.com\/client\/aprfae5\/\",\"name\":\"Association de personnes retrait\\u00e9es de la FAE\",\"description\":\"L&#039;association qui nous unit\",\"potentialAction\":[{\"@type\":\"SearchAction\",\"target\":{\"@type\":\"EntryPoint\",\"urlTemplate\":\"https:\/\/www.capri-matique.com\/client\/aprfae5\/?s={search_term_string}\"},\"query-input\":\"required name=search_term_string\"}],\"inLanguage\":\"fr-FR\"},{\"@type\":\"WebPage\",\"@id\":\"https:\/\/www.capri-matique.com\/client\/aprfae5\/avantages-et-rabais\/bllmv\/#webpage\",\"url\":\"https:\/\/www.capri-matique.com\/client\/aprfae5\/avantages-et-rabais\/bllmv\/\",\"name\":\"Basses-Laurentides-Laval-Montr\\u00e9al-Vaudreuil - Association de personnes retrait\\u00e9es de la FAE\",\"isPartOf\":{\"@id\":\"https:\/\/www.capri-matique.com\/client\/aprfae5\/#website\"},\"datePublished\":\"2016-06-01T20:38:38+00:00\",\"dateModified\":\"2020-11-04T20:48:12+00:00\",\"breadcrumb\":{\"@id\":\"https:\/\/www.capri-matique.com\/client\/aprfae5\/avantages-et-rabais\/bllmv\/#breadcrumb\"},\"inLanguage\":\"fr-FR\",\"potentialAction\":[{\"@type\":\"ReadAction\",\"target\":[\"https:\/\/www.capri-matique.com\/client\/aprfae5\/avantages-et-rabais\/bllmv\/\"]}]},{\"@type\":\"BreadcrumbList\",\"@id\":\"https:\/\/www.capri-matique.com\/client\/aprfae5\/avantages-et-rabais\/bllmv\/#breadcrumb\",\"itemListElement\":[{\"@type\":\"ListItem\",\"position\":1,\"name\":\"Accueil\",\"item\":\"https:\/\/www.capri-matique.com\/client\/aprfae5\/\"},{\"@type\":\"ListItem\",\"position\":2,\"name\":\"Avantages et rabais\",\"item\":\"https:\/\/www.capri-matique.com\/client\/aprfae5\/avantages-et-rabais\/\"},{\"@type\":\"ListItem\",\"position\":3,\"name\":\"Basses-Laurentides-Laval-Montr\\u00e9al-Vaudreuil\"}]}]}<\/script>\n<!-- \/ Yoast SEO plugin. -->","yoast_head_json":{"title":"Basses-Laurentides-Laval-Montr\u00e9al-Vaudreuil - Association de personnes retrait\u00e9es de la FAE","robots":{"index":"noindex","follow":"follow","max-snippet":"max-snippet:-1","max-image-preview":"max-image-preview:large","max-video-preview":"max-video-preview:-1"},"og_locale":"fr_FR","og_type":"article","og_title":"Basses-Laurentides-Laval-Montr\u00e9al-Vaudreuil - Association de personnes retrait\u00e9es de la FAE","og_description":"BASSES-LAURENTIDES, LAVAL, MONTR\u00c9AL, VAUDREUIL Afin de b\u00e9n\u00e9ficier des rabais, assurez-vous d\u2019avoir toujours votre carte de membre de l\u2019APRFAE avec vous. MAGASINAGE:B\u00e9tonel-Dulux : 25% de rabais sur les peintures et vernis \u00e0 prix r\u00e9gulier.Mentionnez le num\u00e9ro de l\u2019entente : 3129774Sp\u00e9cifiez qu\u2019il y a un espace entre APR et FAE (comme dans le logo de l\u2019association).Valide dans &hellip;","og_url":"https:\/\/www.capri-matique.com\/client\/aprfae5\/avantages-et-rabais\/bllmv\/","og_site_name":"Association de personnes retrait\u00e9es de la FAE","article_modified_time":"2020-11-04T20:48:12+00:00","twitter_card":"summary","twitter_misc":{"Dur\u00e9e de lecture estim\u00e9e":"1 minute"},"schema":{"@context":"https:\/\/schema.org","@graph":[{"@type":"WebSite","@id":"https:\/\/www.capri-matique.com\/client\/aprfae5\/#website","url":"https:\/\/www.capri-matique.com\/client\/aprfae5\/","name":"Association de personnes retrait\u00e9es de la FAE","description":"L&#039;association qui nous unit","potentialAction":[{"@type":"SearchAction","target":{"@type":"EntryPoint","urlTemplate":"https:\/\/www.capri-matique.com\/client\/aprfae5\/?s={search_term_string}"},"query-input":"required name=search_term_string"}],"inLanguage":"fr-FR"},{"@type":"WebPage","@id":"https:\/\/www.capri-matique.com\/client\/aprfae5\/avantages-et-rabais\/bllmv\/#webpage","url":"https:\/\/www.capri-matique.com\/client\/aprfae5\/avantages-et-rabais\/bllmv\/","name":"Basses-Laurentides-Laval-Montr\u00e9al-Vaudreuil - Association de personnes retrait\u00e9es de la FAE","isPartOf":{"@id":"https:\/\/www.capri-matique.com\/client\/aprfae5\/#website"},"datePublished":"2016-06-01T20:38:38+00:00","dateModified":"2020-11-04T20:48:12+00:00","breadcrumb":{"@id":"https:\/\/www.capri-matique.com\/client\/aprfae5\/avantages-et-rabais\/bllmv\/#breadcrumb"},"inLanguage":"fr-FR","potentialAction":[{"@type":"ReadAction","target":["https:\/\/www.capri-matique.com\/client\/aprfae5\/avantages-et-rabais\/bllmv\/"]}]},{"@type":"BreadcrumbList","@id":"https:\/\/www.capri-matique.com\/client\/aprfae5\/avantages-et-rabais\/bllmv\/#breadcrumb","itemListElement":[{"@type":"ListItem","position":1,"name":"Accueil","item":"https:\/\/www.capri-matique.com\/client\/aprfae5\/"},{"@type":"ListItem","position":2,"name":"Avantages et rabais","item":"https:\/\/www.capri-matique.com\/client\/aprfae5\/avantages-et-rabais\/"},{"@type":"ListItem","position":3,"name":"Basses-Laurentides-Laval-Montr\u00e9al-Vaudreuil"}]}]}},"_links":{"self":[{"href":"https:\/\/www.capri-matique.com\/client\/aprfae5\/wp-json\/wp\/v2\/pages\/6025","targetHints":{"allow":["GET"]}}],"collection":[{"href":"https:\/\/www.capri-matique.com\/client\/aprfae5\/wp-json\/wp\/v2\/pages"}],"about":[{"href":"https:\/\/www.capri-matique.com\/client\/aprfae5\/wp-json\/wp\/v2\/types\/page"}],"author":[{"embeddable":true,"href":"https:\/\/www.capri-matique.com\/client\/aprfae5\/wp-json\/wp\/v2\/users\/2"}],"replies":[{"embeddable":true,"href":"https:\/\/www.capri-matique.com\/client\/aprfae5\/wp-json\/wp\/v2\/comments?post=6025"}],"version-history":[{"count":6,"href":"https:\/\/www.capri-matique.com\/client\/aprfae5\/wp-json\/wp\/v2\/pages\/6025\/revisions"}],"predecessor-version":[{"id":6692,"href":"https:\/\/www.capri-matique.com\/client\/aprfae5\/wp-json\/wp\/v2\/pages\/6025\/revisions\/6692"}],"up":[{"embeddable":true,"href":"https:\/\/www.capri-matique.com\/client\/aprfae5\/wp-json\/wp\/v2\/pages\/794"}],"wp:attachment":[{"href":"https:\/\/www.capri-matique.com\/client\/aprfae5\/wp-json\/wp\/v2\/media?parent=6025"}],"curies":[{"name":"wp","href":"https:\/\/api.w.org\/{rel}","templated":true}]}}