{"id":6021,"date":"2016-06-01T20:38:38","date_gmt":"2016-06-01T20:38:38","guid":{"rendered":"https:\/\/capri-matique.com\/client\/aprfae5\/?page_id=8"},"modified":"2020-04-06T10:15:00","modified_gmt":"2020-04-06T14:15:00","slug":"quebec","status":"publish","type":"page","link":"https:\/\/www.capri-matique.com\/client\/aprfae5\/avantages-et-rabais\/quebec\/","title":{"rendered":"Qu\u00e9bec"},"content":{"rendered":"<section id=\"builder-section-1475004228493\" class=\"builder-section-first builder-section builder-section-panels builder-section-last accordion-mode\" style=\"background-size: cover; background-repeat: no-repeat;background-position: center center;\">\n<div class=\"builder-section-content\">\n<div class=\"ttfmp-accordion-container\" data-height-style=\"\"  data-start-collapsed=\"false\">\n<div id=\"ttfmp-panels-item-title-1475004228515\" class=\"ttfmp-panels-item-title\">\n\t<\/div>\n<div id=\"ttfmp-panels-item-content-1475004228515\" class=\"ttfmp-panels-item-content\">\n<p>QU\u00c9BEC<\/p>\n<p>Afin de b\u00e9n\u00e9ficier des rabais, assurez-vous d\u2019avoir toujours votre carte de membre de l\u2019APRFAE avec vous.<\/p>\n<p>MAGASINAGE<br \/>B\u00e9tonel-Dulux : 25% de rabais sur les peintures et vernis \u00e0 prix r\u00e9gulier.<br \/>Mentionnez le num\u00e9ro de l\u2019entente : 3129774<br \/>Sp\u00e9cifiez qu\u2019il y a un espace entre APR et FAE (comme dans le logo de l\u2019association).<br \/>Valide dans tous les magasins B\u00e9tonel-Dulux du Qu\u00e9bec.<\/p>\n<\/div><\/div>\n<\/p><\/div>\n<\/section>\n","protected":false},"excerpt":{"rendered":"<p>QU\u00c9BEC Afin de b\u00e9n\u00e9ficier des rabais, assurez-vous d\u2019avoir toujours votre carte de membre de l\u2019APRFAE avec vous. MAGASINAGEB\u00e9tonel-Dulux : 25% de rabais sur les peintures et vernis \u00e0 prix r\u00e9gulier.Mentionnez le num\u00e9ro de l\u2019entente : 3129774Sp\u00e9cifiez qu\u2019il y a un espace entre APR et FAE (comme dans le logo de l\u2019association).Valide dans tous les magasins &hellip;<\/p>\n","protected":false},"author":2,"featured_media":0,"parent":794,"menu_order":0,"comment_status":"closed","ping_status":"closed","template":"template-builder.php","meta":{"footnotes":""},"class_list":["post-6021","page","type-page","status-publish","hentry"],"yoast_head":"<!-- This site is optimized with the Yoast SEO plugin v17.3 - https:\/\/yoast.com\/wordpress\/plugins\/seo\/ -->\n<title>Qu\u00e9bec - Association de personnes retrait\u00e9es de la FAE<\/title>\n<meta name=\"robots\" content=\"noindex, follow, max-snippet:-1, max-image-preview:large, max-video-preview:-1\" \/>\n<meta property=\"og:locale\" content=\"fr_FR\" \/>\n<meta property=\"og:type\" content=\"article\" \/>\n<meta property=\"og:title\" content=\"Qu\u00e9bec - Association de personnes retrait\u00e9es de la FAE\" \/>\n<meta property=\"og:description\" content=\"QU\u00c9BEC Afin de b\u00e9n\u00e9ficier des rabais, assurez-vous d\u2019avoir toujours votre carte de membre de l\u2019APRFAE avec vous. MAGASINAGEB\u00e9tonel-Dulux : 25% de rabais sur les peintures et vernis \u00e0 prix r\u00e9gulier.Mentionnez le num\u00e9ro de l\u2019entente : 3129774Sp\u00e9cifiez qu\u2019il y a un espace entre APR et FAE (comme dans le logo de l\u2019association).Valide dans tous les magasins &hellip;\" \/>\n<meta property=\"og:url\" content=\"https:\/\/www.capri-matique.com\/client\/aprfae5\/avantages-et-rabais\/quebec\/\" \/>\n<meta property=\"og:site_name\" content=\"Association de personnes retrait\u00e9es de la FAE\" \/>\n<meta property=\"article:modified_time\" content=\"2020-04-06T14:15:00+00:00\" \/>\n<meta name=\"twitter:card\" content=\"summary\" \/>\n<script type=\"application\/ld+json\" class=\"yoast-schema-graph\">{\"@context\":\"https:\/\/schema.org\",\"@graph\":[{\"@type\":\"WebSite\",\"@id\":\"https:\/\/www.capri-matique.com\/client\/aprfae5\/#website\",\"url\":\"https:\/\/www.capri-matique.com\/client\/aprfae5\/\",\"name\":\"Association de personnes retrait\\u00e9es de la FAE\",\"description\":\"L&#039;association qui nous unit\",\"potentialAction\":[{\"@type\":\"SearchAction\",\"target\":{\"@type\":\"EntryPoint\",\"urlTemplate\":\"https:\/\/www.capri-matique.com\/client\/aprfae5\/?s={search_term_string}\"},\"query-input\":\"required name=search_term_string\"}],\"inLanguage\":\"fr-FR\"},{\"@type\":\"WebPage\",\"@id\":\"https:\/\/www.capri-matique.com\/client\/aprfae5\/avantages-et-rabais\/quebec\/#webpage\",\"url\":\"https:\/\/www.capri-matique.com\/client\/aprfae5\/avantages-et-rabais\/quebec\/\",\"name\":\"Qu\\u00e9bec - Association de personnes retrait\\u00e9es de la FAE\",\"isPartOf\":{\"@id\":\"https:\/\/www.capri-matique.com\/client\/aprfae5\/#website\"},\"datePublished\":\"2016-06-01T20:38:38+00:00\",\"dateModified\":\"2020-04-06T14:15:00+00:00\",\"breadcrumb\":{\"@id\":\"https:\/\/www.capri-matique.com\/client\/aprfae5\/avantages-et-rabais\/quebec\/#breadcrumb\"},\"inLanguage\":\"fr-FR\",\"potentialAction\":[{\"@type\":\"ReadAction\",\"target\":[\"https:\/\/www.capri-matique.com\/client\/aprfae5\/avantages-et-rabais\/quebec\/\"]}]},{\"@type\":\"BreadcrumbList\",\"@id\":\"https:\/\/www.capri-matique.com\/client\/aprfae5\/avantages-et-rabais\/quebec\/#breadcrumb\",\"itemListElement\":[{\"@type\":\"ListItem\",\"position\":1,\"name\":\"Accueil\",\"item\":\"https:\/\/www.capri-matique.com\/client\/aprfae5\/\"},{\"@type\":\"ListItem\",\"position\":2,\"name\":\"Avantages et rabais\",\"item\":\"https:\/\/www.capri-matique.com\/client\/aprfae5\/avantages-et-rabais\/\"},{\"@type\":\"ListItem\",\"position\":3,\"name\":\"Qu\\u00e9bec\"}]}]}<\/script>\n<!-- \/ Yoast SEO plugin. -->","yoast_head_json":{"title":"Qu\u00e9bec - Association de personnes retrait\u00e9es de la FAE","robots":{"index":"noindex","follow":"follow","max-snippet":"max-snippet:-1","max-image-preview":"max-image-preview:large","max-video-preview":"max-video-preview:-1"},"og_locale":"fr_FR","og_type":"article","og_title":"Qu\u00e9bec - Association de personnes retrait\u00e9es de la FAE","og_description":"QU\u00c9BEC Afin de b\u00e9n\u00e9ficier des rabais, assurez-vous d\u2019avoir toujours votre carte de membre de l\u2019APRFAE avec vous. MAGASINAGEB\u00e9tonel-Dulux : 25% de rabais sur les peintures et vernis \u00e0 prix r\u00e9gulier.Mentionnez le num\u00e9ro de l\u2019entente : 3129774Sp\u00e9cifiez qu\u2019il y a un espace entre APR et FAE (comme dans le logo de l\u2019association).Valide dans tous les magasins &hellip;","og_url":"https:\/\/www.capri-matique.com\/client\/aprfae5\/avantages-et-rabais\/quebec\/","og_site_name":"Association de personnes retrait\u00e9es de la FAE","article_modified_time":"2020-04-06T14:15:00+00:00","twitter_card":"summary","schema":{"@context":"https:\/\/schema.org","@graph":[{"@type":"WebSite","@id":"https:\/\/www.capri-matique.com\/client\/aprfae5\/#website","url":"https:\/\/www.capri-matique.com\/client\/aprfae5\/","name":"Association de personnes retrait\u00e9es de la FAE","description":"L&#039;association qui nous unit","potentialAction":[{"@type":"SearchAction","target":{"@type":"EntryPoint","urlTemplate":"https:\/\/www.capri-matique.com\/client\/aprfae5\/?s={search_term_string}"},"query-input":"required name=search_term_string"}],"inLanguage":"fr-FR"},{"@type":"WebPage","@id":"https:\/\/www.capri-matique.com\/client\/aprfae5\/avantages-et-rabais\/quebec\/#webpage","url":"https:\/\/www.capri-matique.com\/client\/aprfae5\/avantages-et-rabais\/quebec\/","name":"Qu\u00e9bec - Association de personnes retrait\u00e9es de la FAE","isPartOf":{"@id":"https:\/\/www.capri-matique.com\/client\/aprfae5\/#website"},"datePublished":"2016-06-01T20:38:38+00:00","dateModified":"2020-04-06T14:15:00+00:00","breadcrumb":{"@id":"https:\/\/www.capri-matique.com\/client\/aprfae5\/avantages-et-rabais\/quebec\/#breadcrumb"},"inLanguage":"fr-FR","potentialAction":[{"@type":"ReadAction","target":["https:\/\/www.capri-matique.com\/client\/aprfae5\/avantages-et-rabais\/quebec\/"]}]},{"@type":"BreadcrumbList","@id":"https:\/\/www.capri-matique.com\/client\/aprfae5\/avantages-et-rabais\/quebec\/#breadcrumb","itemListElement":[{"@type":"ListItem","position":1,"name":"Accueil","item":"https:\/\/www.capri-matique.com\/client\/aprfae5\/"},{"@type":"ListItem","position":2,"name":"Avantages et rabais","item":"https:\/\/www.capri-matique.com\/client\/aprfae5\/avantages-et-rabais\/"},{"@type":"ListItem","position":3,"name":"Qu\u00e9bec"}]}]}},"_links":{"self":[{"href":"https:\/\/www.capri-matique.com\/client\/aprfae5\/wp-json\/wp\/v2\/pages\/6021","targetHints":{"allow":["GET"]}}],"collection":[{"href":"https:\/\/www.capri-matique.com\/client\/aprfae5\/wp-json\/wp\/v2\/pages"}],"about":[{"href":"https:\/\/www.capri-matique.com\/client\/aprfae5\/wp-json\/wp\/v2\/types\/page"}],"author":[{"embeddable":true,"href":"https:\/\/www.capri-matique.com\/client\/aprfae5\/wp-json\/wp\/v2\/users\/2"}],"replies":[{"embeddable":true,"href":"https:\/\/www.capri-matique.com\/client\/aprfae5\/wp-json\/wp\/v2\/comments?post=6021"}],"version-history":[{"count":2,"href":"https:\/\/www.capri-matique.com\/client\/aprfae5\/wp-json\/wp\/v2\/pages\/6021\/revisions"}],"predecessor-version":[{"id":6034,"href":"https:\/\/www.capri-matique.com\/client\/aprfae5\/wp-json\/wp\/v2\/pages\/6021\/revisions\/6034"}],"up":[{"embeddable":true,"href":"https:\/\/www.capri-matique.com\/client\/aprfae5\/wp-json\/wp\/v2\/pages\/794"}],"wp:attachment":[{"href":"https:\/\/www.capri-matique.com\/client\/aprfae5\/wp-json\/wp\/v2\/media?parent=6021"}],"curies":[{"name":"wp","href":"https:\/\/api.w.org\/{rel}","templated":true}]}}