{"id":5890,"date":"2020-03-30T16:10:24","date_gmt":"2020-03-30T20:10:24","guid":{"rendered":"https:\/\/capri-matique.com\/client\/aprfae5\/?page_id=5852"},"modified":"2021-02-04T15:35:03","modified_gmt":"2021-02-04T20:35:03","slug":"trousse","status":"publish","type":"page","link":"https:\/\/www.capri-matique.com\/client\/aprfae5\/planification\/trousse\/","title":{"rendered":"Trousse de l&#8217;APRFAE"},"content":{"rendered":"<section id=\"builder-section-1475010671909\" class=\"builder-section-first builder-section builder-section-panels builder-section-last accordion-mode\" style=\"background-size: cover; background-repeat: no-repeat;background-position: center center;\">\n<div class=\"builder-section-content\">\n<div class=\"ttfmp-accordion-container\" data-height-style=\"\"  data-start-collapsed=\"false\">\n<div id=\"ttfmp-panels-item-title-1475010671919\" class=\"ttfmp-panels-item-title\">\n\t<\/div>\n<div id=\"ttfmp-panels-item-content-1475010671919\" class=\"ttfmp-panels-item-content\">\n<p><span style=\"font-size: 14pt;\"><b>La trousse d&#8217;information de l&#8217;APRFAE<\/b><\/span><\/p>\n<p style=\"text-align: justify;\"><b><\/b>L\u2019Association offre une trousse d&#8217;information aux membres des syndicats affili\u00e9s et leur personnel employ\u00e9 ainsi que celui de la FAE. Elle est con\u00e7ue pour les personnes qui ont d\u00e9cid\u00e9 de prendre leur retraite durant l\u2019ann\u00e9e en cours.<\/p>\n<p style=\"text-align: justify;\">Celle-ci contient des informations et des rappels importants concernant notamment les d\u00e9lais prescrits pour adh\u00e9rer au <em>R\u00e9gime d&#8217;assurance collective de l&#8217;APRFAE<\/em> (contrat 109995) et \u00e0 l\u2019assurance vie (contrat 9995R), des informations sur les autres types d\u2019assurances qui vous sont offertes comme personnes retrait\u00e9es ainsi que plusieurs renseignements sur l\u2019Association.<\/p>\n<p><strong>Deux fa\u00e7ons d\u2019obtenir la trousse d&#8217;information :<\/strong><\/p>\n<ol>\n<li>La version papier est disponible en faisant la demande aupr\u00e8s de votre syndicat local. Pour des raisons \u00e9cologiques et \u00e9conomiques, cette version est distribu\u00e9e en quantit\u00e9 limit\u00e9e puisqu\u2019elle a \u00e9t\u00e9 con\u00e7ue pour les personnes qui n\u2019ont pas d\u2019ordinateur \u00e0 la maison.<\/li>\n<\/ol>\n<ol start=\"2\">\n<li>L\u2019APRFAE privil\u00e9gie la version \u00e9lectronique que l\u2019on peut obtenir de trois fa\u00e7ons :<\/li>\n<\/ol>\n<ul>\n<li>En faisant la demande directement \u00e0 notre adresse courriel\u00a0: <a href=\"mailto:retraites@aprfae.ca\">retraites@aprfae.ca<\/a>;<\/li>\n<li>En remplissant une demande en ligne. Vous n\u2019avez qu\u2019\u00e0 cliquer sur ce lien : <a href=\"https:\/\/capri-matique.com\/client\/aprfae5\/pour-nous-joindre\/#\" target=\"_blank\" rel=\"noopener noreferrer\">Pour nous joindre<\/a>\u00a0<\/li>\n<li>En t\u00e9l\u00e9phonant au secr\u00e9tariat de l\u2019Association au 514 666-6969.<\/li>\n<\/ul>\n<p>Les personnes qui nous laisseront leur courriel pourront ainsi recevoir une communication \u00e9lectronique avant la date de prise de la retraite.<\/p>\n<\/div><\/div>\n<\/p><\/div>\n<\/section>\n","protected":false},"excerpt":{"rendered":"<p>La trousse d&#8217;information de l&#8217;APRFAE L\u2019Association offre une trousse d&#8217;information aux membres des syndicats affili\u00e9s et leur personnel employ\u00e9 ainsi que celui de la FAE. Elle est con\u00e7ue pour les personnes qui ont d\u00e9cid\u00e9 de prendre leur retraite durant l\u2019ann\u00e9e en cours. Celle-ci contient des informations et des rappels importants concernant notamment les d\u00e9lais prescrits &hellip;<\/p>\n","protected":false},"author":2,"featured_media":0,"parent":1378,"menu_order":0,"comment_status":"closed","ping_status":"closed","template":"template-builder.php","meta":{"footnotes":""},"class_list":["post-5890","page","type-page","status-publish","hentry"],"yoast_head":"<!-- This site is optimized with the Yoast SEO plugin v17.3 - https:\/\/yoast.com\/wordpress\/plugins\/seo\/ -->\n<title>Trousse de l&#039;APRFAE - Association de personnes retrait\u00e9es de la FAE<\/title>\n<meta name=\"robots\" content=\"noindex, follow, max-snippet:-1, max-image-preview:large, max-video-preview:-1\" \/>\n<meta property=\"og:locale\" content=\"fr_FR\" \/>\n<meta property=\"og:type\" content=\"article\" \/>\n<meta property=\"og:title\" content=\"Trousse de l&#039;APRFAE - Association de personnes retrait\u00e9es de la FAE\" \/>\n<meta property=\"og:description\" content=\"La trousse d&#8217;information de l&#8217;APRFAE L\u2019Association offre une trousse d&#8217;information aux membres des syndicats affili\u00e9s et leur personnel employ\u00e9 ainsi que celui de la FAE. Elle est con\u00e7ue pour les personnes qui ont d\u00e9cid\u00e9 de prendre leur retraite durant l\u2019ann\u00e9e en cours. Celle-ci contient des informations et des rappels importants concernant notamment les d\u00e9lais prescrits &hellip;\" \/>\n<meta property=\"og:url\" content=\"https:\/\/www.capri-matique.com\/client\/aprfae5\/planification\/trousse\/\" \/>\n<meta property=\"og:site_name\" content=\"Association de personnes retrait\u00e9es de la FAE\" \/>\n<meta property=\"article:modified_time\" content=\"2021-02-04T20:35:03+00:00\" \/>\n<meta name=\"twitter:card\" content=\"summary\" \/>\n<meta name=\"twitter:label1\" content=\"Dur\u00e9e de lecture estim\u00e9e\" \/>\n\t<meta name=\"twitter:data1\" content=\"1 minute\" \/>\n<script type=\"application\/ld+json\" class=\"yoast-schema-graph\">{\"@context\":\"https:\/\/schema.org\",\"@graph\":[{\"@type\":\"WebSite\",\"@id\":\"https:\/\/www.capri-matique.com\/client\/aprfae5\/#website\",\"url\":\"https:\/\/www.capri-matique.com\/client\/aprfae5\/\",\"name\":\"Association de personnes retrait\\u00e9es de la FAE\",\"description\":\"L&#039;association qui nous unit\",\"potentialAction\":[{\"@type\":\"SearchAction\",\"target\":{\"@type\":\"EntryPoint\",\"urlTemplate\":\"https:\/\/www.capri-matique.com\/client\/aprfae5\/?s={search_term_string}\"},\"query-input\":\"required name=search_term_string\"}],\"inLanguage\":\"fr-FR\"},{\"@type\":\"WebPage\",\"@id\":\"https:\/\/www.capri-matique.com\/client\/aprfae5\/planification\/trousse\/#webpage\",\"url\":\"https:\/\/www.capri-matique.com\/client\/aprfae5\/planification\/trousse\/\",\"name\":\"Trousse de l'APRFAE - Association de personnes retrait\\u00e9es de la FAE\",\"isPartOf\":{\"@id\":\"https:\/\/www.capri-matique.com\/client\/aprfae5\/#website\"},\"datePublished\":\"2020-03-30T20:10:24+00:00\",\"dateModified\":\"2021-02-04T20:35:03+00:00\",\"breadcrumb\":{\"@id\":\"https:\/\/www.capri-matique.com\/client\/aprfae5\/planification\/trousse\/#breadcrumb\"},\"inLanguage\":\"fr-FR\",\"potentialAction\":[{\"@type\":\"ReadAction\",\"target\":[\"https:\/\/www.capri-matique.com\/client\/aprfae5\/planification\/trousse\/\"]}]},{\"@type\":\"BreadcrumbList\",\"@id\":\"https:\/\/www.capri-matique.com\/client\/aprfae5\/planification\/trousse\/#breadcrumb\",\"itemListElement\":[{\"@type\":\"ListItem\",\"position\":1,\"name\":\"Accueil\",\"item\":\"https:\/\/www.capri-matique.com\/client\/aprfae5\/\"},{\"@type\":\"ListItem\",\"position\":2,\"name\":\"Planifier sa retraite\",\"item\":\"https:\/\/www.capri-matique.com\/client\/aprfae5\/planification\/\"},{\"@type\":\"ListItem\",\"position\":3,\"name\":\"Trousse de l&#8217;APRFAE\"}]}]}<\/script>\n<!-- \/ Yoast SEO plugin. -->","yoast_head_json":{"title":"Trousse de l'APRFAE - Association de personnes retrait\u00e9es de la FAE","robots":{"index":"noindex","follow":"follow","max-snippet":"max-snippet:-1","max-image-preview":"max-image-preview:large","max-video-preview":"max-video-preview:-1"},"og_locale":"fr_FR","og_type":"article","og_title":"Trousse de l'APRFAE - Association de personnes retrait\u00e9es de la FAE","og_description":"La trousse d&#8217;information de l&#8217;APRFAE L\u2019Association offre une trousse d&#8217;information aux membres des syndicats affili\u00e9s et leur personnel employ\u00e9 ainsi que celui de la FAE. Elle est con\u00e7ue pour les personnes qui ont d\u00e9cid\u00e9 de prendre leur retraite durant l\u2019ann\u00e9e en cours. Celle-ci contient des informations et des rappels importants concernant notamment les d\u00e9lais prescrits &hellip;","og_url":"https:\/\/www.capri-matique.com\/client\/aprfae5\/planification\/trousse\/","og_site_name":"Association de personnes retrait\u00e9es de la FAE","article_modified_time":"2021-02-04T20:35:03+00:00","twitter_card":"summary","twitter_misc":{"Dur\u00e9e de lecture estim\u00e9e":"1 minute"},"schema":{"@context":"https:\/\/schema.org","@graph":[{"@type":"WebSite","@id":"https:\/\/www.capri-matique.com\/client\/aprfae5\/#website","url":"https:\/\/www.capri-matique.com\/client\/aprfae5\/","name":"Association de personnes retrait\u00e9es de la FAE","description":"L&#039;association qui nous unit","potentialAction":[{"@type":"SearchAction","target":{"@type":"EntryPoint","urlTemplate":"https:\/\/www.capri-matique.com\/client\/aprfae5\/?s={search_term_string}"},"query-input":"required name=search_term_string"}],"inLanguage":"fr-FR"},{"@type":"WebPage","@id":"https:\/\/www.capri-matique.com\/client\/aprfae5\/planification\/trousse\/#webpage","url":"https:\/\/www.capri-matique.com\/client\/aprfae5\/planification\/trousse\/","name":"Trousse de l'APRFAE - Association de personnes retrait\u00e9es de la FAE","isPartOf":{"@id":"https:\/\/www.capri-matique.com\/client\/aprfae5\/#website"},"datePublished":"2020-03-30T20:10:24+00:00","dateModified":"2021-02-04T20:35:03+00:00","breadcrumb":{"@id":"https:\/\/www.capri-matique.com\/client\/aprfae5\/planification\/trousse\/#breadcrumb"},"inLanguage":"fr-FR","potentialAction":[{"@type":"ReadAction","target":["https:\/\/www.capri-matique.com\/client\/aprfae5\/planification\/trousse\/"]}]},{"@type":"BreadcrumbList","@id":"https:\/\/www.capri-matique.com\/client\/aprfae5\/planification\/trousse\/#breadcrumb","itemListElement":[{"@type":"ListItem","position":1,"name":"Accueil","item":"https:\/\/www.capri-matique.com\/client\/aprfae5\/"},{"@type":"ListItem","position":2,"name":"Planifier sa retraite","item":"https:\/\/www.capri-matique.com\/client\/aprfae5\/planification\/"},{"@type":"ListItem","position":3,"name":"Trousse de l&#8217;APRFAE"}]}]}},"_links":{"self":[{"href":"https:\/\/www.capri-matique.com\/client\/aprfae5\/wp-json\/wp\/v2\/pages\/5890","targetHints":{"allow":["GET"]}}],"collection":[{"href":"https:\/\/www.capri-matique.com\/client\/aprfae5\/wp-json\/wp\/v2\/pages"}],"about":[{"href":"https:\/\/www.capri-matique.com\/client\/aprfae5\/wp-json\/wp\/v2\/types\/page"}],"author":[{"embeddable":true,"href":"https:\/\/www.capri-matique.com\/client\/aprfae5\/wp-json\/wp\/v2\/users\/2"}],"replies":[{"embeddable":true,"href":"https:\/\/www.capri-matique.com\/client\/aprfae5\/wp-json\/wp\/v2\/comments?post=5890"}],"version-history":[{"count":13,"href":"https:\/\/www.capri-matique.com\/client\/aprfae5\/wp-json\/wp\/v2\/pages\/5890\/revisions"}],"predecessor-version":[{"id":6939,"href":"https:\/\/www.capri-matique.com\/client\/aprfae5\/wp-json\/wp\/v2\/pages\/5890\/revisions\/6939"}],"up":[{"embeddable":true,"href":"https:\/\/www.capri-matique.com\/client\/aprfae5\/wp-json\/wp\/v2\/pages\/1378"}],"wp:attachment":[{"href":"https:\/\/www.capri-matique.com\/client\/aprfae5\/wp-json\/wp\/v2\/media?parent=5890"}],"curies":[{"name":"wp","href":"https:\/\/api.w.org\/{rel}","templated":true}]}}