{"id":5668,"date":"2016-06-01T20:38:38","date_gmt":"2016-06-01T20:38:38","guid":{"rendered":"https:\/\/capri-matique.com\/client\/aprfae5\/?page_id=8"},"modified":"2021-01-15T13:51:19","modified_gmt":"2021-01-15T18:51:19","slug":"depuis-2011","status":"publish","type":"page","link":"https:\/\/www.capri-matique.com\/client\/aprfae5\/lapres-fae\/depuis-2011\/","title":{"rendered":"Num\u00e9ros ant\u00e9rieurs"},"content":{"rendered":"<section id=\"homepagepage-id-8\" class=\"builder-section-first builder-section builder-section-text builder-section-last builder-text-columns-3 layout-3-9\" style=\"background-repeat: repeat;background-position: center center;\">\n<div class=\"builder-section-content\">\n<div class=\"builder-text-row\">\n<div class=\"builder-text-column builder-text-column-1\" id=\"homepagepage-id-8-column-1\">\n<div class=\"builder-text-content\">\n\t\t\t\t\t\t<aside id=\"text-29\" class=\"widget widget_text\">\t\t\t<div class=\"textwidget\"><a href=\"https:\/\/capri-matique.com\/client\/aprfae5\/adhesion\/\" target=\"_blank\"><img decoding=\"async\" class=\"wp-image-1224 size-medium aligncenter\" src=\"https:\/\/capri-matique.com\/client\/aprfae5\/wp-content\/uploads\/2017\/02\/tableau-adh\u00e9sion-300x228.jpg\" width=150\" height=\"120\" srcset=\"https:\/\/www.capri-matique.com\/client\/aprfae5\/wp-content\/uploads\/2017\/02\/tableau-adh\u00e9sion-300x228.jpg 300w, https:\/\/www.capri-matique.com\/client\/aprfae5\/wp-content\/uploads\/2017\/02\/tableau-adh\u00e9sion-1024x778.jpg 1024w, https:\/\/www.capri-matique.com\/client\/aprfae5\/wp-content\/uploads\/2017\/02\/tableau-adh\u00e9sion-600x456.jpg 600w, https:\/\/www.capri-matique.com\/client\/aprfae5\/wp-content\/uploads\/2017\/02\/tableau-adh\u00e9sion.jpg 1150w\" sizes=\"(max-width: 300px) 100vw, 300px\" \/><\/a><\/div>\n\t\t<\/aside><aside id=\"text-68\" class=\"widget widget_text\">\t\t\t<div class=\"textwidget\"><a href=\"https:\/\/capri-matique.com\/client\/aprfae5\/image-2\/\" target=\"_blank\"><img decoding=\"async\" class=\"size-full wp-image-745 aligncenter\" src=\"https:\/\/capri-matique.com\/client\/aprfae5\/wp-content\/uploads\/2016\/11\/album-photo-1.png\" alt=\"album-photo\" width=\"125\" height=\"125\" \/><\/a><\/div>\n\t\t<\/aside><aside id=\"text-31\" class=\"widget widget_text\">\t\t\t<div class=\"textwidget\"><a href=\"https:\/\/capri-matique.com\/client\/aprfae5\/wp-content\/uploads\/2020\/04\/piggy-bank-1595992_640.jpg\"><img decoding=\"async\" class=\"size-full wp-image-700 aligncenter\" src=\"https:\/\/capri-matique.com\/client\/aprfae5\/wp-content\/uploads\/2016\/09\/rabais-avantages-1.png\" alt=\"rabais-avantages\" width=\"160\" height=\"75\" \/><\/a><\/div>\n\t\t<\/aside><aside id=\"text-30\" class=\"widget widget_text\">\t\t\t<div class=\"textwidget\"><a href=\"https:\/\/capri-matique.com\/client\/aprfae5\/pour-nous-joindre\/\" target=\"_blank\"><img decoding=\"async\" class=\"size-full wp-image-1231 aligncenter\" src=\"https:\/\/capri-matique.com\/client\/aprfae5\/wp-content\/uploads\/2017\/02\/joindreB150.jpg\" alt=\"joindreB150\" width=\"150\" height=\"151\" \/><\/a><\/div>\n\t\t<\/aside>\t\t\t\t\t<\/div>\n<\/p><\/div>\n<div class=\"builder-text-column builder-text-column-2\" id=\"homepagepage-id-8-column-2\">\n<div class=\"builder-text-content\">\n<p style=\"text-align: center;\"><a href=\"https:\/\/capri-matique.com\/client\/aprfae5\/wp-content\/uploads\/2019\/06\/LAPRES-FAE-Vol-9-No-2_juin2019.pdf\" target=\"_blank\" rel=\"noopener noreferrer\">L&#8217;APRES FAE vol 9 No 2 juin 2019<\/a><\/p>\n<p style=\"text-align: center;\"><a href=\"https:\/\/capri-matique.com\/client\/aprfae5\/wp-content\/uploads\/2019\/03\/LAPRES-FAE-Vol-9-No-1_mars2019.pdf\" target=\"_blank\" rel=\"noopener noreferrer\">L&#8217;APRES FAE vol 9 No 1 mars 2019<\/a><\/p>\n<p style=\"text-align: center;\"><a href=\"https:\/\/capri-matique.com\/client\/aprfae5\/wp-content\/uploads\/2018\/10\/LAPRESFAEvol8No3octobre2018.pdf\" target=\"_blank\" rel=\"noopener noreferrer\">L&#8217;APRES FAE vol 8 No 3 octobre 2018<\/a><\/p>\n<p style=\"text-align: center;\"><a href=\"https:\/\/capri-matique.com\/client\/aprfae5\/wp-content\/uploads\/2018\/06\/LAPRESFAEvol8No2juin2018.pdf\" target=\"_blank\" rel=\"noopener noreferrer\">L&#8217;APRES FAE vol 8 No 2 juin 2018<\/a><\/p>\n<p style=\"text-align: center;\"><a href=\"https:\/\/capri-matique.com\/client\/aprfae5\/wp-content\/uploads\/2018\/03\/LAPRES-FAEvol8No1mars2018.pdf\" target=\"_blank\" rel=\"noopener noreferrer\">L&#8217;APRES FAE vol 8 No 1 mars 2018<\/a><\/p>\n<p style=\"text-align: center;\"><a href=\"https:\/\/capri-matique.com\/client\/aprfae5\/wp-content\/uploads\/2017\/10\/LAPRESFAEvol7No3oct2017.pdf\" target=\"_blank\" rel=\"noopener noreferrer\">L&#8217;APRES FAE vol 7 No 3 octobre 2017<\/a><\/p>\n<p style=\"text-align: center;\"><a href=\"https:\/\/capri-matique.com\/client\/aprfae5\/wp-content\/uploads\/2017\/06\/LAPRESFAEvol7No2juin2017.pdf\" target=\"_blank\" rel=\"noopener noreferrer\">L&#8217;APRES FAE vol 7 No2 juin 2017<\/a><\/p>\n<p style=\"text-align: center;\"><a href=\"https:\/\/capri-matique.com\/client\/aprfae5\/wp-content\/uploads\/2016\/09\/LAPRES-FAE-Vol-7-No-1-mars-2017br.pdf\">L&#8217;APRES FAE vol 7 No1 mars 2017<\/a><\/p>\n<p style=\"text-align: center;\"><a style=\"color: #000000;\" href=\"https:\/\/capri-matique.com\/client\/aprfae5\/wp-content\/uploads\/2016\/10\/LAPRES-FAE-Vol-6-No3-oct2016.pdf\" target=\"_blank\" rel=\"noopener noreferrer\">L&#8217;APRES FAE vol 6 No3 octobre 2016<\/a><\/p>\n<p style=\"text-align: center;\"><span style=\"color: #000000;\"><a style=\"color: #000000;\" href=\"https:\/\/capri-matique.com\/client\/aprfae5\/wp-content\/uploads\/2016\/09\/LAPRESFAEvol6No2juin2016.pdf\" target=\"_blank\" rel=\"noopener noreferrer\">L&#8217;APRES FAE vol 6 No2 juin 2016<\/a><\/span><\/p>\n<p style=\"text-align: center;\"><span style=\"color: #000000;\"><a style=\"color: #000000;\" href=\"https:\/\/capri-matique.com\/client\/aprfae5\/wp-content\/uploads\/2016\/09\/LAPRESFAEvol6No1mars2016-1.pdf\">L&#8217;APRES FAE vol 6 No1 mars 2016<\/a><\/span><\/p>\n<p style=\"text-align: center;\"><span style=\"color: #000000;\"><a style=\"color: #000000;\" href=\"https:\/\/capri-matique.com\/client\/aprfae5\/wp-content\/uploads\/2016\/09\/LAPRESFAEvol5No3octobre2015.pdf\">L&#8217;APRES FAE vol 5 No3 octobre 2015<\/a><\/span><\/p>\n<p style=\"text-align: center;\"><span style=\"color: #000000;\"><a style=\"color: #000000;\" href=\"https:\/\/capri-matique.com\/client\/aprfae5\/wp-content\/uploads\/2016\/09\/LAPRESFAEvol5No2juin2015.pdf\">L&#8217;APRES FAE vol5 No2 juin 2015<\/a><\/span><\/p>\n<p style=\"text-align: center;\"><span style=\"color: #000000;\"><a style=\"color: #000000;\" href=\"https:\/\/capri-matique.com\/client\/aprfae5\/wp-content\/uploads\/2016\/09\/LAPRESFAEvol5No1mars2015.pdf\">L&#8217;APRES F<\/a><\/span><span style=\"color: #000000;\"><a style=\"color: #000000;\" href=\"https:\/\/capri-matique.com\/client\/aprfae5\/wp-content\/uploads\/2016\/09\/LAPRESFAEvol5No1mars2015.pdf\">AE vol 5 No1 mars 2015<\/a><\/span><\/p>\n<p style=\"text-align: center;\"><span style=\"color: #000000;\"><a style=\"color: #000000;\" href=\"https:\/\/capri-matique.com\/client\/aprfae5\/wp-content\/uploads\/2016\/09\/LAPRESFAEvol4No3octobre2014.pdf\">L&#8217;APRES FAE vol 4 No3 octobre 2014<\/a><\/span><\/p>\n<p style=\"text-align: center;\"><span style=\"color: #000000;\"><a style=\"color: #000000;\" href=\"https:\/\/capri-matique.com\/client\/aprfae5\/wp-content\/uploads\/2016\/09\/LAPRESFAEvol4No2juin2014.pdf\">L&#8217;APRES FAE vol 4 No2 juin 2014<\/a><\/span><\/p>\n<p style=\"text-align: center;\"><span style=\"color: #000000;\"><a style=\"color: #000000;\" href=\"https:\/\/capri-matique.com\/client\/aprfae5\/wp-content\/uploads\/2016\/09\/LAPRESFAEvol4No1mars2014.pdf\">L&#8217;APRES FAE vol 4 No1 mars 2014<\/a><\/span><\/p>\n<p style=\"text-align: center;\"><span style=\"color: #000000;\"><a style=\"color: #000000;\" href=\"https:\/\/capri-matique.com\/client\/aprfae5\/wp-content\/uploads\/2016\/09\/LAPRESFAEvol3No3octobre2013.pdf\">L&#8217;APRES FAE vol 3 No3 octobre 2013<\/a><\/span><\/p>\n<p style=\"text-align: center;\"><span style=\"color: #000000;\"><a style=\"color: #000000;\" href=\"https:\/\/capri-matique.com\/client\/aprfae5\/wp-content\/uploads\/2016\/09\/LAPRESFAEvol3No2juin2013.pdf\">L&#8217;APRES FAE vol 3 No2 juin 2013<\/a><\/span><\/p>\n<p style=\"text-align: center;\"><span style=\"color: #000000;\"><a style=\"color: #000000;\" href=\"https:\/\/capri-matique.com\/client\/aprfae5\/wp-content\/uploads\/2016\/09\/LAPRESFAEvol3No1mars2013.pdf\">L&#8217;APRES FAE vol 3 No1 mars 2013<\/a><\/span><\/p>\n<p style=\"text-align: center;\"><span style=\"color: #000000;\"><a style=\"color: #000000;\" href=\"https:\/\/capri-matique.com\/client\/aprfae5\/wp-content\/uploads\/2016\/09\/LAPRESFAEvol2No3octobre2012.pdf\">L&#8217;APRES FAE vol 2 No3 octobre 2012<\/a><\/span><\/p>\n<p style=\"text-align: center;\"><span style=\"color: #000000;\"><a style=\"color: #000000;\" href=\"https:\/\/capri-matique.com\/client\/aprfae5\/wp-content\/uploads\/2016\/09\/LAPRESFAEvol2No2juin2012.pdf\">L&#8217;APRES FAE vol 2 No2 juin 2012<\/a><\/span><\/p>\n<p style=\"text-align: center;\"><span style=\"color: #000000;\"><a style=\"color: #000000;\" href=\"https:\/\/capri-matique.com\/client\/aprfae5\/wp-content\/uploads\/2016\/09\/LAPRESFAEvol2No1f\u00e9vrier2012.pdf\">L&#8217;APRESFAE vol 2 No1 f\u00e9vrier 2012<\/a><\/span><\/p>\n<p style=\"text-align: center;\"><span style=\"color: #000000;\"><a style=\"color: #000000;\" href=\"https:\/\/capri-matique.com\/client\/aprfae5\/wp-content\/uploads\/2016\/09\/LAPRESFAEvol1No2octobre2011.pdf\">L&#8217;APRES FAE vol 1 No2 octobre 2011<\/a><\/span><\/p>\n<p style=\"text-align: center;\"><span style=\"color: #000000;\"><a style=\"color: #000000;\" href=\"https:\/\/capri-matique.com\/client\/aprfae5\/wp-content\/uploads\/2016\/09\/LAPRESFAEvol1No1avril2011.pdf\">L&#8217;APRES FAE vol 1 No1 avril 2011<\/a><\/span><\/p>\n<p style=\"text-align: center;\">\u00a0<\/p>\n<\/p><\/div>\n<\/p><\/div>\n<div class=\"builder-text-column builder-text-column-3\" id=\"homepagepage-id-8-column-3\">\n<div class=\"builder-text-content\">\n\t\t\t\t\t\t<aside id=\"search-8\" class=\"widget widget_search\">\n<form role=\"search\" method=\"get\" class=\"search-form\" action=\"https:\/\/www.capri-matique.com\/client\/aprfae5\/\">\n\t<input type=\"search\" class=\"search-field\" id=\"search-field\" placeholder=\"Rechercher&hellip;\" title=\"Tapez sur Entr\u00e9e pour lancer votre recherche\" value=\"\" name=\"s\" aria-label=\"Rechercher\">\n\t<input type=\"submit\" class=\"search-submit\" value=\"Rechercher\" aria-label=\"Rechercher\" role=\"button\">\n<\/form>\n<\/aside><aside id=\"text-69\" class=\"widget widget_text\">\t\t\t<div class=\"textwidget\"><a href=\"https:\/\/capri-matique.com\/client\/aprfae5\/lapres-fae\/\"><img loading=\"lazy\" decoding=\"async\" class=\"size-medium wp-image-490 aligncenter\" src=\"https:\/\/capri-matique.com\/client\/aprfae5\/wp-content\/uploads\/2016\/09\/logo-aprfae300-300x188.jpg\" alt=\"logo-aprfae300\" width=\"300\" height=\"188\" \/><\/a><\/div>\n\t\t<\/aside>\t\t\t\t\t<\/div>\n<\/p><\/div>\n<\/p><\/div>\n<\/p><\/div>\n<\/section>\n","protected":false},"excerpt":{"rendered":"<p>L&#8217;APRES FAE vol 9 No 2 juin 2019 L&#8217;APRES FAE vol 9 No 1 mars 2019 L&#8217;APRES FAE vol 8 No 3 octobre 2018 L&#8217;APRES FAE vol 8 No 2 juin 2018 L&#8217;APRES FAE vol 8 No 1 mars 2018 L&#8217;APRES FAE vol 7 No 3 octobre 2017 L&#8217;APRES FAE vol 7 No2 juin 2017 &hellip;<\/p>\n","protected":false},"author":2,"featured_media":0,"parent":546,"menu_order":0,"comment_status":"closed","ping_status":"closed","template":"template-builder.php","meta":{"footnotes":""},"class_list":["post-5668","page","type-page","status-publish","hentry"],"yoast_head":"<!-- This site is optimized with the Yoast SEO plugin v17.3 - https:\/\/yoast.com\/wordpress\/plugins\/seo\/ -->\n<title>Num\u00e9ros ant\u00e9rieurs - Association de personnes retrait\u00e9es de la FAE<\/title>\n<meta name=\"robots\" content=\"noindex, follow, max-snippet:-1, max-image-preview:large, max-video-preview:-1\" \/>\n<meta property=\"og:locale\" content=\"fr_FR\" \/>\n<meta property=\"og:type\" content=\"article\" \/>\n<meta property=\"og:title\" content=\"Num\u00e9ros ant\u00e9rieurs - Association de personnes retrait\u00e9es de la FAE\" \/>\n<meta property=\"og:description\" content=\"L&#8217;APRES FAE vol 9 No 2 juin 2019 L&#8217;APRES FAE vol 9 No 1 mars 2019 L&#8217;APRES FAE vol 8 No 3 octobre 2018 L&#8217;APRES FAE vol 8 No 2 juin 2018 L&#8217;APRES FAE vol 8 No 1 mars 2018 L&#8217;APRES FAE vol 7 No 3 octobre 2017 L&#8217;APRES FAE vol 7 No2 juin 2017 &hellip;\" \/>\n<meta property=\"og:url\" content=\"https:\/\/www.capri-matique.com\/client\/aprfae5\/lapres-fae\/depuis-2011\/\" \/>\n<meta property=\"og:site_name\" content=\"Association de personnes retrait\u00e9es de la FAE\" \/>\n<meta property=\"article:modified_time\" content=\"2021-01-15T18:51:19+00:00\" \/>\n<meta name=\"twitter:card\" content=\"summary\" \/>\n<meta name=\"twitter:label1\" content=\"Dur\u00e9e de lecture estim\u00e9e\" \/>\n\t<meta name=\"twitter:data1\" content=\"1 minute\" \/>\n<script type=\"application\/ld+json\" class=\"yoast-schema-graph\">{\"@context\":\"https:\/\/schema.org\",\"@graph\":[{\"@type\":\"WebSite\",\"@id\":\"https:\/\/www.capri-matique.com\/client\/aprfae5\/#website\",\"url\":\"https:\/\/www.capri-matique.com\/client\/aprfae5\/\",\"name\":\"Association de personnes retrait\\u00e9es de la FAE\",\"description\":\"L&#039;association qui nous unit\",\"potentialAction\":[{\"@type\":\"SearchAction\",\"target\":{\"@type\":\"EntryPoint\",\"urlTemplate\":\"https:\/\/www.capri-matique.com\/client\/aprfae5\/?s={search_term_string}\"},\"query-input\":\"required name=search_term_string\"}],\"inLanguage\":\"fr-FR\"},{\"@type\":\"WebPage\",\"@id\":\"https:\/\/www.capri-matique.com\/client\/aprfae5\/lapres-fae\/depuis-2011\/#webpage\",\"url\":\"https:\/\/www.capri-matique.com\/client\/aprfae5\/lapres-fae\/depuis-2011\/\",\"name\":\"Num\\u00e9ros ant\\u00e9rieurs - Association de personnes retrait\\u00e9es de la FAE\",\"isPartOf\":{\"@id\":\"https:\/\/www.capri-matique.com\/client\/aprfae5\/#website\"},\"datePublished\":\"2016-06-01T20:38:38+00:00\",\"dateModified\":\"2021-01-15T18:51:19+00:00\",\"breadcrumb\":{\"@id\":\"https:\/\/www.capri-matique.com\/client\/aprfae5\/lapres-fae\/depuis-2011\/#breadcrumb\"},\"inLanguage\":\"fr-FR\",\"potentialAction\":[{\"@type\":\"ReadAction\",\"target\":[\"https:\/\/www.capri-matique.com\/client\/aprfae5\/lapres-fae\/depuis-2011\/\"]}]},{\"@type\":\"BreadcrumbList\",\"@id\":\"https:\/\/www.capri-matique.com\/client\/aprfae5\/lapres-fae\/depuis-2011\/#breadcrumb\",\"itemListElement\":[{\"@type\":\"ListItem\",\"position\":1,\"name\":\"Accueil\",\"item\":\"https:\/\/www.capri-matique.com\/client\/aprfae5\/\"},{\"@type\":\"ListItem\",\"position\":2,\"name\":\"L&#8217;Apr\\u00e8s FAE\",\"item\":\"https:\/\/www.capri-matique.com\/client\/aprfae5\/lapres-fae\/\"},{\"@type\":\"ListItem\",\"position\":3,\"name\":\"Num\\u00e9ros ant\\u00e9rieurs\"}]}]}<\/script>\n<!-- \/ Yoast SEO plugin. -->","yoast_head_json":{"title":"Num\u00e9ros ant\u00e9rieurs - Association de personnes retrait\u00e9es de la FAE","robots":{"index":"noindex","follow":"follow","max-snippet":"max-snippet:-1","max-image-preview":"max-image-preview:large","max-video-preview":"max-video-preview:-1"},"og_locale":"fr_FR","og_type":"article","og_title":"Num\u00e9ros ant\u00e9rieurs - Association de personnes retrait\u00e9es de la FAE","og_description":"L&#8217;APRES FAE vol 9 No 2 juin 2019 L&#8217;APRES FAE vol 9 No 1 mars 2019 L&#8217;APRES FAE vol 8 No 3 octobre 2018 L&#8217;APRES FAE vol 8 No 2 juin 2018 L&#8217;APRES FAE vol 8 No 1 mars 2018 L&#8217;APRES FAE vol 7 No 3 octobre 2017 L&#8217;APRES FAE vol 7 No2 juin 2017 &hellip;","og_url":"https:\/\/www.capri-matique.com\/client\/aprfae5\/lapres-fae\/depuis-2011\/","og_site_name":"Association de personnes retrait\u00e9es de la FAE","article_modified_time":"2021-01-15T18:51:19+00:00","twitter_card":"summary","twitter_misc":{"Dur\u00e9e de lecture estim\u00e9e":"1 minute"},"schema":{"@context":"https:\/\/schema.org","@graph":[{"@type":"WebSite","@id":"https:\/\/www.capri-matique.com\/client\/aprfae5\/#website","url":"https:\/\/www.capri-matique.com\/client\/aprfae5\/","name":"Association de personnes retrait\u00e9es de la FAE","description":"L&#039;association qui nous unit","potentialAction":[{"@type":"SearchAction","target":{"@type":"EntryPoint","urlTemplate":"https:\/\/www.capri-matique.com\/client\/aprfae5\/?s={search_term_string}"},"query-input":"required name=search_term_string"}],"inLanguage":"fr-FR"},{"@type":"WebPage","@id":"https:\/\/www.capri-matique.com\/client\/aprfae5\/lapres-fae\/depuis-2011\/#webpage","url":"https:\/\/www.capri-matique.com\/client\/aprfae5\/lapres-fae\/depuis-2011\/","name":"Num\u00e9ros ant\u00e9rieurs - Association de personnes retrait\u00e9es de la FAE","isPartOf":{"@id":"https:\/\/www.capri-matique.com\/client\/aprfae5\/#website"},"datePublished":"2016-06-01T20:38:38+00:00","dateModified":"2021-01-15T18:51:19+00:00","breadcrumb":{"@id":"https:\/\/www.capri-matique.com\/client\/aprfae5\/lapres-fae\/depuis-2011\/#breadcrumb"},"inLanguage":"fr-FR","potentialAction":[{"@type":"ReadAction","target":["https:\/\/www.capri-matique.com\/client\/aprfae5\/lapres-fae\/depuis-2011\/"]}]},{"@type":"BreadcrumbList","@id":"https:\/\/www.capri-matique.com\/client\/aprfae5\/lapres-fae\/depuis-2011\/#breadcrumb","itemListElement":[{"@type":"ListItem","position":1,"name":"Accueil","item":"https:\/\/www.capri-matique.com\/client\/aprfae5\/"},{"@type":"ListItem","position":2,"name":"L&#8217;Apr\u00e8s FAE","item":"https:\/\/www.capri-matique.com\/client\/aprfae5\/lapres-fae\/"},{"@type":"ListItem","position":3,"name":"Num\u00e9ros ant\u00e9rieurs"}]}]}},"_links":{"self":[{"href":"https:\/\/www.capri-matique.com\/client\/aprfae5\/wp-json\/wp\/v2\/pages\/5668","targetHints":{"allow":["GET"]}}],"collection":[{"href":"https:\/\/www.capri-matique.com\/client\/aprfae5\/wp-json\/wp\/v2\/pages"}],"about":[{"href":"https:\/\/www.capri-matique.com\/client\/aprfae5\/wp-json\/wp\/v2\/types\/page"}],"author":[{"embeddable":true,"href":"https:\/\/www.capri-matique.com\/client\/aprfae5\/wp-json\/wp\/v2\/users\/2"}],"replies":[{"embeddable":true,"href":"https:\/\/www.capri-matique.com\/client\/aprfae5\/wp-json\/wp\/v2\/comments?post=5668"}],"version-history":[{"count":4,"href":"https:\/\/www.capri-matique.com\/client\/aprfae5\/wp-json\/wp\/v2\/pages\/5668\/revisions"}],"predecessor-version":[{"id":6819,"href":"https:\/\/www.capri-matique.com\/client\/aprfae5\/wp-json\/wp\/v2\/pages\/5668\/revisions\/6819"}],"up":[{"embeddable":true,"href":"https:\/\/www.capri-matique.com\/client\/aprfae5\/wp-json\/wp\/v2\/pages\/546"}],"wp:attachment":[{"href":"https:\/\/www.capri-matique.com\/client\/aprfae5\/wp-json\/wp\/v2\/media?parent=5668"}],"curies":[{"name":"wp","href":"https:\/\/api.w.org\/{rel}","templated":true}]}}