{"id":546,"date":"2016-06-01T20:38:38","date_gmt":"2016-06-01T20:38:38","guid":{"rendered":"https:\/\/capri-matique.com\/client\/aprfae5\/?page_id=8"},"modified":"2023-04-12T13:17:18","modified_gmt":"2023-04-12T17:17:18","slug":"lapres-fae","status":"publish","type":"page","link":"https:\/\/www.capri-matique.com\/client\/aprfae5\/lapres-fae\/","title":{"rendered":"L&#8217;Apr\u00e8s FAE"},"content":{"rendered":"<section id=\"homepagepage-id-8\" class=\"builder-section-first builder-section builder-section-text builder-section-last builder-text-columns-3 layout-3-9\" style=\"background-repeat: repeat;background-position: center center;\">\n<div class=\"builder-section-content\">\n<div class=\"builder-text-row\">\n<div class=\"builder-text-column builder-text-column-1\" id=\"homepagepage-id-8-column-1\">\n<div class=\"builder-text-content\">\n\t\t\t\t\t\t<aside id=\"text-29\" class=\"widget widget_text\">\t\t\t<div class=\"textwidget\"><a href=\"https:\/\/capri-matique.com\/client\/aprfae5\/adhesion\/\" target=\"_blank\"><img decoding=\"async\" class=\"wp-image-1224 size-medium aligncenter\" src=\"https:\/\/capri-matique.com\/client\/aprfae5\/wp-content\/uploads\/2017\/02\/tableau-adh\u00e9sion-300x228.jpg\" width=150\" height=\"120\" srcset=\"https:\/\/www.capri-matique.com\/client\/aprfae5\/wp-content\/uploads\/2017\/02\/tableau-adh\u00e9sion-300x228.jpg 300w, https:\/\/www.capri-matique.com\/client\/aprfae5\/wp-content\/uploads\/2017\/02\/tableau-adh\u00e9sion-1024x778.jpg 1024w, https:\/\/www.capri-matique.com\/client\/aprfae5\/wp-content\/uploads\/2017\/02\/tableau-adh\u00e9sion-600x456.jpg 600w, https:\/\/www.capri-matique.com\/client\/aprfae5\/wp-content\/uploads\/2017\/02\/tableau-adh\u00e9sion.jpg 1150w\" sizes=\"(max-width: 300px) 100vw, 300px\" \/><\/a><\/div>\n\t\t<\/aside><aside id=\"text-68\" class=\"widget widget_text\">\t\t\t<div class=\"textwidget\"><a href=\"https:\/\/capri-matique.com\/client\/aprfae5\/image-2\/\" target=\"_blank\"><img decoding=\"async\" class=\"size-full wp-image-745 aligncenter\" src=\"https:\/\/capri-matique.com\/client\/aprfae5\/wp-content\/uploads\/2016\/11\/album-photo-1.png\" alt=\"album-photo\" width=\"125\" height=\"125\" \/><\/a><\/div>\n\t\t<\/aside><aside id=\"text-31\" class=\"widget widget_text\">\t\t\t<div class=\"textwidget\"><a href=\"https:\/\/capri-matique.com\/client\/aprfae5\/wp-content\/uploads\/2020\/04\/piggy-bank-1595992_640.jpg\"><img decoding=\"async\" class=\"size-full wp-image-700 aligncenter\" src=\"https:\/\/capri-matique.com\/client\/aprfae5\/wp-content\/uploads\/2016\/09\/rabais-avantages-1.png\" alt=\"rabais-avantages\" width=\"160\" height=\"75\" \/><\/a><\/div>\n\t\t<\/aside><aside id=\"text-30\" class=\"widget widget_text\">\t\t\t<div class=\"textwidget\"><a href=\"https:\/\/capri-matique.com\/client\/aprfae5\/pour-nous-joindre\/\" target=\"_blank\"><img decoding=\"async\" class=\"size-full wp-image-1231 aligncenter\" src=\"https:\/\/capri-matique.com\/client\/aprfae5\/wp-content\/uploads\/2017\/02\/joindreB150.jpg\" alt=\"joindreB150\" width=\"150\" height=\"151\" \/><\/a><\/div>\n\t\t<\/aside>\t\t\t\t\t<\/div>\n<\/p><\/div>\n<div class=\"builder-text-column builder-text-column-2\" id=\"homepagepage-id-8-column-2\">\n<div class=\"builder-text-content\">\n<p style=\"text-align: center;\"><span style=\"font-size: 14pt;\">Parutions les plus r\u00e9centes:<\/span><\/p>\n<p><a href=\"https:\/\/capri-matique.com\/client\/aprfae5\/wp-content\/uploads\/2023\/04\/LAPRES-FAE-Vol-13-No-1_avril2023.pdf\" target=\"_blank\" rel=\"noopener\"><img loading=\"lazy\" decoding=\"async\" class=\"alignnone size-medium wp-image-8364 aligncenter\" src=\"https:\/\/capri-matique.com\/client\/aprfae5\/wp-content\/uploads\/2023\/04\/p1-LApres-FAE-avr2023-232x300.jpg\" alt=\"\" width=\"232\" height=\"300\" srcset=\"https:\/\/www.capri-matique.com\/client\/aprfae5\/wp-content\/uploads\/2023\/04\/p1-LApres-FAE-avr2023-232x300.jpg 232w, https:\/\/www.capri-matique.com\/client\/aprfae5\/wp-content\/uploads\/2023\/04\/p1-LApres-FAE-avr2023.jpg 612w\" sizes=\"(max-width: 232px) 100vw, 232px\" \/><\/a><\/p>\n<p style=\"text-align: center;\"><a href=\"https:\/\/capri-matique.com\/client\/aprfae5\/wp-content\/uploads\/2023\/04\/LAPRES-FAE-Vol-13-No-1_avril2023.pdf\" target=\"_blank\" rel=\"noopener\">L&#8217;APRES FAE, Vol. 13 No. 1 avril2023<\/a><\/p>\n<p style=\"text-align: center;\"><a href=\"https:\/\/capri-matique.com\/client\/aprfae5\/wp-content\/uploads\/2022\/12\/LAPRES-FAE-Vol-12-No-2_dec2022HR.pdf\" target=\"_blank\" rel=\"noopener\"><img loading=\"lazy\" decoding=\"async\" class=\"alignnone size-medium wp-image-8166\" src=\"https:\/\/capri-matique.com\/client\/aprfae5\/wp-content\/uploads\/2022\/12\/p1-LApres-FAE-dec-2022-232x300.jpg\" alt=\"\" width=\"232\" height=\"300\" srcset=\"https:\/\/www.capri-matique.com\/client\/aprfae5\/wp-content\/uploads\/2022\/12\/p1-LApres-FAE-dec-2022-232x300.jpg 232w, https:\/\/www.capri-matique.com\/client\/aprfae5\/wp-content\/uploads\/2022\/12\/p1-LApres-FAE-dec-2022.jpg 612w\" sizes=\"(max-width: 232px) 100vw, 232px\" \/><\/a><\/p>\n<p style=\"text-align: center;\"><a href=\"https:\/\/capri-matique.com\/client\/aprfae5\/wp-content\/uploads\/2022\/12\/LAPRES-FAE-Vol-12-No-2_dec2022HR.pdf\" target=\"_blank\" rel=\"noopener\">L&#8217;APR\u00c8S FAE, vol. 12, No. 2, d\u00e9cembre 2022<\/a><\/p>\n<p style=\"text-align: center;\"><a href=\"https:\/\/capri-matique.com\/client\/aprfae5\/wp-content\/uploads\/2022\/06\/LAPRESFAEVol12No1juin2022.pdf\" target=\"_blank\" rel=\"noopener\"><img loading=\"lazy\" decoding=\"async\" class=\"alignnone wp-image-7765 size-medium\" src=\"https:\/\/capri-matique.com\/client\/aprfae5\/wp-content\/uploads\/2022\/06\/couvertureLAPRESFAEjuin2022-232x300.jpg\" alt=\"\" width=\"232\" height=\"300\" srcset=\"https:\/\/www.capri-matique.com\/client\/aprfae5\/wp-content\/uploads\/2022\/06\/couvertureLAPRESFAEjuin2022-232x300.jpg 232w, https:\/\/www.capri-matique.com\/client\/aprfae5\/wp-content\/uploads\/2022\/06\/couvertureLAPRESFAEjuin2022.jpg 612w\" sizes=\"(max-width: 232px) 100vw, 232px\" \/><\/a><\/p>\n<p style=\"text-align: center;\"><a href=\"https:\/\/capri-matique.com\/client\/aprfae5\/wp-content\/uploads\/2022\/06\/LAPRESFAEVol12No1juin2022.pdf\" target=\"_blank\" rel=\"noopener\">L&#8217;APR\u00c8S FAE, vol. 12, No. 1, juin 2022<\/a><\/p>\n<p style=\"text-align: center;\"><a href=\"https:\/\/capri-matique.com\/client\/aprfae5\/wp-content\/uploads\/2021\/06\/LAPRES-FAE-Vol-11-No-1_juin2021.pdf\" target=\"_blank\" rel=\"noopener\"><img loading=\"lazy\" decoding=\"async\" class=\"size-medium wp-image-7074 aligncenter\" src=\"https:\/\/capri-matique.com\/client\/aprfae5\/wp-content\/uploads\/2021\/06\/LAPRES-FAE-Vol-11-No-1_juin2021-002-232x300.jpg\" alt=\"\" width=\"232\" height=\"300\" srcset=\"https:\/\/www.capri-matique.com\/client\/aprfae5\/wp-content\/uploads\/2021\/06\/LAPRES-FAE-Vol-11-No-1_juin2021-002-232x300.jpg 232w, https:\/\/www.capri-matique.com\/client\/aprfae5\/wp-content\/uploads\/2021\/06\/LAPRES-FAE-Vol-11-No-1_juin2021-002.jpg 612w\" sizes=\"(max-width: 232px) 100vw, 232px\" \/><\/a><\/p>\n<p style=\"text-align: center;\"><a href=\"https:\/\/capri-matique.com\/client\/aprfae5\/wp-content\/uploads\/2021\/06\/LAPRES-FAE-Vol-11-No-1_juin2021.pdf\" target=\"_blank\" rel=\"noopener\">L&#8217;APR\u00c8S FAE, vol. 11, No. 1, juin 2021<\/a><\/p>\n<p style=\"text-align: center;\">Hors-s\u00e9rie: L&#8217;APR\u00c8S FAE en f\u00eate!<\/p>\n<p style=\"text-align: center;\">Num\u00e9ro sp\u00e9cial 2010-2020<\/p>\n<p><a href=\"https:\/\/laprfae-my.sharepoint.com\/:b:\/g\/personal\/ec_laprfae_onmicrosoft_com\/EcZOgz3E81hGoiQMIj4xbpYBLCoxlpqe7hiQXcgeajoiLw?e=55ueG1\" target=\"_blank\" rel=\"noopener\"><img loading=\"lazy\" decoding=\"async\" class=\" wp-image-6812 aligncenter\" src=\"https:\/\/capri-matique.com\/client\/aprfae5\/wp-content\/uploads\/2021\/01\/Couverture-232x300.png\" alt=\"\" width=\"213\" height=\"275\" srcset=\"https:\/\/www.capri-matique.com\/client\/aprfae5\/wp-content\/uploads\/2021\/01\/Couverture-232x300.png 232w, https:\/\/www.capri-matique.com\/client\/aprfae5\/wp-content\/uploads\/2021\/01\/Couverture.png 512w\" sizes=\"(max-width: 213px) 100vw, 213px\" \/><\/a><\/p>\n<p style=\"text-align: center;\"><a href=\"https:\/\/capri-matique.com\/client\/aprfae5\/wp-content\/uploads\/2020\/06\/LAPRES-FAE-Vol-10-No-2_juin2020.pdf\" target=\"_blank\" rel=\"noopener\">L&#8217;APR\u00c8S FAE, vol. 10, No. 2, juin 2020<\/a><\/p>\n<p style=\"text-align: center;\"><a href=\"https:\/\/capri-matique.com\/client\/aprfae5\/wp-content\/uploads\/2020\/03\/LAPRES-FAE-Vol-10-No-1_mars2020.pdf\" target=\"_blank\" rel=\"noopener\"><span style=\"text-align: left; color: #171717; text-transform: none; text-indent: 0px; letter-spacing: normal; font-family: 'Telex','Helvetica Neue',Helvetica,Arial,sans-serif; font-size: 15px; font-style: normal; font-variant: normal; font-weight: 400; word-spacing: 0px; display: inline !important; white-space: normal; cursor: text; orphans: 2; float: none; -webkit-text-stroke-width: 0px; background-color: #ffffff;\"><strong>L&#8217;APRES FAE, vol. 10, No. 1, mars 2020<\/strong><\/span><\/a><\/p>\n<p style=\"text-align: center;\"><a href=\"https:\/\/capri-matique.com\/client\/aprfae5\/wp-content\/uploads\/2019\/11\/LAPRES-FAE-Vol-9-No-3_nov2019.pdf\" target=\"_blank\" rel=\"noopener\">L&#8217;APPRES FAE vol 9 No 3 novembre 2019<\/a><\/p>\n<p style=\"text-align: center;\"><a href=\"https:\/\/capri-matique.com\/client\/aprfae5\/lapres-fae\/depuis-2011\/\" target=\"_blank\" rel=\"noopener\">Pour voir tous nos num\u00e9ros depuis 2011, cliquez ici<\/a><\/p>\n<\/p><\/div>\n<\/p><\/div>\n<div class=\"builder-text-column builder-text-column-3\" id=\"homepagepage-id-8-column-3\">\n<div class=\"builder-text-content\">\n\t\t\t\t\t\t<aside id=\"search-8\" class=\"widget widget_search\">\n<form role=\"search\" method=\"get\" class=\"search-form\" action=\"https:\/\/www.capri-matique.com\/client\/aprfae5\/\">\n\t<input type=\"search\" class=\"search-field\" id=\"search-field\" placeholder=\"Rechercher&hellip;\" title=\"Tapez sur Entr\u00e9e pour lancer votre recherche\" value=\"\" name=\"s\" aria-label=\"Rechercher\">\n\t<input type=\"submit\" class=\"search-submit\" value=\"Rechercher\" aria-label=\"Rechercher\" role=\"button\">\n<\/form>\n<\/aside><aside id=\"text-69\" class=\"widget widget_text\">\t\t\t<div class=\"textwidget\"><a href=\"https:\/\/capri-matique.com\/client\/aprfae5\/lapres-fae\/\"><img loading=\"lazy\" decoding=\"async\" class=\"size-medium wp-image-490 aligncenter\" src=\"https:\/\/capri-matique.com\/client\/aprfae5\/wp-content\/uploads\/2016\/09\/logo-aprfae300-300x188.jpg\" alt=\"logo-aprfae300\" width=\"300\" height=\"188\" \/><\/a><\/div>\n\t\t<\/aside>\t\t\t\t\t<\/div>\n<\/p><\/div>\n<\/p><\/div>\n<\/p><\/div>\n<\/section>\n","protected":false},"excerpt":{"rendered":"<p>Parutions les plus r\u00e9centes: L&#8217;APRES FAE, Vol. 13 No. 1 avril2023 L&#8217;APR\u00c8S FAE, vol. 12, No. 2, d\u00e9cembre 2022 L&#8217;APR\u00c8S FAE, vol. 12, No. 1, juin 2022 L&#8217;APR\u00c8S FAE, vol. 11, No. 1, juin 2021 Hors-s\u00e9rie: L&#8217;APR\u00c8S FAE en f\u00eate! Num\u00e9ro sp\u00e9cial 2010-2020 L&#8217;APR\u00c8S FAE, vol. 10, No. 2, juin 2020 L&#8217;APRES FAE, vol. 10, &hellip;<\/p>\n","protected":false},"author":2,"featured_media":0,"parent":0,"menu_order":0,"comment_status":"closed","ping_status":"closed","template":"template-builder.php","meta":{"footnotes":""},"class_list":["post-546","page","type-page","status-publish","hentry"],"yoast_head":"<!-- This site is optimized with the Yoast SEO plugin v17.3 - https:\/\/yoast.com\/wordpress\/plugins\/seo\/ -->\n<title>L&#039;Apr\u00e8s FAE - Association de personnes retrait\u00e9es de la FAE<\/title>\n<meta name=\"robots\" content=\"noindex, follow, max-snippet:-1, max-image-preview:large, max-video-preview:-1\" \/>\n<meta property=\"og:locale\" content=\"fr_FR\" \/>\n<meta property=\"og:type\" content=\"article\" \/>\n<meta property=\"og:title\" content=\"L&#039;Apr\u00e8s FAE - Association de personnes retrait\u00e9es de la FAE\" \/>\n<meta property=\"og:description\" content=\"Parutions les plus r\u00e9centes: L&#8217;APRES FAE, Vol. 13 No. 1 avril2023 L&#8217;APR\u00c8S FAE, vol. 12, No. 2, d\u00e9cembre 2022 L&#8217;APR\u00c8S FAE, vol. 12, No. 1, juin 2022 L&#8217;APR\u00c8S FAE, vol. 11, No. 1, juin 2021 Hors-s\u00e9rie: L&#8217;APR\u00c8S FAE en f\u00eate! Num\u00e9ro sp\u00e9cial 2010-2020 L&#8217;APR\u00c8S FAE, vol. 10, No. 2, juin 2020 L&#8217;APRES FAE, vol. 10, &hellip;\" \/>\n<meta property=\"og:url\" content=\"https:\/\/www.capri-matique.com\/client\/aprfae5\/lapres-fae\/\" \/>\n<meta property=\"og:site_name\" content=\"Association de personnes retrait\u00e9es de la FAE\" \/>\n<meta property=\"article:modified_time\" content=\"2023-04-12T17:17:18+00:00\" \/>\n<meta property=\"og:image\" content=\"https:\/\/capri-matique.com\/client\/aprfae5\/wp-content\/uploads\/2023\/04\/p1-LApres-FAE-avr2023-232x300.jpg\" \/>\n<meta name=\"twitter:card\" content=\"summary\" \/>\n<script type=\"application\/ld+json\" class=\"yoast-schema-graph\">{\"@context\":\"https:\/\/schema.org\",\"@graph\":[{\"@type\":\"WebSite\",\"@id\":\"https:\/\/www.capri-matique.com\/client\/aprfae5\/#website\",\"url\":\"https:\/\/www.capri-matique.com\/client\/aprfae5\/\",\"name\":\"Association de personnes retrait\\u00e9es de la FAE\",\"description\":\"L&#039;association qui nous unit\",\"potentialAction\":[{\"@type\":\"SearchAction\",\"target\":{\"@type\":\"EntryPoint\",\"urlTemplate\":\"https:\/\/www.capri-matique.com\/client\/aprfae5\/?s={search_term_string}\"},\"query-input\":\"required name=search_term_string\"}],\"inLanguage\":\"fr-FR\"},{\"@type\":\"ImageObject\",\"@id\":\"https:\/\/www.capri-matique.com\/client\/aprfae5\/lapres-fae\/#primaryimage\",\"inLanguage\":\"fr-FR\",\"url\":\"https:\/\/capri-matique.com\/client\/aprfae5\/wp-content\/uploads\/2023\/04\/p1-LApres-FAE-avr2023-232x300.jpg\",\"contentUrl\":\"https:\/\/capri-matique.com\/client\/aprfae5\/wp-content\/uploads\/2023\/04\/p1-LApres-FAE-avr2023-232x300.jpg\"},{\"@type\":\"WebPage\",\"@id\":\"https:\/\/www.capri-matique.com\/client\/aprfae5\/lapres-fae\/#webpage\",\"url\":\"https:\/\/www.capri-matique.com\/client\/aprfae5\/lapres-fae\/\",\"name\":\"L'Apr\\u00e8s FAE - Association de personnes retrait\\u00e9es de la FAE\",\"isPartOf\":{\"@id\":\"https:\/\/www.capri-matique.com\/client\/aprfae5\/#website\"},\"primaryImageOfPage\":{\"@id\":\"https:\/\/www.capri-matique.com\/client\/aprfae5\/lapres-fae\/#primaryimage\"},\"datePublished\":\"2016-06-01T20:38:38+00:00\",\"dateModified\":\"2023-04-12T17:17:18+00:00\",\"breadcrumb\":{\"@id\":\"https:\/\/www.capri-matique.com\/client\/aprfae5\/lapres-fae\/#breadcrumb\"},\"inLanguage\":\"fr-FR\",\"potentialAction\":[{\"@type\":\"ReadAction\",\"target\":[\"https:\/\/www.capri-matique.com\/client\/aprfae5\/lapres-fae\/\"]}]},{\"@type\":\"BreadcrumbList\",\"@id\":\"https:\/\/www.capri-matique.com\/client\/aprfae5\/lapres-fae\/#breadcrumb\",\"itemListElement\":[{\"@type\":\"ListItem\",\"position\":1,\"name\":\"Accueil\",\"item\":\"https:\/\/www.capri-matique.com\/client\/aprfae5\/\"},{\"@type\":\"ListItem\",\"position\":2,\"name\":\"L&#8217;Apr\\u00e8s FAE\"}]}]}<\/script>\n<!-- \/ Yoast SEO plugin. -->","yoast_head_json":{"title":"L'Apr\u00e8s FAE - Association de personnes retrait\u00e9es de la FAE","robots":{"index":"noindex","follow":"follow","max-snippet":"max-snippet:-1","max-image-preview":"max-image-preview:large","max-video-preview":"max-video-preview:-1"},"og_locale":"fr_FR","og_type":"article","og_title":"L'Apr\u00e8s FAE - Association de personnes retrait\u00e9es de la FAE","og_description":"Parutions les plus r\u00e9centes: L&#8217;APRES FAE, Vol. 13 No. 1 avril2023 L&#8217;APR\u00c8S FAE, vol. 12, No. 2, d\u00e9cembre 2022 L&#8217;APR\u00c8S FAE, vol. 12, No. 1, juin 2022 L&#8217;APR\u00c8S FAE, vol. 11, No. 1, juin 2021 Hors-s\u00e9rie: L&#8217;APR\u00c8S FAE en f\u00eate! Num\u00e9ro sp\u00e9cial 2010-2020 L&#8217;APR\u00c8S FAE, vol. 10, No. 2, juin 2020 L&#8217;APRES FAE, vol. 10, &hellip;","og_url":"https:\/\/www.capri-matique.com\/client\/aprfae5\/lapres-fae\/","og_site_name":"Association de personnes retrait\u00e9es de la FAE","article_modified_time":"2023-04-12T17:17:18+00:00","og_image":[{"url":"https:\/\/capri-matique.com\/client\/aprfae5\/wp-content\/uploads\/2023\/04\/p1-LApres-FAE-avr2023-232x300.jpg"}],"twitter_card":"summary","schema":{"@context":"https:\/\/schema.org","@graph":[{"@type":"WebSite","@id":"https:\/\/www.capri-matique.com\/client\/aprfae5\/#website","url":"https:\/\/www.capri-matique.com\/client\/aprfae5\/","name":"Association de personnes retrait\u00e9es de la FAE","description":"L&#039;association qui nous unit","potentialAction":[{"@type":"SearchAction","target":{"@type":"EntryPoint","urlTemplate":"https:\/\/www.capri-matique.com\/client\/aprfae5\/?s={search_term_string}"},"query-input":"required name=search_term_string"}],"inLanguage":"fr-FR"},{"@type":"ImageObject","@id":"https:\/\/www.capri-matique.com\/client\/aprfae5\/lapres-fae\/#primaryimage","inLanguage":"fr-FR","url":"https:\/\/capri-matique.com\/client\/aprfae5\/wp-content\/uploads\/2023\/04\/p1-LApres-FAE-avr2023-232x300.jpg","contentUrl":"https:\/\/capri-matique.com\/client\/aprfae5\/wp-content\/uploads\/2023\/04\/p1-LApres-FAE-avr2023-232x300.jpg"},{"@type":"WebPage","@id":"https:\/\/www.capri-matique.com\/client\/aprfae5\/lapres-fae\/#webpage","url":"https:\/\/www.capri-matique.com\/client\/aprfae5\/lapres-fae\/","name":"L'Apr\u00e8s FAE - Association de personnes retrait\u00e9es de la FAE","isPartOf":{"@id":"https:\/\/www.capri-matique.com\/client\/aprfae5\/#website"},"primaryImageOfPage":{"@id":"https:\/\/www.capri-matique.com\/client\/aprfae5\/lapres-fae\/#primaryimage"},"datePublished":"2016-06-01T20:38:38+00:00","dateModified":"2023-04-12T17:17:18+00:00","breadcrumb":{"@id":"https:\/\/www.capri-matique.com\/client\/aprfae5\/lapres-fae\/#breadcrumb"},"inLanguage":"fr-FR","potentialAction":[{"@type":"ReadAction","target":["https:\/\/www.capri-matique.com\/client\/aprfae5\/lapres-fae\/"]}]},{"@type":"BreadcrumbList","@id":"https:\/\/www.capri-matique.com\/client\/aprfae5\/lapres-fae\/#breadcrumb","itemListElement":[{"@type":"ListItem","position":1,"name":"Accueil","item":"https:\/\/www.capri-matique.com\/client\/aprfae5\/"},{"@type":"ListItem","position":2,"name":"L&#8217;Apr\u00e8s FAE"}]}]}},"_links":{"self":[{"href":"https:\/\/www.capri-matique.com\/client\/aprfae5\/wp-json\/wp\/v2\/pages\/546","targetHints":{"allow":["GET"]}}],"collection":[{"href":"https:\/\/www.capri-matique.com\/client\/aprfae5\/wp-json\/wp\/v2\/pages"}],"about":[{"href":"https:\/\/www.capri-matique.com\/client\/aprfae5\/wp-json\/wp\/v2\/types\/page"}],"author":[{"embeddable":true,"href":"https:\/\/www.capri-matique.com\/client\/aprfae5\/wp-json\/wp\/v2\/users\/2"}],"replies":[{"embeddable":true,"href":"https:\/\/www.capri-matique.com\/client\/aprfae5\/wp-json\/wp\/v2\/comments?post=546"}],"version-history":[{"count":52,"href":"https:\/\/www.capri-matique.com\/client\/aprfae5\/wp-json\/wp\/v2\/pages\/546\/revisions"}],"predecessor-version":[{"id":8368,"href":"https:\/\/www.capri-matique.com\/client\/aprfae5\/wp-json\/wp\/v2\/pages\/546\/revisions\/8368"}],"wp:attachment":[{"href":"https:\/\/www.capri-matique.com\/client\/aprfae5\/wp-json\/wp\/v2\/media?parent=546"}],"curies":[{"name":"wp","href":"https:\/\/api.w.org\/{rel}","templated":true}]}}