{"id":535,"date":"2016-06-01T20:38:38","date_gmt":"2016-06-01T20:38:38","guid":{"rendered":"https:\/\/capri-matique.com\/client\/aprfae5\/?page_id=8"},"modified":"2022-12-15T08:36:13","modified_gmt":"2022-12-15T13:36:13","slug":"statuts-2","status":"publish","type":"page","link":"https:\/\/www.capri-matique.com\/client\/aprfae5\/statuts-2\/","title":{"rendered":"Statuts"},"content":{"rendered":"<section id=\"homepagepage-id-8\" class=\"builder-section-first builder-section builder-section-text builder-section-last builder-text-columns-3 layout-3-9\" style=\"background-repeat: repeat;background-position: center center;\">\n<div class=\"builder-section-content\">\n<div class=\"builder-text-row\">\n<div class=\"builder-text-column builder-text-column-1\" id=\"homepagepage-id-8-column-1\">\n<div class=\"builder-text-content\">\n\t\t\t\t\t\t<aside id=\"text-25\" class=\"widget widget_text\">\t\t\t<div class=\"textwidget\"><a href=\"https:\/\/capri-matique.com\/client\/aprfae5\/adhesion\/\" target=\"_blank\"><img decoding=\"async\" class=\"wp-image-1224 size-medium aligncenter\" src=\"https:\/\/capri-matique.com\/client\/aprfae5\/wp-content\/uploads\/2017\/02\/tableau-adh\u00e9sion-300x228.jpg\" width=150\" height=\"120\" srcset=\"https:\/\/www.capri-matique.com\/client\/aprfae5\/wp-content\/uploads\/2017\/02\/tableau-adh\u00e9sion-300x228.jpg 300w, https:\/\/www.capri-matique.com\/client\/aprfae5\/wp-content\/uploads\/2017\/02\/tableau-adh\u00e9sion-1024x778.jpg 1024w, https:\/\/www.capri-matique.com\/client\/aprfae5\/wp-content\/uploads\/2017\/02\/tableau-adh\u00e9sion-600x456.jpg 600w, https:\/\/www.capri-matique.com\/client\/aprfae5\/wp-content\/uploads\/2017\/02\/tableau-adh\u00e9sion.jpg 1150w\" sizes=\"(max-width: 300px) 100vw, 300px\" \/><\/a><\/div>\n\t\t<\/aside><aside id=\"text-100\" class=\"widget widget_text\">\t\t\t<div class=\"textwidget\"><a href=\"https:\/\/capri-matique.com\/client\/aprfae5\/activites\/\" target=\"_blank\"><img decoding=\"async\" class=\"size-full wp-image-1267 aligncenter\" src=\"https:\/\/capri-matique.com\/client\/aprfae5\/wp-content\/uploads\/2016\/06\/activites3d-12.png\" alt=\"activites3d-12\" width=\"200\" height=\"100\" \/><\/a\r\n<\/div>\n\t\t<\/aside><aside id=\"text-27\" class=\"widget widget_text\">\t\t\t<div class=\"textwidget\"><a href=\"https:\/\/capri-matique.com\/client\/aprfae5\/avantages-et-rabais\/\" target=\"_blank\"><img decoding=\"async\" class=\"size-full wp-image-700 aligncenter\" src=\"https:\/\/capri-matique.com\/client\/aprfae5\/wp-content\/uploads\/2016\/09\/rabais-avantages-1.png\" alt=\"rabais-avantages\" width=\"160\" height=\"75\" \/><\/a><\/div>\n\t\t<\/aside><aside id=\"text-67\" class=\"widget widget_text\">\t\t\t<div class=\"textwidget\"><a href=\"https:\/\/capri-matique.com\/client\/aprfae5\/image-2\/\" target=\"_blank\"><img decoding=\"async\" class=\"size-full wp-image-745 aligncenter\" src=\"https:\/\/capri-matique.com\/client\/aprfae5\/wp-content\/uploads\/2016\/11\/album-photo-1.png\" alt=\"album-photo\" width=\"125\" height=\"125\" \/><\/a><\/div>\n\t\t<\/aside><aside id=\"text-26\" class=\"widget widget_text\">\t\t\t<div class=\"textwidget\"><a href=\"https:\/\/capri-matique.com\/client\/aprfae5\/pour-nous-joindre\/\" target=\"_blank\"><img loading=\"lazy\" decoding=\"async\" class=\"size-full wp-image-1231 aligncenter\" src=\"https:\/\/capri-matique.com\/client\/aprfae5\/wp-content\/uploads\/2017\/02\/joindreB150.jpg\" alt=\"joindreB150\" width=\"150\" height=\"151\" \/><\/a><\/div>\n\t\t<\/aside>\t\t\t\t\t<\/div>\n<\/p><\/div>\n<div class=\"builder-text-column builder-text-column-2\" id=\"homepagepage-id-8-column-2\">\n<div class=\"builder-text-content\">\n<p><a href=\"https:\/\/capri-matique.com\/client\/aprfae5\/wp-content\/uploads\/2016\/11\/D1516-001-STATUTS.pdf\"><img class=\"alignnone size-full wp-image-1986\" width=\"\" height=\"\" \/><\/a>T\u00e9l\u00e9charger le document :<\/p>\n<p><a href=\"https:\/\/capri-matique.com\/client\/aprfae5\/wp-content\/uploads\/2022\/04\/D2122-DOC-001-STATUTS.pdf\">STATUTS DE L&#8217;ASSOCIATION DE PERSONNES RETRAIT\u00c9ES DE LA FAE<\/a><\/p>\n<\/p><\/div>\n<\/p><\/div>\n<div class=\"builder-text-column builder-text-column-3\" id=\"homepagepage-id-8-column-3\">\n<div class=\"builder-text-content\">\n\t\t\t\t\t\t<aside id=\"search-6\" class=\"widget widget_search\">\n<form role=\"search\" method=\"get\" class=\"search-form\" action=\"https:\/\/www.capri-matique.com\/client\/aprfae5\/\">\n\t<input type=\"search\" class=\"search-field\" id=\"search-field\" placeholder=\"Rechercher&hellip;\" title=\"Tapez sur Entr\u00e9e pour lancer votre recherche\" value=\"\" name=\"s\" aria-label=\"Rechercher\">\n\t<input type=\"submit\" class=\"search-submit\" value=\"Rechercher\" aria-label=\"Rechercher\" role=\"button\">\n<\/form>\n<\/aside><aside id=\"text-23\" class=\"widget widget_text\">\t\t\t<div class=\"textwidget\"><a href=\"https:\/\/capri-matique.com\/client\/aprfae5\/lapres-fae\/\"><img loading=\"lazy\" decoding=\"async\" class=\"size-medium wp-image-490 aligncenter\" src=\"https:\/\/capri-matique.com\/client\/aprfae5\/wp-content\/uploads\/2016\/09\/logo-aprfae300-300x188.jpg\" alt=\"logo-aprfae300\" width=\"300\" height=\"188\" \/><\/a><\/div>\n\t\t<\/aside>\t\t\t\t\t<\/div>\n<\/p><\/div>\n<\/p><\/div>\n<\/p><\/div>\n<\/section>\n","protected":false},"excerpt":{"rendered":"<p>T\u00e9l\u00e9charger le document : STATUTS DE L&#8217;ASSOCIATION DE PERSONNES RETRAIT\u00c9ES DE LA FAE<\/p>\n","protected":false},"author":2,"featured_media":0,"parent":0,"menu_order":0,"comment_status":"closed","ping_status":"closed","template":"template-builder.php","meta":{"footnotes":""},"class_list":["post-535","page","type-page","status-publish","hentry"],"yoast_head":"<!-- This site is optimized with the Yoast SEO plugin v17.3 - https:\/\/yoast.com\/wordpress\/plugins\/seo\/ -->\n<title>Statuts - Association de personnes retrait\u00e9es de la FAE<\/title>\n<meta name=\"robots\" content=\"noindex, follow, max-snippet:-1, max-image-preview:large, max-video-preview:-1\" \/>\n<meta property=\"og:locale\" content=\"fr_FR\" \/>\n<meta property=\"og:type\" content=\"article\" \/>\n<meta property=\"og:title\" content=\"Statuts - Association de personnes retrait\u00e9es de la FAE\" \/>\n<meta property=\"og:description\" content=\"T\u00e9l\u00e9charger le document : STATUTS DE L&#8217;ASSOCIATION DE PERSONNES RETRAIT\u00c9ES DE LA FAE\" \/>\n<meta property=\"og:url\" content=\"https:\/\/www.capri-matique.com\/client\/aprfae5\/statuts-2\/\" \/>\n<meta property=\"og:site_name\" content=\"Association de personnes retrait\u00e9es de la FAE\" \/>\n<meta property=\"article:modified_time\" content=\"2022-12-15T13:36:13+00:00\" \/>\n<meta name=\"twitter:card\" content=\"summary\" \/>\n<script type=\"application\/ld+json\" class=\"yoast-schema-graph\">{\"@context\":\"https:\/\/schema.org\",\"@graph\":[{\"@type\":\"WebSite\",\"@id\":\"https:\/\/www.capri-matique.com\/client\/aprfae5\/#website\",\"url\":\"https:\/\/www.capri-matique.com\/client\/aprfae5\/\",\"name\":\"Association de personnes retrait\\u00e9es de la FAE\",\"description\":\"L&#039;association qui nous unit\",\"potentialAction\":[{\"@type\":\"SearchAction\",\"target\":{\"@type\":\"EntryPoint\",\"urlTemplate\":\"https:\/\/www.capri-matique.com\/client\/aprfae5\/?s={search_term_string}\"},\"query-input\":\"required name=search_term_string\"}],\"inLanguage\":\"fr-FR\"},{\"@type\":\"WebPage\",\"@id\":\"https:\/\/www.capri-matique.com\/client\/aprfae5\/statuts-2\/#webpage\",\"url\":\"https:\/\/www.capri-matique.com\/client\/aprfae5\/statuts-2\/\",\"name\":\"Statuts - Association de personnes retrait\\u00e9es de la FAE\",\"isPartOf\":{\"@id\":\"https:\/\/www.capri-matique.com\/client\/aprfae5\/#website\"},\"datePublished\":\"2016-06-01T20:38:38+00:00\",\"dateModified\":\"2022-12-15T13:36:13+00:00\",\"breadcrumb\":{\"@id\":\"https:\/\/www.capri-matique.com\/client\/aprfae5\/statuts-2\/#breadcrumb\"},\"inLanguage\":\"fr-FR\",\"potentialAction\":[{\"@type\":\"ReadAction\",\"target\":[\"https:\/\/www.capri-matique.com\/client\/aprfae5\/statuts-2\/\"]}]},{\"@type\":\"BreadcrumbList\",\"@id\":\"https:\/\/www.capri-matique.com\/client\/aprfae5\/statuts-2\/#breadcrumb\",\"itemListElement\":[{\"@type\":\"ListItem\",\"position\":1,\"name\":\"Accueil\",\"item\":\"https:\/\/www.capri-matique.com\/client\/aprfae5\/\"},{\"@type\":\"ListItem\",\"position\":2,\"name\":\"Statuts\"}]}]}<\/script>\n<!-- \/ Yoast SEO plugin. -->","yoast_head_json":{"title":"Statuts - Association de personnes retrait\u00e9es de la FAE","robots":{"index":"noindex","follow":"follow","max-snippet":"max-snippet:-1","max-image-preview":"max-image-preview:large","max-video-preview":"max-video-preview:-1"},"og_locale":"fr_FR","og_type":"article","og_title":"Statuts - Association de personnes retrait\u00e9es de la FAE","og_description":"T\u00e9l\u00e9charger le document : STATUTS DE L&#8217;ASSOCIATION DE PERSONNES RETRAIT\u00c9ES DE LA FAE","og_url":"https:\/\/www.capri-matique.com\/client\/aprfae5\/statuts-2\/","og_site_name":"Association de personnes retrait\u00e9es de la FAE","article_modified_time":"2022-12-15T13:36:13+00:00","twitter_card":"summary","schema":{"@context":"https:\/\/schema.org","@graph":[{"@type":"WebSite","@id":"https:\/\/www.capri-matique.com\/client\/aprfae5\/#website","url":"https:\/\/www.capri-matique.com\/client\/aprfae5\/","name":"Association de personnes retrait\u00e9es de la FAE","description":"L&#039;association qui nous unit","potentialAction":[{"@type":"SearchAction","target":{"@type":"EntryPoint","urlTemplate":"https:\/\/www.capri-matique.com\/client\/aprfae5\/?s={search_term_string}"},"query-input":"required name=search_term_string"}],"inLanguage":"fr-FR"},{"@type":"WebPage","@id":"https:\/\/www.capri-matique.com\/client\/aprfae5\/statuts-2\/#webpage","url":"https:\/\/www.capri-matique.com\/client\/aprfae5\/statuts-2\/","name":"Statuts - Association de personnes retrait\u00e9es de la FAE","isPartOf":{"@id":"https:\/\/www.capri-matique.com\/client\/aprfae5\/#website"},"datePublished":"2016-06-01T20:38:38+00:00","dateModified":"2022-12-15T13:36:13+00:00","breadcrumb":{"@id":"https:\/\/www.capri-matique.com\/client\/aprfae5\/statuts-2\/#breadcrumb"},"inLanguage":"fr-FR","potentialAction":[{"@type":"ReadAction","target":["https:\/\/www.capri-matique.com\/client\/aprfae5\/statuts-2\/"]}]},{"@type":"BreadcrumbList","@id":"https:\/\/www.capri-matique.com\/client\/aprfae5\/statuts-2\/#breadcrumb","itemListElement":[{"@type":"ListItem","position":1,"name":"Accueil","item":"https:\/\/www.capri-matique.com\/client\/aprfae5\/"},{"@type":"ListItem","position":2,"name":"Statuts"}]}]}},"_links":{"self":[{"href":"https:\/\/www.capri-matique.com\/client\/aprfae5\/wp-json\/wp\/v2\/pages\/535","targetHints":{"allow":["GET"]}}],"collection":[{"href":"https:\/\/www.capri-matique.com\/client\/aprfae5\/wp-json\/wp\/v2\/pages"}],"about":[{"href":"https:\/\/www.capri-matique.com\/client\/aprfae5\/wp-json\/wp\/v2\/types\/page"}],"author":[{"embeddable":true,"href":"https:\/\/www.capri-matique.com\/client\/aprfae5\/wp-json\/wp\/v2\/users\/2"}],"replies":[{"embeddable":true,"href":"https:\/\/www.capri-matique.com\/client\/aprfae5\/wp-json\/wp\/v2\/comments?post=535"}],"version-history":[{"count":25,"href":"https:\/\/www.capri-matique.com\/client\/aprfae5\/wp-json\/wp\/v2\/pages\/535\/revisions"}],"predecessor-version":[{"id":7651,"href":"https:\/\/www.capri-matique.com\/client\/aprfae5\/wp-json\/wp\/v2\/pages\/535\/revisions\/7651"}],"wp:attachment":[{"href":"https:\/\/www.capri-matique.com\/client\/aprfae5\/wp-json\/wp\/v2\/media?parent=535"}],"curies":[{"name":"wp","href":"https:\/\/api.w.org\/{rel}","templated":true}]}}