{"id":3868,"date":"2016-06-01T20:38:38","date_gmt":"2016-06-01T20:38:38","guid":{"rendered":"https:\/\/capri-matique.com\/client\/aprfae5\/?page_id=8"},"modified":"2022-11-30T14:46:03","modified_gmt":"2022-11-30T19:46:03","slug":"formulaires","status":"publish","type":"page","link":"https:\/\/www.capri-matique.com\/client\/aprfae5\/formulaires\/","title":{"rendered":"Formulaires"},"content":{"rendered":"<p><strong><span style=\"font-size: 14pt;\">Vous trouverez ici les formulaires n\u00e9cessaires pour adh\u00e9rer aux r\u00e9gimes d&#8217;assurance propos\u00e9s par l&#8217;ARPFAE<\/span><\/strong><\/p>\n<p>(en fran\u00e7ais)<\/p>\n<p><a href=\"https:\/\/capri-matique.com\/client\/aprfae5\/wp-content\/uploads\/2022\/10\/4-FORMULAIRE-DADHESION-REGULIER-revise-interactif-septembre2022.pdf\" target=\"_blank\" rel=\"noopener noreferrer\"><b>Adh\u00e9sion \u00e0 l\u2019APRFAE<\/b><\/a><\/p>\n<p style=\"text-align: left;\"><a href=\"https:\/\/capri-matique.com\/client\/aprfae5\/wp-content\/uploads\/2021\/06\/C109995-1F_Adhesion_Modification_assurance_collective.pdf\" target=\"_blank\" rel=\"noopener noreferrer\">Assurance maladie<\/a><\/p>\n<p style=\"text-align: left;\"><a href=\"https:\/\/capri-matique.com\/client\/aprfae5\/wp-content\/uploads\/2019\/03\/6-C9995R-0F-2019-01-15-assurance-vie.pdf\" target=\"_blank\" rel=\"noopener noreferrer\">Assurance vie<\/a><\/p>\n<p style=\"text-align: left;\"><a href=\"https:\/\/capri-matique.com\/client\/aprfae5\/wp-content\/uploads\/2019\/03\/assurance-collective-P007.pdf\" target=\"_blank\" rel=\"noopener noreferrer\">D\u00e9claration d&#8217;assurabilit\u00e9 (assurance collective) <\/a><\/p>\n<p><a href=\"https:\/\/www.lacapitale.com\/fr\/assurances\/obtenez-une-soumission?scint=98&amp;groupe=APRFAE\" target=\"_blank\" rel=\"noopener noreferrer\">Assurances g\u00e9n\u00e9rales<\/a> (demander une soumission)<\/p>\n<p><a href=\"https:\/\/www.securiglobe.com\/fr\/voyage\/devis\/etape-1\/\" target=\"_blank\" rel=\"noopener noreferrer\">Assurance voyage compl\u00e9mentaire<\/a> (demander une soumission)<\/p>\n","protected":false},"excerpt":{"rendered":"<p>Vous trouverez ici les formulaires n\u00e9cessaires pour adh\u00e9rer aux r\u00e9gimes d&#8217;assurance propos\u00e9s par l&#8217;ARPFAE (en fran\u00e7ais) Adh\u00e9sion \u00e0 l\u2019APRFAE Assurance maladie Assurance vie D\u00e9claration d&#8217;assurabilit\u00e9 (assurance collective) Assurances g\u00e9n\u00e9rales (demander une soumission) Assurance voyage compl\u00e9mentaire (demander une soumission)<\/p>\n","protected":false},"author":2,"featured_media":0,"parent":0,"menu_order":0,"comment_status":"closed","ping_status":"closed","template":"","meta":{"footnotes":""},"class_list":["post-3868","page","type-page","status-publish","hentry"],"yoast_head":"<!-- This site is optimized with the Yoast SEO plugin v17.3 - https:\/\/yoast.com\/wordpress\/plugins\/seo\/ -->\n<title>Formulaires - Association de personnes retrait\u00e9es de la FAE<\/title>\n<meta name=\"robots\" content=\"noindex, follow, max-snippet:-1, max-image-preview:large, max-video-preview:-1\" \/>\n<meta property=\"og:locale\" content=\"fr_FR\" \/>\n<meta property=\"og:type\" content=\"article\" \/>\n<meta property=\"og:title\" content=\"Formulaires - Association de personnes retrait\u00e9es de la FAE\" \/>\n<meta property=\"og:description\" content=\"Vous trouverez ici les formulaires n\u00e9cessaires pour adh\u00e9rer aux r\u00e9gimes d&#8217;assurance propos\u00e9s par l&#8217;ARPFAE (en fran\u00e7ais) Adh\u00e9sion \u00e0 l\u2019APRFAE Assurance maladie Assurance vie D\u00e9claration d&#8217;assurabilit\u00e9 (assurance collective) Assurances g\u00e9n\u00e9rales (demander une soumission) Assurance voyage compl\u00e9mentaire (demander une soumission)\" \/>\n<meta property=\"og:url\" content=\"https:\/\/www.capri-matique.com\/client\/aprfae5\/formulaires\/\" \/>\n<meta property=\"og:site_name\" content=\"Association de personnes retrait\u00e9es de la FAE\" \/>\n<meta property=\"article:modified_time\" content=\"2022-11-30T19:46:03+00:00\" \/>\n<meta name=\"twitter:card\" content=\"summary\" \/>\n<meta name=\"twitter:label1\" content=\"Dur\u00e9e de lecture estim\u00e9e\" \/>\n\t<meta name=\"twitter:data1\" content=\"1 minute\" \/>\n<script type=\"application\/ld+json\" class=\"yoast-schema-graph\">{\"@context\":\"https:\/\/schema.org\",\"@graph\":[{\"@type\":\"WebSite\",\"@id\":\"https:\/\/www.capri-matique.com\/client\/aprfae5\/#website\",\"url\":\"https:\/\/www.capri-matique.com\/client\/aprfae5\/\",\"name\":\"Association de personnes retrait\\u00e9es de la FAE\",\"description\":\"L&#039;association qui nous unit\",\"potentialAction\":[{\"@type\":\"SearchAction\",\"target\":{\"@type\":\"EntryPoint\",\"urlTemplate\":\"https:\/\/www.capri-matique.com\/client\/aprfae5\/?s={search_term_string}\"},\"query-input\":\"required name=search_term_string\"}],\"inLanguage\":\"fr-FR\"},{\"@type\":\"WebPage\",\"@id\":\"https:\/\/www.capri-matique.com\/client\/aprfae5\/formulaires\/#webpage\",\"url\":\"https:\/\/www.capri-matique.com\/client\/aprfae5\/formulaires\/\",\"name\":\"Formulaires - Association de personnes retrait\\u00e9es de la FAE\",\"isPartOf\":{\"@id\":\"https:\/\/www.capri-matique.com\/client\/aprfae5\/#website\"},\"datePublished\":\"2016-06-01T20:38:38+00:00\",\"dateModified\":\"2022-11-30T19:46:03+00:00\",\"breadcrumb\":{\"@id\":\"https:\/\/www.capri-matique.com\/client\/aprfae5\/formulaires\/#breadcrumb\"},\"inLanguage\":\"fr-FR\",\"potentialAction\":[{\"@type\":\"ReadAction\",\"target\":[\"https:\/\/www.capri-matique.com\/client\/aprfae5\/formulaires\/\"]}]},{\"@type\":\"BreadcrumbList\",\"@id\":\"https:\/\/www.capri-matique.com\/client\/aprfae5\/formulaires\/#breadcrumb\",\"itemListElement\":[{\"@type\":\"ListItem\",\"position\":1,\"name\":\"Accueil\",\"item\":\"https:\/\/www.capri-matique.com\/client\/aprfae5\/\"},{\"@type\":\"ListItem\",\"position\":2,\"name\":\"Formulaires\"}]}]}<\/script>\n<!-- \/ Yoast SEO plugin. -->","yoast_head_json":{"title":"Formulaires - Association de personnes retrait\u00e9es de la FAE","robots":{"index":"noindex","follow":"follow","max-snippet":"max-snippet:-1","max-image-preview":"max-image-preview:large","max-video-preview":"max-video-preview:-1"},"og_locale":"fr_FR","og_type":"article","og_title":"Formulaires - Association de personnes retrait\u00e9es de la FAE","og_description":"Vous trouverez ici les formulaires n\u00e9cessaires pour adh\u00e9rer aux r\u00e9gimes d&#8217;assurance propos\u00e9s par l&#8217;ARPFAE (en fran\u00e7ais) Adh\u00e9sion \u00e0 l\u2019APRFAE Assurance maladie Assurance vie D\u00e9claration d&#8217;assurabilit\u00e9 (assurance collective) Assurances g\u00e9n\u00e9rales (demander une soumission) Assurance voyage compl\u00e9mentaire (demander une soumission)","og_url":"https:\/\/www.capri-matique.com\/client\/aprfae5\/formulaires\/","og_site_name":"Association de personnes retrait\u00e9es de la FAE","article_modified_time":"2022-11-30T19:46:03+00:00","twitter_card":"summary","twitter_misc":{"Dur\u00e9e de lecture estim\u00e9e":"1 minute"},"schema":{"@context":"https:\/\/schema.org","@graph":[{"@type":"WebSite","@id":"https:\/\/www.capri-matique.com\/client\/aprfae5\/#website","url":"https:\/\/www.capri-matique.com\/client\/aprfae5\/","name":"Association de personnes retrait\u00e9es de la FAE","description":"L&#039;association qui nous unit","potentialAction":[{"@type":"SearchAction","target":{"@type":"EntryPoint","urlTemplate":"https:\/\/www.capri-matique.com\/client\/aprfae5\/?s={search_term_string}"},"query-input":"required name=search_term_string"}],"inLanguage":"fr-FR"},{"@type":"WebPage","@id":"https:\/\/www.capri-matique.com\/client\/aprfae5\/formulaires\/#webpage","url":"https:\/\/www.capri-matique.com\/client\/aprfae5\/formulaires\/","name":"Formulaires - Association de personnes retrait\u00e9es de la FAE","isPartOf":{"@id":"https:\/\/www.capri-matique.com\/client\/aprfae5\/#website"},"datePublished":"2016-06-01T20:38:38+00:00","dateModified":"2022-11-30T19:46:03+00:00","breadcrumb":{"@id":"https:\/\/www.capri-matique.com\/client\/aprfae5\/formulaires\/#breadcrumb"},"inLanguage":"fr-FR","potentialAction":[{"@type":"ReadAction","target":["https:\/\/www.capri-matique.com\/client\/aprfae5\/formulaires\/"]}]},{"@type":"BreadcrumbList","@id":"https:\/\/www.capri-matique.com\/client\/aprfae5\/formulaires\/#breadcrumb","itemListElement":[{"@type":"ListItem","position":1,"name":"Accueil","item":"https:\/\/www.capri-matique.com\/client\/aprfae5\/"},{"@type":"ListItem","position":2,"name":"Formulaires"}]}]}},"_links":{"self":[{"href":"https:\/\/www.capri-matique.com\/client\/aprfae5\/wp-json\/wp\/v2\/pages\/3868","targetHints":{"allow":["GET"]}}],"collection":[{"href":"https:\/\/www.capri-matique.com\/client\/aprfae5\/wp-json\/wp\/v2\/pages"}],"about":[{"href":"https:\/\/www.capri-matique.com\/client\/aprfae5\/wp-json\/wp\/v2\/types\/page"}],"author":[{"embeddable":true,"href":"https:\/\/www.capri-matique.com\/client\/aprfae5\/wp-json\/wp\/v2\/users\/2"}],"replies":[{"embeddable":true,"href":"https:\/\/www.capri-matique.com\/client\/aprfae5\/wp-json\/wp\/v2\/comments?post=3868"}],"version-history":[{"count":19,"href":"https:\/\/www.capri-matique.com\/client\/aprfae5\/wp-json\/wp\/v2\/pages\/3868\/revisions"}],"predecessor-version":[{"id":8151,"href":"https:\/\/www.capri-matique.com\/client\/aprfae5\/wp-json\/wp\/v2\/pages\/3868\/revisions\/8151"}],"wp:attachment":[{"href":"https:\/\/www.capri-matique.com\/client\/aprfae5\/wp-json\/wp\/v2\/media?parent=3868"}],"curies":[{"name":"wp","href":"https:\/\/api.w.org\/{rel}","templated":true}]}}