{"id":1093,"date":"2016-06-01T20:38:38","date_gmt":"2016-06-01T20:38:38","guid":{"rendered":"https:\/\/capri-matique.com\/client\/aprfae5\/?page_id=8"},"modified":"2019-01-30T10:07:46","modified_gmt":"2019-01-30T15:07:46","slug":"liens-utiles","status":"publish","type":"page","link":"https:\/\/www.capri-matique.com\/client\/aprfae5\/liens-utiles\/","title":{"rendered":"Liens utiles"},"content":{"rendered":"<section id=\"homepagepage-id-8\" class=\"builder-section-first builder-section builder-section-text builder-section-last builder-text-columns-3 layout-3-9\" style=\"background-repeat: repeat;background-position: center center;\">\n<div class=\"builder-section-content\">\n<div class=\"builder-text-row\">\n<div class=\"builder-text-column builder-text-column-1\" id=\"homepagepage-id-8-column-1\">\n<div class=\"builder-text-content\">\n\t\t\t\t\t\t<aside id=\"text-80\" class=\"widget widget_text\">\t\t\t<div class=\"textwidget\"><a href=\"https:\/\/capri-matique.com\/client\/aprfae5\/adhesion\/\" target=\"_blank\"><img decoding=\"async\" class=\"wp-image-1224 size-medium aligncenter\" src=\"https:\/\/capri-matique.com\/client\/aprfae5\/wp-content\/uploads\/2017\/02\/tableau-adh\u00e9sion-300x228.jpg\" width=150\" height=\"120\" srcset=\"https:\/\/www.capri-matique.com\/client\/aprfae5\/wp-content\/uploads\/2017\/02\/tableau-adh\u00e9sion-300x228.jpg 300w, https:\/\/www.capri-matique.com\/client\/aprfae5\/wp-content\/uploads\/2017\/02\/tableau-adh\u00e9sion-1024x778.jpg 1024w, https:\/\/www.capri-matique.com\/client\/aprfae5\/wp-content\/uploads\/2017\/02\/tableau-adh\u00e9sion-600x456.jpg 600w, https:\/\/www.capri-matique.com\/client\/aprfae5\/wp-content\/uploads\/2017\/02\/tableau-adh\u00e9sion.jpg 1150w\" sizes=\"(max-width: 300px) 100vw, 300px\" \/><\/a><\/div>\n\t\t<\/aside><aside id=\"text-108\" class=\"widget widget_text\">\t\t\t<div class=\"textwidget\"><a href=\"https:\/\/capri-matique.com\/client\/aprfae5\/activites\/\" target=\"_blank\"><img decoding=\"async\" class=\"size-full wp-image-1267 aligncenter\" src=\"https:\/\/capri-matique.com\/client\/aprfae5\/wp-content\/uploads\/2016\/06\/activites3d-12.png\" alt=\"activites3d-12\" width=\"200\" height=\"100\" \/><\/a<\/div>\n\t\t<\/aside><aside id=\"text-81\" class=\"widget widget_text\">\t\t\t<div class=\"textwidget\"><a href=\"https:\/\/capri-matique.com\/client\/aprfae5\/avantages-et-rabais\/\" target=\"_blank\"><img decoding=\"async\" class=\"size-full wp-image-700 aligncenter\" src=\"https:\/\/capri-matique.com\/client\/aprfae5\/wp-content\/uploads\/2016\/09\/rabais-avantages-1.png\" alt=\"rabais-avantages\" width=\"160\" height=\"75\" \/><\/a><\/div>\n\t\t<\/aside><aside id=\"text-83\" class=\"widget widget_text\">\t\t\t<div class=\"textwidget\"><a href=\"https:\/\/capri-matique.com\/client\/aprfae5\/image-2\/\" target=\"_blank\"><img decoding=\"async\" class=\"size-full wp-image-745 aligncenter\" src=\"https:\/\/capri-matique.com\/client\/aprfae5\/wp-content\/uploads\/2016\/11\/album-photo-1.png\" alt=\"album-photo\" width=\"125\" height=\"125\" \/><\/a><\/div>\n\t\t<\/aside><aside id=\"text-82\" class=\"widget widget_text\">\t\t\t<div class=\"textwidget\"><a href=\"https:\/\/capri-matique.com\/client\/aprfae5\/pour-nous-joindre\/\" target=\"_blank\"><img loading=\"lazy\" decoding=\"async\" class=\"size-full wp-image-1231 aligncenter\" src=\"https:\/\/capri-matique.com\/client\/aprfae5\/wp-content\/uploads\/2017\/02\/joindreB150.jpg\" alt=\"joindreB150\" width=\"150\" height=\"151\" \/><\/a><\/div>\n\t\t<\/aside><aside id=\"em_widget-4\" class=\"widget widget_em_widget\"><h4 class=\"widget-title\">\u00c9v\u00e8nements<\/h4><ul><li>Aucun \u00e9v\u00e8nement<\/li><\/ul><\/aside><aside id=\"em_widget-7\" class=\"widget widget_em_widget\"><h4 class=\"widget-title\">\u00c9v\u00e8nements<\/h4><ul><li>Aucun \u00e9v\u00e8nement<\/li><\/ul><\/aside>\t\t\t\t\t<\/div>\n<\/p><\/div>\n<div class=\"builder-text-column builder-text-column-2\" id=\"homepagepage-id-8-column-2\">\n<div class=\"builder-text-content\">\n<p>L&#8217;ASSOCIATION DE PERSONNES RETRAIT\u00c9ES DE LA FAE<\/p>\n<div id=\"main\">\n<div class=\"inside\">\n<div class=\"wrapper\">\n<section id=\"content\">\n<article>\n<p>1. \u00a0<a href=\"http:\/\/www.benevolat.gouv.qc.ca\/\" target=\"_blank\" rel=\"noopener\">Gouvernement du Qu\u00e9bec-Action b\u00e9n\u00e9vole<\/a><\/p>\n<p>2.\u00a0 <a href=\"http:\/\/www.etatcivil.gouv.qc.ca\/fr\/default.html\" target=\"_blank\" rel=\"noopener\">Directeur de l&#8217;\u00c9tat civil du Qu\u00e9bec<\/a><\/p>\n<p>3. \u00a0<a href=\"https:\/\/www.mfa.gouv.qc.ca\/fr\/aines\/Pages\/index.aspx\" target=\"_blank\" rel=\"noopener\">Minist\u00e8re de la Famille (a\u00een\u00e9s) <\/a><\/p>\n<p>4. \u00a0<a href=\"http:\/\/www.passeportsante.net\/fr\/Accueil\/Accueil\/Accueil.aspx\" target=\"_blank\" rel=\"noopener\">Passeport sant\u00e9<\/a><\/p>\n<p>5. \u00a0<a href=\"https:\/\/www.quebec.ca\/gouv\/services-quebec\/programmes-et-services-pour-les-aines\/\" target=\"_blank\" rel=\"noopener\">Programmes et services pour les ain\u00e9s du Qu\u00e9bec<\/a><\/p>\n<p>6. \u00a0<a href=\"https:\/\/voyage.gc.ca\/\">Gouvernement du Canada &#8211; voyage \u00e0 l&#8217;\u00e9tranger<\/a><\/p>\n<p>7. \u00a0<a href=\"https:\/\/www.justice.gouv.qc.ca\/\" target=\"_blank\" rel=\"noopener\">Justice Qu\u00e9bec<\/a><\/p>\n<p>8.\u00a0 <a href=\"https:\/\/www.retraitequebec.gouv.qc.ca\/fr\/Pages\/accueil.aspx\" target=\"_blank\" rel=\"noopener\">Retraite Qu\u00e9bec<\/a><\/p>\n<p>9. \u00a0<a href=\"http:\/\/www.choisirlesgeneriques.ca\/\" target=\"_blank\" rel=\"noopener\">M\u00e9dicaments g\u00e9n\u00e9riques<\/a><\/p>\n<p>10.<a href=\"http:\/\/www.caisseeducation.ca\" target=\"_blank\" rel=\"noopener\">Caisse Desjardins de l&#8217;\u00c9ducation<\/a><\/p>\n<p>11. <a href=\"http:\/\/www.ramq.gouv.qc.ca\/fr\/Pages\/accueil.aspx\" target=\"_blank\" rel=\"noopener\">RAMQ<\/a><\/p>\n<p>12.<a href=\"http:\/\/www.saaq.gouv.qc.ca\/\" target=\"_blank\" rel=\"noopener\">\u00a0SAAQ<\/a><\/p>\n<p>13. <a href=\"https:\/\/www.canada.ca\/fr\/services\/prestations\/pensionspubliques\/rpc\/securite-vieillesse\/paiements.html\" target=\"_blank\" rel=\"noopener\">Gouvernement du Canada : s\u00e9curit\u00e9 de la vieillesse<\/a><\/p>\n<p>14.\u00a0<a href=\"https:\/\/www.revenuquebec.ca\/fr\/citoyens\/votre-situation\/aine\/credits-dimpot-aine\/\" target=\"_blank\" rel=\"noopener\">Revenu Qu\u00e9bec : cr\u00e9dits d&#8217;imp\u00f4t a\u00een\u00e9<\/a><a href=\"http:\/\/www.opc.gouv.qc.ca\/\" target=\"_blank\" rel=\"noopener\"><br \/><\/a><\/p>\n<p>15.<a href=\"http:\/\/www.opc.gouv.qc.ca\/\" target=\"_blank\" rel=\"noopener\"> Office de protection des consommateurs<\/a><\/p>\n<p>16. <a href=\"http:\/\/tel-ecoute.org\/\" target=\"_blank\" rel=\"noopener\">Tel-\u00e9coute ain\u00e9s<\/a><\/p>\n<p>17.\u00a0<a href=\"http:\/\/www.riaq.ca\/\" target=\"_blank\" rel=\"noopener\"><span style=\"color: #0066cc;\">R\u00e9seau d&#8217;information des a\u00een\u00e9s du Qu\u00e9bec<\/span><\/a>\u00a0(RIAQ)<\/p>\n<\/article>\n<\/section>\n<\/div>\n<\/div>\n<\/div><\/div>\n<\/p><\/div>\n<div class=\"builder-text-column builder-text-column-3\" id=\"homepagepage-id-8-column-3\">\n<div class=\"builder-text-content\">\n\t\t\t\t\t\t<aside id=\"search-22\" class=\"widget widget_search\">\n<form role=\"search\" method=\"get\" class=\"search-form\" action=\"https:\/\/www.capri-matique.com\/client\/aprfae5\/\">\n\t<input type=\"search\" class=\"search-field\" id=\"search-field\" placeholder=\"Rechercher&hellip;\" title=\"Tapez sur Entr\u00e9e pour lancer votre recherche\" value=\"\" name=\"s\" aria-label=\"Rechercher\">\n\t<input type=\"submit\" class=\"search-submit\" value=\"Rechercher\" aria-label=\"Rechercher\" role=\"button\">\n<\/form>\n<\/aside><aside id=\"text-84\" class=\"widget widget_text\">\t\t\t<div class=\"textwidget\"><a href=\"https:\/\/capri-matique.com\/client\/aprfae5\/wp-content\/uploads\/2017\/10\/LAPRESFAEvol7No3oct2017.pdf\" target=\"_blank\"><img loading=\"lazy\" decoding=\"async\" class=\"size-medium wp-image-490 aligncenter\" src=\"https:\/\/capri-matique.com\/client\/aprfae5\/wp-content\/uploads\/2016\/09\/logo-aprfae300-300x188.jpg\" alt=\"logo-aprfae300\" width=\"300\" height=\"188\" \/><\/a><\/div>\n\t\t<\/aside>\t\t\t\t\t<\/div>\n<\/p><\/div>\n<\/p><\/div>\n<\/p><\/div>\n<\/section>\n","protected":false},"excerpt":{"rendered":"<p>L&#8217;ASSOCIATION DE PERSONNES RETRAIT\u00c9ES DE LA FAE 1. \u00a0Gouvernement du Qu\u00e9bec-Action b\u00e9n\u00e9vole 2.\u00a0 Directeur de l&#8217;\u00c9tat civil du Qu\u00e9bec 3. \u00a0Minist\u00e8re de la Famille (a\u00een\u00e9s) 4. \u00a0Passeport sant\u00e9 5. \u00a0Programmes et services pour les ain\u00e9s du Qu\u00e9bec 6. \u00a0Gouvernement du Canada &#8211; voyage \u00e0 l&#8217;\u00e9tranger 7. \u00a0Justice Qu\u00e9bec 8.\u00a0 Retraite Qu\u00e9bec 9. \u00a0M\u00e9dicaments g\u00e9n\u00e9riques 10.Caisse &hellip;<\/p>\n","protected":false},"author":2,"featured_media":0,"parent":0,"menu_order":0,"comment_status":"closed","ping_status":"closed","template":"template-builder.php","meta":{"footnotes":""},"class_list":["post-1093","page","type-page","status-publish","hentry"],"yoast_head":"<!-- This site is optimized with the Yoast SEO plugin v17.3 - https:\/\/yoast.com\/wordpress\/plugins\/seo\/ -->\n<title>Liens utiles - Association de personnes retrait\u00e9es de la FAE<\/title>\n<meta name=\"robots\" content=\"noindex, follow, max-snippet:-1, max-image-preview:large, max-video-preview:-1\" \/>\n<meta property=\"og:locale\" content=\"fr_FR\" \/>\n<meta property=\"og:type\" content=\"article\" \/>\n<meta property=\"og:title\" content=\"Liens utiles - Association de personnes retrait\u00e9es de la FAE\" \/>\n<meta property=\"og:description\" content=\"L&#8217;ASSOCIATION DE PERSONNES RETRAIT\u00c9ES DE LA FAE 1. \u00a0Gouvernement du Qu\u00e9bec-Action b\u00e9n\u00e9vole 2.\u00a0 Directeur de l&#8217;\u00c9tat civil du Qu\u00e9bec 3. \u00a0Minist\u00e8re de la Famille (a\u00een\u00e9s) 4. \u00a0Passeport sant\u00e9 5. \u00a0Programmes et services pour les ain\u00e9s du Qu\u00e9bec 6. \u00a0Gouvernement du Canada &#8211; voyage \u00e0 l&#8217;\u00e9tranger 7. \u00a0Justice Qu\u00e9bec 8.\u00a0 Retraite Qu\u00e9bec 9. \u00a0M\u00e9dicaments g\u00e9n\u00e9riques 10.Caisse &hellip;\" \/>\n<meta property=\"og:url\" content=\"https:\/\/www.capri-matique.com\/client\/aprfae5\/liens-utiles\/\" \/>\n<meta property=\"og:site_name\" content=\"Association de personnes retrait\u00e9es de la FAE\" \/>\n<meta property=\"article:modified_time\" content=\"2019-01-30T15:07:46+00:00\" \/>\n<meta name=\"twitter:card\" content=\"summary\" \/>\n<meta name=\"twitter:label1\" content=\"Dur\u00e9e de lecture estim\u00e9e\" \/>\n\t<meta name=\"twitter:data1\" content=\"1 minute\" \/>\n<script type=\"application\/ld+json\" class=\"yoast-schema-graph\">{\"@context\":\"https:\/\/schema.org\",\"@graph\":[{\"@type\":\"WebSite\",\"@id\":\"https:\/\/www.capri-matique.com\/client\/aprfae5\/#website\",\"url\":\"https:\/\/www.capri-matique.com\/client\/aprfae5\/\",\"name\":\"Association de personnes retrait\\u00e9es de la FAE\",\"description\":\"L&#039;association qui nous unit\",\"potentialAction\":[{\"@type\":\"SearchAction\",\"target\":{\"@type\":\"EntryPoint\",\"urlTemplate\":\"https:\/\/www.capri-matique.com\/client\/aprfae5\/?s={search_term_string}\"},\"query-input\":\"required name=search_term_string\"}],\"inLanguage\":\"fr-FR\"},{\"@type\":\"WebPage\",\"@id\":\"https:\/\/www.capri-matique.com\/client\/aprfae5\/liens-utiles\/#webpage\",\"url\":\"https:\/\/www.capri-matique.com\/client\/aprfae5\/liens-utiles\/\",\"name\":\"Liens utiles - Association de personnes retrait\\u00e9es de la FAE\",\"isPartOf\":{\"@id\":\"https:\/\/www.capri-matique.com\/client\/aprfae5\/#website\"},\"datePublished\":\"2016-06-01T20:38:38+00:00\",\"dateModified\":\"2019-01-30T15:07:46+00:00\",\"breadcrumb\":{\"@id\":\"https:\/\/www.capri-matique.com\/client\/aprfae5\/liens-utiles\/#breadcrumb\"},\"inLanguage\":\"fr-FR\",\"potentialAction\":[{\"@type\":\"ReadAction\",\"target\":[\"https:\/\/www.capri-matique.com\/client\/aprfae5\/liens-utiles\/\"]}]},{\"@type\":\"BreadcrumbList\",\"@id\":\"https:\/\/www.capri-matique.com\/client\/aprfae5\/liens-utiles\/#breadcrumb\",\"itemListElement\":[{\"@type\":\"ListItem\",\"position\":1,\"name\":\"Accueil\",\"item\":\"https:\/\/www.capri-matique.com\/client\/aprfae5\/\"},{\"@type\":\"ListItem\",\"position\":2,\"name\":\"Liens utiles\"}]}]}<\/script>\n<!-- \/ Yoast SEO plugin. -->","yoast_head_json":{"title":"Liens utiles - Association de personnes retrait\u00e9es de la FAE","robots":{"index":"noindex","follow":"follow","max-snippet":"max-snippet:-1","max-image-preview":"max-image-preview:large","max-video-preview":"max-video-preview:-1"},"og_locale":"fr_FR","og_type":"article","og_title":"Liens utiles - Association de personnes retrait\u00e9es de la FAE","og_description":"L&#8217;ASSOCIATION DE PERSONNES RETRAIT\u00c9ES DE LA FAE 1. \u00a0Gouvernement du Qu\u00e9bec-Action b\u00e9n\u00e9vole 2.\u00a0 Directeur de l&#8217;\u00c9tat civil du Qu\u00e9bec 3. \u00a0Minist\u00e8re de la Famille (a\u00een\u00e9s) 4. \u00a0Passeport sant\u00e9 5. \u00a0Programmes et services pour les ain\u00e9s du Qu\u00e9bec 6. \u00a0Gouvernement du Canada &#8211; voyage \u00e0 l&#8217;\u00e9tranger 7. \u00a0Justice Qu\u00e9bec 8.\u00a0 Retraite Qu\u00e9bec 9. \u00a0M\u00e9dicaments g\u00e9n\u00e9riques 10.Caisse &hellip;","og_url":"https:\/\/www.capri-matique.com\/client\/aprfae5\/liens-utiles\/","og_site_name":"Association de personnes retrait\u00e9es de la FAE","article_modified_time":"2019-01-30T15:07:46+00:00","twitter_card":"summary","twitter_misc":{"Dur\u00e9e de lecture estim\u00e9e":"1 minute"},"schema":{"@context":"https:\/\/schema.org","@graph":[{"@type":"WebSite","@id":"https:\/\/www.capri-matique.com\/client\/aprfae5\/#website","url":"https:\/\/www.capri-matique.com\/client\/aprfae5\/","name":"Association de personnes retrait\u00e9es de la FAE","description":"L&#039;association qui nous unit","potentialAction":[{"@type":"SearchAction","target":{"@type":"EntryPoint","urlTemplate":"https:\/\/www.capri-matique.com\/client\/aprfae5\/?s={search_term_string}"},"query-input":"required name=search_term_string"}],"inLanguage":"fr-FR"},{"@type":"WebPage","@id":"https:\/\/www.capri-matique.com\/client\/aprfae5\/liens-utiles\/#webpage","url":"https:\/\/www.capri-matique.com\/client\/aprfae5\/liens-utiles\/","name":"Liens utiles - Association de personnes retrait\u00e9es de la FAE","isPartOf":{"@id":"https:\/\/www.capri-matique.com\/client\/aprfae5\/#website"},"datePublished":"2016-06-01T20:38:38+00:00","dateModified":"2019-01-30T15:07:46+00:00","breadcrumb":{"@id":"https:\/\/www.capri-matique.com\/client\/aprfae5\/liens-utiles\/#breadcrumb"},"inLanguage":"fr-FR","potentialAction":[{"@type":"ReadAction","target":["https:\/\/www.capri-matique.com\/client\/aprfae5\/liens-utiles\/"]}]},{"@type":"BreadcrumbList","@id":"https:\/\/www.capri-matique.com\/client\/aprfae5\/liens-utiles\/#breadcrumb","itemListElement":[{"@type":"ListItem","position":1,"name":"Accueil","item":"https:\/\/www.capri-matique.com\/client\/aprfae5\/"},{"@type":"ListItem","position":2,"name":"Liens utiles"}]}]}},"_links":{"self":[{"href":"https:\/\/www.capri-matique.com\/client\/aprfae5\/wp-json\/wp\/v2\/pages\/1093","targetHints":{"allow":["GET"]}}],"collection":[{"href":"https:\/\/www.capri-matique.com\/client\/aprfae5\/wp-json\/wp\/v2\/pages"}],"about":[{"href":"https:\/\/www.capri-matique.com\/client\/aprfae5\/wp-json\/wp\/v2\/types\/page"}],"author":[{"embeddable":true,"href":"https:\/\/www.capri-matique.com\/client\/aprfae5\/wp-json\/wp\/v2\/users\/2"}],"replies":[{"embeddable":true,"href":"https:\/\/www.capri-matique.com\/client\/aprfae5\/wp-json\/wp\/v2\/comments?post=1093"}],"version-history":[{"count":14,"href":"https:\/\/www.capri-matique.com\/client\/aprfae5\/wp-json\/wp\/v2\/pages\/1093\/revisions"}],"predecessor-version":[{"id":3559,"href":"https:\/\/www.capri-matique.com\/client\/aprfae5\/wp-json\/wp\/v2\/pages\/1093\/revisions\/3559"}],"wp:attachment":[{"href":"https:\/\/www.capri-matique.com\/client\/aprfae5\/wp-json\/wp\/v2\/media?parent=1093"}],"curies":[{"name":"wp","href":"https:\/\/api.w.org\/{rel}","templated":true}]}}